{"id":51,"date":"2024-04-15T14:59:46","date_gmt":"2024-04-15T12:59:46","guid":{"rendered":"http:\/\/vettinggreen.eu\/?page_id=51"},"modified":"2024-09-11T12:26:06","modified_gmt":"2024-09-11T10:26:06","slug":"acerca-de-vetting-green","status":"publish","type":"page","link":"http:\/\/vettinggreen.eu\/es\/acerca-de-vetting-green\/","title":{"rendered":"SOBRE VETTING GREEN"},"content":{"rendered":"\n<div class=\"wp-block-group alignfull has-background has-global-padding is-layout-constrained wp-container-core-group-is-layout-669513ed wp-block-group-is-layout-constrained\" style=\"background-color:#cfcabe5c;margin-top:0;margin-bottom:0;padding-top:var(--wp--preset--spacing--50);padding-right:var(--wp--preset--spacing--50);padding-bottom:var(--wp--preset--spacing--50);padding-left:var(--wp--preset--spacing--50)\">\n<div class=\"wp-block-columns alignwide is-layout-flex wp-container-core-columns-is-layout-1da03c2a wp-block-columns-is-layout-flex\">\n<div class=\"wp-block-column is-vertically-aligned-stretch is-layout-flow wp-block-column-is-layout-flow\" style=\"flex-basis:50%\">\n<div class=\"wp-block-group is-vertical is-content-justification-stretch is-layout-flex wp-container-core-group-is-layout-444d5ee8 wp-block-group-is-layout-flex\" style=\"min-height:100%\">\n<p class=\"has-century-gothic-font-family has-large-font-size\" style=\"line-height:1.2\">El proyecto Erasmus+ VETting Green tiene como objetivo combatir el greenwashing en los sectores europeos del calzado y confecci\u00f3n mediante la creaci\u00f3n de cursos de educaci\u00f3n y formaci\u00f3n profesional (FP) de libre acceso en los que se identifiquen las pr\u00e1cticas sostenibles y se expongan las t\u00e1cticas de marketing enga\u00f1osas. Estos cursos involucrar\u00e1n eficazmente a sus aprendices a trav\u00e9s de m\u00e9todos innovadores, por medio de las herramientas digitales y la realidad aumentada. <\/p>\n\n\n\n<p class=\"has-century-gothic-font-family has-large-font-size\" style=\"line-height:1.2\">Las personas consumidoras tambi\u00e9n se beneficiar\u00e1n del proyecto gracias a un cuestionario que les ayudar\u00e1 a identificar las carencias de informaci\u00f3n existente en torno al greenwashing, fomentando as\u00ed su pensamiento cr\u00edtico.<\/p>\n\n\n\n<p><\/p>\n\n\n\n<p><\/p>\n<\/div>\n<\/div>\n\n\n\n<div class=\"wp-block-column is-vertically-aligned-center is-layout-flow wp-block-column-is-layout-flow\" style=\"flex-basis:50%\">\n<figure class=\"wp-block-image alignright size-full\"><img fetchpriority=\"high\" decoding=\"async\" width=\"499\" height=\"500\" src=\"http:\/\/vettinggreen.eu\/wp-content\/uploads\/2024\/06\/logo_vetting-2.png\" alt=\"\" class=\"wp-image-570\"\/><\/figure>\n<\/div>\n<\/div>\n<\/div>\n\n\n\n<div class=\"wp-block-group alignfull has-base-background-color has-background has-global-padding is-layout-constrained wp-container-core-group-is-layout-32a46761 wp-block-group-is-layout-constrained\" style=\"margin-top:0;margin-bottom:0;padding-top:var(--wp--preset--spacing--40);padding-right:var(--wp--preset--spacing--50);padding-bottom:var(--wp--preset--spacing--40);padding-left:var(--wp--preset--spacing--50)\">\n<div class=\"wp-block-columns alignwide is-layout-flex wp-container-core-columns-is-layout-549b0c86 wp-block-columns-is-layout-flex\">\n<div class=\"wp-block-column is-layout-flow wp-block-column-is-layout-flow\">\n<figure class=\"wp-block-image aligncenter size-full is-resized is-style-rounded is-style-rounded--1\"><img decoding=\"async\" width=\"3976\" height=\"2982\" src=\"http:\/\/vettinggreen.eu\/wp-content\/uploads\/2024\/05\/vertedora_vetting.jpg\" alt=\"\" class=\"wp-image-333\" style=\"width:712px;height:auto\"\/><\/figure>\n<\/div>\n<\/div>\n<\/div>\n","protected":false},"excerpt":{"rendered":"<p>El proyecto Erasmus+ VETting Green tiene como objetivo combatir el greenwashing en los sectores europeos del calzado y confecci\u00f3n mediante [&hellip;]<\/p>\n","protected":false},"author":1,"featured_media":0,"parent":0,"menu_order":0,"comment_status":"closed","ping_status":"closed","template":"","meta":{"_monsterinsights_skip_tracking":false,"_monsterinsights_sitenote_active":false,"_monsterinsights_sitenote_note":"","_monsterinsights_sitenote_category":0,"footnotes":""},"class_list":["post-51","page","type-page","status-publish","hentry"],"jetpack_sharing_enabled":true,"_links":{"self":[{"href":"http:\/\/vettinggreen.eu\/es\/wp-json\/wp\/v2\/pages\/51","targetHints":{"allow":["GET"]}}],"collection":[{"href":"http:\/\/vettinggreen.eu\/es\/wp-json\/wp\/v2\/pages"}],"about":[{"href":"http:\/\/vettinggreen.eu\/es\/wp-json\/wp\/v2\/types\/page"}],"author":[{"embeddable":true,"href":"http:\/\/vettinggreen.eu\/es\/wp-json\/wp\/v2\/users\/1"}],"replies":[{"embeddable":true,"href":"http:\/\/vettinggreen.eu\/es\/wp-json\/wp\/v2\/comments?post=51"}],"version-history":[{"count":16,"href":"http:\/\/vettinggreen.eu\/es\/wp-json\/wp\/v2\/pages\/51\/revisions"}],"predecessor-version":[{"id":1152,"href":"http:\/\/vettinggreen.eu\/es\/wp-json\/wp\/v2\/pages\/51\/revisions\/1152"}],"wp:attachment":[{"href":"http:\/\/vettinggreen.eu\/es\/wp-json\/wp\/v2\/media?parent=51"}],"curies":[{"name":"wp","href":"https:\/\/api.w.org\/{rel}","templated":true}]}}