{"id":696,"date":"2024-04-15T14:59:46","date_gmt":"2024-04-15T12:59:46","guid":{"rendered":"http:\/\/vettinggreen.eu\/sobre-o-vetting-green\/"},"modified":"2024-09-09T11:43:50","modified_gmt":"2024-09-09T09:43:50","slug":"sobre-o-vetting-green","status":"publish","type":"page","link":"http:\/\/vettinggreen.eu\/pt-pt\/sobre-o-vetting-green\/","title":{"rendered":"SOBRE O VETTING Green<span class=\"notranslate\"> <\/span>"},"content":{"rendered":"\n<div class=\"wp-block-group alignfull has-background has-global-padding is-layout-constrained wp-container-core-group-is-layout-669513ed wp-block-group-is-layout-constrained\" style=\"background-color:#cfcabe5c;margin-top:0;margin-bottom:0;padding-top:var(--wp--preset--spacing--50);padding-right:var(--wp--preset--spacing--50);padding-bottom:var(--wp--preset--spacing--50);padding-left:var(--wp--preset--spacing--50)\">\n<div class=\"wp-block-columns alignwide is-layout-flex wp-container-core-columns-is-layout-1da03c2a wp-block-columns-is-layout-flex\">\n<div class=\"wp-block-column is-vertically-aligned-stretch is-layout-flow wp-block-column-is-layout-flow\" style=\"flex-basis:50%\">\n<div class=\"wp-block-group is-vertical is-content-justification-stretch is-layout-flex wp-container-core-group-is-layout-444d5ee8 wp-block-group-is-layout-flex\" style=\"min-height:100%\">\n<p class=\"has-century-gothic-font-family has-large-font-size\" style=\"line-height:1.2\">O projeto Erasmus+ VETting Green visa combater o greenwashing nos setores europeus do cal\u00e7ado e vestu\u00e1rio atrav\u00e9s da cria\u00e7\u00e3o de cursos de forma\u00e7\u00e3o profissional (EFP) de acesso aberto que identifiquem pr\u00e1ticas sustent\u00e1veis aut\u00eanticas e identifica estrat\u00e9gias de marketing enganosas. Estes cursos ir\u00e3o envolver eficazmente os formandos atrav\u00e9s de m\u00e9todos inovadores, incluindo ferramentas digitais e realidade aumentada.  <\/p>\n\n\n\n<p class=\"has-century-gothic-font-family has-large-font-size\" style=\"line-height:1.2\">Os consumidores tamb\u00e9m beneficiar\u00e3o do acesso a um question\u00e1rio que os ajudar\u00e1 a identificar a informa\u00e7\u00e3o em falta sobre greenwashing e incentivar\u00e1 o pensamento cr\u00edtico.<\/p>\n\n\n\n<p><\/p>\n\n\n\n<p><\/p>\n<\/div>\n<\/div>\n\n\n\n<div class=\"wp-block-column is-vertically-aligned-center is-layout-flow wp-block-column-is-layout-flow\" style=\"flex-basis:50%\">\n<figure class=\"wp-block-image alignright size-full\"><img fetchpriority=\"high\" decoding=\"async\" width=\"499\" height=\"500\" src=\"http:\/\/vettinggreen.eu\/wp-content\/uploads\/2024\/06\/logo_vetting-2.png\" alt=\"\" class=\"wp-image-570\"\/><\/figure>\n<\/div>\n<\/div>\n<\/div>\n\n<div class=\"wp-block-group alignfull has-base-background-color has-background has-global-padding is-layout-constrained wp-container-core-group-is-layout-32a46761 wp-block-group-is-layout-constrained\" style=\"margin-top:0;margin-bottom:0;padding-top:var(--wp--preset--spacing--40);padding-right:var(--wp--preset--spacing--50);padding-bottom:var(--wp--preset--spacing--40);padding-left:var(--wp--preset--spacing--50)\">\n<div class=\"wp-block-columns alignwide is-layout-flex wp-container-core-columns-is-layout-549b0c86 wp-block-columns-is-layout-flex\">\n<div class=\"wp-block-column is-layout-flow wp-block-column-is-layout-flow\">\n<figure class=\"wp-block-image aligncenter size-full is-resized is-style-rounded is-style-rounded--1\"><img decoding=\"async\" width=\"3976\" height=\"2982\" src=\"http:\/\/vettinggreen.eu\/wp-content\/uploads\/2024\/05\/vertedora_vetting.jpg\" alt=\"\" class=\"wp-image-333\" style=\"width:712px;height:auto\"\/><\/figure>\n<\/div>\n<\/div>\n<\/div>\n","protected":false},"excerpt":{"rendered":"<p>O projeto Erasmus+ VETting Green visa combater o greenwashing nos setores europeus do cal\u00e7ado e vestu\u00e1rio atrav\u00e9s da cria\u00e7\u00e3o de [&hellip;]<\/p>\n","protected":false},"author":1,"featured_media":0,"parent":0,"menu_order":0,"comment_status":"closed","ping_status":"closed","template":"","meta":{"_monsterinsights_skip_tracking":false,"_monsterinsights_sitenote_active":false,"_monsterinsights_sitenote_note":"","_monsterinsights_sitenote_category":0,"footnotes":""},"class_list":["post-696","page","type-page","status-publish","hentry"],"jetpack_sharing_enabled":true,"_links":{"self":[{"href":"http:\/\/vettinggreen.eu\/pt-pt\/wp-json\/wp\/v2\/pages\/696","targetHints":{"allow":["GET"]}}],"collection":[{"href":"http:\/\/vettinggreen.eu\/pt-pt\/wp-json\/wp\/v2\/pages"}],"about":[{"href":"http:\/\/vettinggreen.eu\/pt-pt\/wp-json\/wp\/v2\/types\/page"}],"author":[{"embeddable":true,"href":"http:\/\/vettinggreen.eu\/pt-pt\/wp-json\/wp\/v2\/users\/1"}],"replies":[{"embeddable":true,"href":"http:\/\/vettinggreen.eu\/pt-pt\/wp-json\/wp\/v2\/comments?post=696"}],"version-history":[{"count":1,"href":"http:\/\/vettinggreen.eu\/pt-pt\/wp-json\/wp\/v2\/pages\/696\/revisions"}],"predecessor-version":[{"id":703,"href":"http:\/\/vettinggreen.eu\/pt-pt\/wp-json\/wp\/v2\/pages\/696\/revisions\/703"}],"wp:attachment":[{"href":"http:\/\/vettinggreen.eu\/pt-pt\/wp-json\/wp\/v2\/media?parent=696"}],"curies":[{"name":"wp","href":"https:\/\/api.w.org\/{rel}","templated":true}]}}