{"id":1365,"date":"2024-10-16T10:53:19","date_gmt":"2024-10-16T08:53:19","guid":{"rendered":"https:\/\/vettinggreen.eu\/?page_id=1365"},"modified":"2026-03-25T11:00:11","modified_gmt":"2026-03-25T10:00:11","slug":"articles","status":"publish","type":"page","link":"https:\/\/vettinggreen.eu\/es\/articles\/","title":{"rendered":"Art\u00edculos"},"content":{"rendered":"\n<div class=\"wp-block-columns alignwide is-layout-flex wp-container-core-columns-is-layout-28f84493 wp-block-columns-is-layout-flex\">\n<div class=\"wp-block-column is-layout-flow wp-container-core-column-is-layout-a77db08e wp-block-column-is-layout-flow\">\n<div class=\"wp-block-columns is-layout-flex wp-container-core-columns-is-layout-28f84493 wp-block-columns-is-layout-flex\">\n<div class=\"wp-block-column is-layout-flow wp-block-column-is-layout-flow\" style=\"flex-basis:28.33%\">\n<figure class=\"wp-block-image size-full is-resized has-custom-border animacion-imagen\"><img fetchpriority=\"high\" decoding=\"async\" width=\"1050\" height=\"600\" src=\"https:\/\/vettinggreen.eu\/wp-content\/uploads\/2024\/10\/1-1.png\" alt=\"\" class=\"has-border-color has-accent-5-border-color wp-image-1374\" style=\"border-width:1px;box-shadow:var(--wp--preset--shadow--natural);width:364px;height:auto\" srcset=\"https:\/\/vettinggreen.eu\/wp-content\/uploads\/2024\/10\/1-1.png 1050w, https:\/\/vettinggreen.eu\/wp-content\/uploads\/2024\/10\/1-1-300x171.png 300w, https:\/\/vettinggreen.eu\/wp-content\/uploads\/2024\/10\/1-1-1024x585.png 1024w, https:\/\/vettinggreen.eu\/wp-content\/uploads\/2024\/10\/1-1-768x439.png 768w\" sizes=\"(max-width: 1050px) 100vw, 1050px\" \/><\/figure>\n<\/div>\n\n\n\n<div class=\"wp-block-column is-layout-flow wp-block-column-is-layout-flow\" style=\"flex-basis:66.66%\">\n<div style=\"height:73px\" aria-hidden=\"true\" class=\"wp-block-spacer\"><\/div>\n\n\n\n<p style=\"font-size:clamp(0.984rem, 0.984rem + ((1vw - 0.2rem) * 0.86), 1.5rem);\"><strong><a href=\"https:\/\/vettinggreen.eu\/es\/true-sustainability-a-human-rights-issue\/\" data-type=\"link\" data-id=\"https:\/\/vettinggreen.eu\/es\/true-sustainability-a-human-rights-issue\/\">La verdadera sostenibilidad: Una cuesti\u00f3n de Derechos Humanos<\/a><\/strong><\/p>\n<\/div>\n<\/div>\n<\/div>\n<\/div>\n\n\n\n<div class=\"wp-block-columns alignwide is-layout-flex wp-container-core-columns-is-layout-28f84493 wp-block-columns-is-layout-flex\">\n<div class=\"wp-block-column is-layout-flow wp-container-core-column-is-layout-a77db08e wp-block-column-is-layout-flow\">\n<div class=\"wp-block-columns is-layout-flex wp-container-core-columns-is-layout-28f84493 wp-block-columns-is-layout-flex\">\n<div class=\"wp-block-column is-layout-flow wp-block-column-is-layout-flow\" style=\"flex-basis:28.33%\">\n<figure class=\"wp-block-image size-full is-resized has-custom-border animacion-imagen\"><img decoding=\"async\" width=\"2560\" height=\"1707\" src=\"https:\/\/vettinggreen.eu\/wp-content\/uploads\/2024\/10\/2-scaled.jpg\" alt=\"\" class=\"has-border-color has-accent-5-border-color wp-image-1379\" style=\"border-width:1px;box-shadow:var(--wp--preset--shadow--natural);width:364px;height:auto\" srcset=\"https:\/\/vettinggreen.eu\/wp-content\/uploads\/2024\/10\/2-scaled.jpg 2560w, https:\/\/vettinggreen.eu\/wp-content\/uploads\/2024\/10\/2-300x200.jpg 300w, https:\/\/vettinggreen.eu\/wp-content\/uploads\/2024\/10\/2-1024x683.jpg 1024w, https:\/\/vettinggreen.eu\/wp-content\/uploads\/2024\/10\/2-768x512.jpg 768w, https:\/\/vettinggreen.eu\/wp-content\/uploads\/2024\/10\/2-1536x1024.jpg 1536w, https:\/\/vettinggreen.eu\/wp-content\/uploads\/2024\/10\/2-2048x1365.jpg 2048w\" sizes=\"(max-width: 2560px) 100vw, 2560px\" \/><\/figure>\n<\/div>\n\n\n\n<div class=\"wp-block-column is-layout-flow wp-block-column-is-layout-flow\" style=\"flex-basis:66.66%\">\n<div style=\"height:55px\" aria-hidden=\"true\" class=\"wp-block-spacer\"><\/div>\n\n\n\n<p style=\"font-size:clamp(0.984rem, 0.984rem + ((1vw - 0.2rem) * 0.86), 1.5rem);\"><strong><a href=\"https:\/\/vettinggreen.eu\/es\/el-pasaporte-digital-de-los-productos-fomento-de-la-transparencia-y-la-trazabilidad\/\" data-type=\"link\" data-id=\"https:\/\/vettinggreen.eu\/es\/el-pasaporte-digital-de-los-productos-fomento-de-la-transparencia-y-la-trazabilidad\/\">El pasaporte digital de los productos: fomento de la transparencia y la trazabilidad<\/a><br><\/strong><br><\/p>\n<\/div>\n<\/div>\n<\/div>\n<\/div>\n\n\n\n<div class=\"wp-block-columns alignwide is-layout-flex wp-container-core-columns-is-layout-28f84493 wp-block-columns-is-layout-flex\">\n<div class=\"wp-block-column is-layout-flow wp-container-core-column-is-layout-a77db08e wp-block-column-is-layout-flow\">\n<div class=\"wp-block-columns is-layout-flex wp-container-core-columns-is-layout-28f84493 wp-block-columns-is-layout-flex\">\n<div class=\"wp-block-column is-layout-flow wp-block-column-is-layout-flow\" style=\"flex-basis:28.33%\">\n<figure class=\"wp-block-image size-full is-resized has-custom-border animacion-imagen\"><img decoding=\"async\" width=\"303\" height=\"302\" src=\"https:\/\/vettinggreen.eu\/wp-content\/uploads\/2024\/10\/4-1.jpg\" alt=\"\" class=\"has-border-color has-accent-5-border-color wp-image-1584\" style=\"border-width:1px;box-shadow:var(--wp--preset--shadow--natural);width:364px\" srcset=\"https:\/\/vettinggreen.eu\/wp-content\/uploads\/2024\/10\/4-1.jpg 303w, https:\/\/vettinggreen.eu\/wp-content\/uploads\/2024\/10\/4-1-300x300.jpg 300w, https:\/\/vettinggreen.eu\/wp-content\/uploads\/2024\/10\/4-1-150x150.jpg 150w\" sizes=\"(max-width: 303px) 100vw, 303px\" \/><\/figure>\n<\/div>\n\n\n\n<div class=\"wp-block-column is-layout-flow wp-block-column-is-layout-flow\" style=\"flex-basis:66.66%\">\n<p style=\"font-size:clamp(0.984rem, 0.984rem + ((1vw - 0.2rem) * 0.86), 1.5rem);\"><strong><br><\/strong><\/p>\n\n\n\n<p style=\"font-size:clamp(0.984rem, 0.984rem + ((1vw - 0.2rem) * 0.86), 1.5rem);\"><strong><br><a href=\"https:\/\/vettinggreen.eu\/es\/politicas-sostenibles-que-afectan-a-las-industrias-del-calzado-y-la-confeccion\/\" data-type=\"link\" data-id=\"https:\/\/vettinggreen.eu\/es\/politicas-sostenibles-que-afectan-a-las-industrias-del-calzado-y-la-confeccion\/\">Pol\u00edticas sostenibles que afectan a las industrias del calzado y la confecci\u00f3n<\/a><br><\/strong><\/p>\n<\/div>\n<\/div>\n<\/div>\n<\/div>\n\n\n\n<div class=\"wp-block-columns alignwide is-layout-flex wp-container-core-columns-is-layout-28f84493 wp-block-columns-is-layout-flex\">\n<div class=\"wp-block-column is-layout-flow wp-container-core-column-is-layout-a77db08e wp-block-column-is-layout-flow\">\n<div class=\"wp-block-columns is-layout-flex wp-container-core-columns-is-layout-28f84493 wp-block-columns-is-layout-flex\">\n<div class=\"wp-block-column is-layout-flow wp-block-column-is-layout-flow\" style=\"flex-basis:28.33%\">\n<figure class=\"wp-block-image size-full is-resized has-custom-border animacion-imagen\"><img loading=\"lazy\" decoding=\"async\" width=\"290\" height=\"181\" src=\"https:\/\/vettinggreen.eu\/wp-content\/uploads\/2024\/10\/3-1.jpg\" alt=\"\" class=\"has-border-color has-accent-5-border-color wp-image-1589\" style=\"border-width:1px;box-shadow:var(--wp--preset--shadow--natural);width:364px\"\/><\/figure>\n<\/div>\n\n\n\n<div class=\"wp-block-column is-layout-flow wp-block-column-is-layout-flow\" style=\"flex-basis:66.66%\">\n<div style=\"height:26px\" aria-hidden=\"true\" class=\"wp-block-spacer\"><\/div>\n\n\n\n<p style=\"font-size:clamp(0.984rem, 0.984rem + ((1vw - 0.2rem) * 0.86), 1.5rem);\"><strong><br><a href=\"https:\/\/vettinggreen.eu\/es\/esta-preparada-tu-empresa-para-luchar-contra-el-greenwashing\/\" data-type=\"link\" data-id=\"https:\/\/vettinggreen.eu\/es\/esta-preparada-tu-empresa-para-luchar-contra-el-greenwashing\/\">\u00bfEst\u00e1 preparada tu empresa para luchar contra el greenwashing?<\/a><br><\/strong><br><\/p>\n<\/div>\n<\/div>\n<\/div>\n<\/div>\n\n\n\n<div class=\"wp-block-columns alignwide is-layout-flex wp-container-core-columns-is-layout-28f84493 wp-block-columns-is-layout-flex\">\n<div class=\"wp-block-column is-layout-flow wp-container-core-column-is-layout-a77db08e wp-block-column-is-layout-flow\">\n<div class=\"wp-block-columns is-layout-flex wp-container-core-columns-is-layout-28f84493 wp-block-columns-is-layout-flex\">\n<div class=\"wp-block-column is-layout-flow wp-block-column-is-layout-flow\" style=\"flex-basis:28.33%\">\n<figure class=\"wp-block-image size-full is-resized has-custom-border animacion-imagen\"><img loading=\"lazy\" decoding=\"async\" width=\"2560\" height=\"1707\" src=\"http:\/\/vettinggreen.eu\/wp-content\/uploads\/2025\/03\/Discover-the-VETting-Green-Training-Course-scaled.jpg\" alt=\"\" class=\"has-border-color has-accent-5-border-color wp-image-2842\" style=\"border-width:1px;box-shadow:var(--wp--preset--shadow--natural);width:364px\" srcset=\"https:\/\/vettinggreen.eu\/wp-content\/uploads\/2025\/03\/Discover-the-VETting-Green-Training-Course-scaled.jpg 2560w, https:\/\/vettinggreen.eu\/wp-content\/uploads\/2025\/03\/Discover-the-VETting-Green-Training-Course-300x200.jpg 300w, https:\/\/vettinggreen.eu\/wp-content\/uploads\/2025\/03\/Discover-the-VETting-Green-Training-Course-1024x683.jpg 1024w, https:\/\/vettinggreen.eu\/wp-content\/uploads\/2025\/03\/Discover-the-VETting-Green-Training-Course-768x512.jpg 768w, https:\/\/vettinggreen.eu\/wp-content\/uploads\/2025\/03\/Discover-the-VETting-Green-Training-Course-1536x1024.jpg 1536w, https:\/\/vettinggreen.eu\/wp-content\/uploads\/2025\/03\/Discover-the-VETting-Green-Training-Course-2048x1365.jpg 2048w\" sizes=\"(max-width: 2560px) 100vw, 2560px\" \/><\/figure>\n<\/div>\n\n\n\n<div class=\"wp-block-column is-layout-flow wp-block-column-is-layout-flow\" style=\"flex-basis:66.66%\">\n<p style=\"font-size:clamp(0.984rem, 0.984rem + ((1vw - 0.2rem) * 0.86), 1.5rem);\"><strong><br><br><strong><a href=\"https:\/\/vettinggreen.eu\/es\/descubre-el-curso-de-formacion-verde-vetting-eleva-tus-conocimientos-en-sostenibilidad\/\" data-type=\"link\" data-id=\"https:\/\/vettinggreen.eu\/es\/descubre-el-curso-de-formacion-verde-vetting-eleva-tus-conocimientos-en-sostenibilidad\/\">Descubre el Curso de Formaci\u00f3n Verde VETting: \u00a1Eleva tus Conocimientos en Sostenibilidad!<\/a><\/strong><a href=\"https:\/\/vettinggreen.eu\/es\/descubre-el-curso-de-formacion-verde-vetting-eleva-tus-conocimientos-en-sostenibilidad\/\" data-type=\"link\" data-id=\"https:\/\/vettinggreen.eu\/es\/descubre-el-curso-de-formacion-verde-vetting-eleva-tus-conocimientos-en-sostenibilidad\/\"><strong><br><\/strong><\/a><br><\/strong><br><\/p>\n<\/div>\n<\/div>\n<\/div>\n<\/div>\n\n\n\n<div class=\"wp-block-columns alignwide is-layout-flex wp-container-core-columns-is-layout-28f84493 wp-block-columns-is-layout-flex\">\n<div class=\"wp-block-column is-layout-flow wp-container-core-column-is-layout-a77db08e wp-block-column-is-layout-flow\">\n<div class=\"wp-block-columns is-layout-flex wp-container-core-columns-is-layout-28f84493 wp-block-columns-is-layout-flex\">\n<div class=\"wp-block-column is-layout-flow wp-block-column-is-layout-flow\" style=\"flex-basis:28.33%\">\n<figure class=\"wp-block-image size-full is-resized has-custom-border animacion-imagen\"><img loading=\"lazy\" decoding=\"async\" width=\"2560\" height=\"1707\" src=\"http:\/\/vettinggreen.eu\/wp-content\/uploads\/2025\/03\/Sustainable-approaches-scaled.jpg\" alt=\"\" class=\"has-border-color has-accent-5-border-color wp-image-2832\" style=\"border-width:1px;box-shadow:var(--wp--preset--shadow--natural);width:364px\" srcset=\"https:\/\/vettinggreen.eu\/wp-content\/uploads\/2025\/03\/Sustainable-approaches-scaled.jpg 2560w, https:\/\/vettinggreen.eu\/wp-content\/uploads\/2025\/03\/Sustainable-approaches-300x200.jpg 300w, https:\/\/vettinggreen.eu\/wp-content\/uploads\/2025\/03\/Sustainable-approaches-1024x683.jpg 1024w, https:\/\/vettinggreen.eu\/wp-content\/uploads\/2025\/03\/Sustainable-approaches-768x512.jpg 768w, https:\/\/vettinggreen.eu\/wp-content\/uploads\/2025\/03\/Sustainable-approaches-1536x1024.jpg 1536w, https:\/\/vettinggreen.eu\/wp-content\/uploads\/2025\/03\/Sustainable-approaches-2048x1365.jpg 2048w\" sizes=\"(max-width: 2560px) 100vw, 2560px\" \/><\/figure>\n<\/div>\n\n\n\n<div class=\"wp-block-column is-layout-flow wp-block-column-is-layout-flow\" style=\"flex-basis:66.66%\">\n<p style=\"font-size:clamp(0.984rem, 0.984rem + ((1vw - 0.2rem) * 0.86), 1.5rem);\"><strong><br><br><a href=\"https:\/\/vettinggreen.eu\/es\/enfoques-sostenibles-en-los-sectores-del-calzado-y-del-textil\/\" data-type=\"link\" data-id=\"https:\/\/vettinggreen.eu\/es\/enfoques-sostenibles-en-los-sectores-del-calzado-y-del-textil\/\"><strong>Enfoques sostenibles en los sectores del calzado y del textil<\/strong><\/a><br><\/strong><br><\/p>\n<\/div>\n<\/div>\n<\/div>\n<\/div>\n\n\n\n<div class=\"wp-block-columns alignwide is-layout-flex wp-container-core-columns-is-layout-28f84493 wp-block-columns-is-layout-flex\">\n<div class=\"wp-block-column is-layout-flow wp-container-core-column-is-layout-a77db08e wp-block-column-is-layout-flow\">\n<div class=\"wp-block-columns is-layout-flex wp-container-core-columns-is-layout-28f84493 wp-block-columns-is-layout-flex\">\n<div class=\"wp-block-column is-layout-flow wp-block-column-is-layout-flow\" style=\"flex-basis:28.33%\">\n<figure class=\"wp-block-image size-full is-resized has-custom-border animacion-imagen\"><img loading=\"lazy\" decoding=\"async\" width=\"2560\" height=\"1646\" src=\"http:\/\/vettinggreen.eu\/wp-content\/uploads\/2025\/03\/Greenwashing_-The-origins-scaled.jpg\" alt=\"\" class=\"has-border-color has-accent-5-border-color wp-image-2837\" style=\"border-width:1px;box-shadow:var(--wp--preset--shadow--natural);width:364px\" srcset=\"https:\/\/vettinggreen.eu\/wp-content\/uploads\/2025\/03\/Greenwashing_-The-origins-scaled.jpg 2560w, https:\/\/vettinggreen.eu\/wp-content\/uploads\/2025\/03\/Greenwashing_-The-origins-300x193.jpg 300w, https:\/\/vettinggreen.eu\/wp-content\/uploads\/2025\/03\/Greenwashing_-The-origins-1024x658.jpg 1024w, https:\/\/vettinggreen.eu\/wp-content\/uploads\/2025\/03\/Greenwashing_-The-origins-768x494.jpg 768w, https:\/\/vettinggreen.eu\/wp-content\/uploads\/2025\/03\/Greenwashing_-The-origins-1536x987.jpg 1536w, https:\/\/vettinggreen.eu\/wp-content\/uploads\/2025\/03\/Greenwashing_-The-origins-2048x1317.jpg 2048w\" sizes=\"(max-width: 2560px) 100vw, 2560px\" \/><\/figure>\n<\/div>\n\n\n\n<div class=\"wp-block-column is-layout-flow wp-block-column-is-layout-flow\" style=\"flex-basis:66.66%\">\n<p style=\"font-size:clamp(0.984rem, 0.984rem + ((1vw - 0.2rem) * 0.86), 1.5rem);\"><strong><br><br><a href=\"https:\/\/vettinggreen.eu\/es\/greenwashing-los-origenes-el-impacto-y-como-detectarlo\/\" data-type=\"link\" data-id=\"hhttps:\/\/vettinggreen.eu\/es\/greenwashing-los-origenes-el-impacto-y-como-detectarlo\/\"><strong>Greenwashing: Los or\u00edgenes, el impacto y c\u00f3mo detectarlo<\/strong><\/a><br><\/strong><br><\/p>\n<\/div>\n<\/div>\n<\/div>\n<\/div>\n\n\n\n<div class=\"wp-block-columns alignwide is-layout-flex wp-container-core-columns-is-layout-28f84493 wp-block-columns-is-layout-flex\">\n<div class=\"wp-block-column is-layout-flow wp-container-core-column-is-layout-a77db08e wp-block-column-is-layout-flow\">\n<div class=\"wp-block-columns is-layout-flex wp-container-core-columns-is-layout-28f84493 wp-block-columns-is-layout-flex\">\n<div class=\"wp-block-column is-layout-flow wp-block-column-is-layout-flow\" style=\"flex-basis:28.33%\">\n<figure class=\"wp-block-image size-full is-resized has-custom-border animacion-imagen\"><img loading=\"lazy\" decoding=\"async\" width=\"1748\" height=\"1240\" src=\"http:\/\/vettinggreen.eu\/wp-content\/uploads\/2025\/06\/Empowering-the-Next-Generation.png\" alt=\"\" class=\"has-border-color has-accent-5-border-color wp-image-4194\" style=\"border-width:1px;box-shadow:var(--wp--preset--shadow--natural);width:364px\" srcset=\"https:\/\/vettinggreen.eu\/wp-content\/uploads\/2025\/06\/Empowering-the-Next-Generation.png 1748w, https:\/\/vettinggreen.eu\/wp-content\/uploads\/2025\/06\/Empowering-the-Next-Generation-300x213.png 300w, https:\/\/vettinggreen.eu\/wp-content\/uploads\/2025\/06\/Empowering-the-Next-Generation-1024x726.png 1024w, https:\/\/vettinggreen.eu\/wp-content\/uploads\/2025\/06\/Empowering-the-Next-Generation-768x545.png 768w, https:\/\/vettinggreen.eu\/wp-content\/uploads\/2025\/06\/Empowering-the-Next-Generation-1536x1090.png 1536w\" sizes=\"(max-width: 1748px) 100vw, 1748px\" \/><\/figure>\n<\/div>\n\n\n\n<div class=\"wp-block-column is-layout-flow wp-block-column-is-layout-flow\" style=\"flex-basis:66.66%\">\n<p style=\"font-size:clamp(0.984rem, 0.984rem + ((1vw - 0.2rem) * 0.86), 1.5rem);\"><strong><br><br><a href=\"https:\/\/vettinggreen.eu\/es\/capacitar-a-la-proxima-generacion-como-los-jovenes-pueden-combatir-el-greenwashing-y-promover-el-consumo-etico\/\" data-type=\"link\" data-id=\"https:\/\/vettinggreen.eu\/es\/capacitar-a-la-proxima-generacion-como-los-jovenes-pueden-combatir-el-greenwashing-y-promover-el-consumo-etico\/\"><strong><strong>Capacitar a la pr\u00f3xima generaci\u00f3n: C\u00f3mo los j\u00f3venes pueden combatir el greenwashing y promover el consumo \u00e9tico<\/strong><\/strong><\/a><br><\/strong><br><\/p>\n<\/div>\n<\/div>\n<\/div>\n<\/div>\n\n\n\n<div class=\"wp-block-columns alignwide is-layout-flex wp-container-core-columns-is-layout-28f84493 wp-block-columns-is-layout-flex\">\n<div class=\"wp-block-column is-layout-flow wp-container-core-column-is-layout-a77db08e wp-block-column-is-layout-flow\">\n<div class=\"wp-block-columns is-layout-flex wp-container-core-columns-is-layout-28f84493 wp-block-columns-is-layout-flex\">\n<div class=\"wp-block-column is-layout-flow wp-block-column-is-layout-flow\" style=\"flex-basis:28.33%\">\n<figure class=\"wp-block-image size-full is-resized has-custom-border animacion-imagen\"><img decoding=\"async\" src=\"http:\/\/vettinggreen.eu\/wp-content\/uploads\/2025\/09\/READ_electro-scaled.jpg\" alt=\"\" class=\"has-border-color has-accent-5-border-color wp-image-1584\" style=\"border-width:1px;box-shadow:var(--wp--preset--shadow--natural);width:364px\"\/><\/figure>\n<\/div>\n\n\n\n<div class=\"wp-block-column is-layout-flow wp-block-column-is-layout-flow\" style=\"flex-basis:66.66%\">\n<p style=\"font-size:clamp(0.984rem, 0.984rem + ((1vw - 0.2rem) * 0.86), 1.5rem);\"><strong><br><\/strong><\/p>\n\n\n\n<p style=\"font-size:clamp(0.984rem, 0.984rem + ((1vw - 0.2rem) * 0.86), 1.5rem);\"><strong><br><a href=\"http:\/\/vettinggreen.eu\/wp-content\/uploads\/2025\/09\/2025-08-Como-la-innovacion-en-componentes-esta-impulsando-el-calzado-sostenible.pdf\" data-type=\"link\" data-id=\"http:\/\/vettinggreen.eu\/wp-content\/uploads\/2025\/09\/2025-08-Como-la-innovacion-en-componentes-esta-impulsando-el-calzado-sostenible.pdf\">Como la innovaci\u00f3n en componentes est\u00e1 impulsando el calzado sostenible<\/a><br><\/strong><\/p>\n<\/div>\n<\/div>\n<\/div>\n<\/div>\n\n\n\n<div class=\"wp-block-columns alignwide is-layout-flex wp-container-core-columns-is-layout-28f84493 wp-block-columns-is-layout-flex\">\n<div class=\"wp-block-column is-layout-flow wp-container-core-column-is-layout-a77db08e wp-block-column-is-layout-flow\">\n<div class=\"wp-block-columns is-layout-flex wp-container-core-columns-is-layout-28f84493 wp-block-columns-is-layout-flex\">\n<div class=\"wp-block-column is-layout-flow wp-block-column-is-layout-flow\" style=\"flex-basis:28.33%\">\n<figure class=\"wp-block-image size-full is-resized has-custom-border animacion-imagen\"><img decoding=\"async\" src=\"http:\/\/vettinggreen.eu\/wp-content\/uploads\/2025\/09\/actpac_post_rrss.jpg\" alt=\"\" class=\"has-border-color has-accent-5-border-color wp-image-1584\" style=\"border-width:1px;box-shadow:var(--wp--preset--shadow--natural);width:364px\"\/><\/figure>\n<\/div>\n\n\n\n<div class=\"wp-block-column is-layout-flow wp-block-column-is-layout-flow\" style=\"flex-basis:66.66%\">\n<p style=\"font-size:clamp(0.984rem, 0.984rem + ((1vw - 0.2rem) * 0.86), 1.5rem);\"><strong><br><\/strong><\/p>\n\n\n\n<p style=\"font-size:clamp(0.984rem, 0.984rem + ((1vw - 0.2rem) * 0.86), 1.5rem);\"><strong><br><a href=\"http:\/\/vettinggreen.eu\/wp-content\/uploads\/2025\/09\/2025-07-Consumidores_as-en-confusion_-Quieren-sostenibilidad-pero-son-victimas-de-la-desinformacion-verde.pdf\" data-type=\"link\" data-id=\"http:\/\/vettinggreen.eu\/wp-content\/uploads\/2025\/09\/2025-07-Consumidores_as-en-confusion_-Quieren-sostenibilidad-pero-son-victimas-de-la-desinformacion-verde.pdf\">Consumidores en confusi\u00f3n: Quieren sostenibilidad pero son v\u00edctimas de la desinformaci\u00f3n verde<\/a><br><\/strong><\/p>\n<\/div>\n<\/div>\n<\/div>\n<\/div>\n\n\n\n\n<div class=\"wp-block-columns alignwide is-layout-flex wp-container-core-columns-is-layout-28f84493 wp-block-columns-is-layout-flex\">\n<div class=\"wp-block-column is-layout-flow wp-container-core-column-is-layout-a77db08e wp-block-column-is-layout-flow\">\n<div class=\"wp-block-columns is-layout-flex wp-container-core-columns-is-layout-28f84493 wp-block-columns-is-layout-flex\">\n<div class=\"wp-block-column is-layout-flow wp-block-column-is-layout-flow\" style=\"flex-basis:28.33%\">\n<figure class=\"wp-block-image size-full is-resized has-custom-border animacion-imagen\"><img decoding=\"async\" src=\"http:\/\/vettinggreen.eu\/wp-content\/uploads\/2026\/01\/Imagen-know-how-VETTING.png\" alt=\"\" class=\"has-border-color has-accent-5-border-color wp-image-1584\" style=\"border-width:1px;box-shadow:var(--wp--preset--shadow--natural);width:364px\"\/><\/figure>\n<\/div>\n\n\n\n<div class=\"wp-block-column is-layout-flow wp-block-column-is-layout-flow\" style=\"flex-basis:66.66%\">\n<p style=\"font-size:clamp(0.984rem, 0.984rem + ((1vw - 0.2rem) * 0.86), 1.5rem);\"><strong><br><\/strong><\/p>\n\n\n\n<p style=\"font-size:clamp(0.984rem, 0.984rem + ((1vw - 0.2rem) * 0.86), 1.5rem);\"><strong><br><a href=\"http:\/\/vettinggreen.eu\/wp-content\/uploads\/2026\/01\/2026-01-SP.pdf\" data-type=\"link\" data-id=\"http:\/\/vettinggreen.eu\/wp-content\/uploads\/2026\/01\/2026-01-SP.pdf.pdf\">DE SABER A SABER HACER: CUANDO LA SOSTENIBILIDAD SE CONVIERTE EN UNA COMPETENCIA<\/a><br><\/strong><\/p>\n<\/div>\n<\/div>\n<\/div>\n<\/div>\n\n\n\n\n<div class=\"wp-block-columns alignwide is-layout-flex wp-container-core-columns-is-layout-28f84493 wp-block-columns-is-layout-flex\">\n<div class=\"wp-block-column is-layout-flow wp-container-core-column-is-layout-a77db08e wp-block-column-is-layout-flow\">\n<div class=\"wp-block-columns is-layout-flex wp-container-core-columns-is-layout-28f84493 wp-block-columns-is-layout-flex\">\n<div class=\"wp-block-column is-layout-flow wp-block-column-is-layout-flow\" style=\"flex-basis:28.33%\">\n<figure class=\"wp-block-image size-full is-resized has-custom-border animacion-imagen\"><img decoding=\"async\" src=\"http:\/\/vettinggreen.eu\/wp-content\/uploads\/2026\/03\/Coaches-guide.jpg\" alt=\"\" class=\"has-border-color has-accent-5-border-color wp-image-1584\" style=\"border-width:1px;box-shadow:var(--wp--preset--shadow--natural);width:364px\"\/><\/figure>\n<\/div>\n\n\n\n<div class=\"wp-block-column is-layout-flow wp-block-column-is-layout-flow\" style=\"flex-basis:66.66%\">\n<p style=\"font-size:clamp(0.984rem, 0.984rem + ((1vw - 0.2rem) * 0.86), 1.5rem);\"><strong><br><\/strong><\/p>\n\n\n\n<p style=\"font-size:clamp(0.984rem, 0.984rem + ((1vw - 0.2rem) * 0.86), 1.5rem);\"><strong><br><a href=\"http:\/\/vettinggreen.eu\/wp-content\/uploads\/2026\/03\/2026-03-SP-Coaches-Guide.pdf\" data-type=\"link\" data-id=\"http:\/\/vettinggreen.eu\/wp-content\/uploads\/2026\/01\/2026-01-SP.pdf.pdf\">Nuevo recurso disponible: Gu\u00eda para coaches de VETting Green<\/a><br><\/strong><\/p>\n<\/div>\n<\/div>\n<\/div>\n<\/div>\n\n\n\n\n<div class=\"wp-block-columns alignwide is-layout-flex wp-container-core-columns-is-layout-28f84493 wp-block-columns-is-layout-flex\">\n<div class=\"wp-block-column is-layout-flow wp-container-core-column-is-layout-a77db08e wp-block-column-is-layout-flow\">\n<div class=\"wp-block-columns is-layout-flex wp-container-core-columns-is-layout-28f84493 wp-block-columns-is-layout-flex\">\n<div class=\"wp-block-column is-layout-flow wp-block-column-is-layout-flow\" style=\"flex-basis:28.33%\">\n<figure class=\"wp-block-image size-full is-resized has-custom-border animacion-imagen\"><img decoding=\"async\" src=\"http:\/\/vettinggreen.eu\/wp-content\/uploads\/2026\/03\/Metaskills-18.png\" alt=\"\" class=\"has-border-color has-accent-5-border-color wp-image-1584\" style=\"border-width:1px;box-shadow:var(--wp--preset--shadow--natural);width:364px\"\/><\/figure>\n<\/div>\n\n\n\n<div class=\"wp-block-column is-layout-flow wp-block-column-is-layout-flow\" style=\"flex-basis:66.66%\">\n<p style=\"font-size:clamp(0.984rem, 0.984rem + ((1vw - 0.2rem) * 0.86), 1.5rem);\"><strong><br><\/strong><\/p>\n\n\n\n<p style=\"font-size:clamp(0.984rem, 0.984rem + ((1vw - 0.2rem) * 0.86), 1.5rem);\"><strong><br><a href=\"http:\/\/vettinggreen.eu\/wp-content\/uploads\/2026\/03\/2026-03-Emerging-skills-for-Circular.pdf\" data-type=\"link\" data-id=\"http:\/\/vettinggreen.eu\/wp-content\/uploads\/2026\/03\/2026-03-Emerging-skills-for-Circular.pdf\">Emerging skills for Circular Sustainable BioEconomy in the Footwear and Apparel Industry <\/a><br><\/strong><\/p>\n<\/div>\n<\/div>\n<\/div>\n<\/div>\n","protected":false},"excerpt":{"rendered":"<p>La verdadera sostenibilidad: Una cuesti\u00f3n de Derechos Humanos El pasaporte digital de los productos: fomento de la transparencia y la [&hellip;]<\/p>\n","protected":false},"author":1,"featured_media":0,"parent":0,"menu_order":0,"comment_status":"closed","ping_status":"closed","template":"","meta":{"_monsterinsights_skip_tracking":false,"_monsterinsights_sitenote_active":false,"_monsterinsights_sitenote_note":"","_monsterinsights_sitenote_category":0,"footnotes":""},"class_list":["post-1365","page","type-page","status-publish","hentry"],"jetpack_sharing_enabled":true,"_links":{"self":[{"href":"https:\/\/vettinggreen.eu\/es\/wp-json\/wp\/v2\/pages\/1365","targetHints":{"allow":["GET"]}}],"collection":[{"href":"https:\/\/vettinggreen.eu\/es\/wp-json\/wp\/v2\/pages"}],"about":[{"href":"https:\/\/vettinggreen.eu\/es\/wp-json\/wp\/v2\/types\/page"}],"author":[{"embeddable":true,"href":"https:\/\/vettinggreen.eu\/es\/wp-json\/wp\/v2\/users\/1"}],"replies":[{"embeddable":true,"href":"https:\/\/vettinggreen.eu\/es\/wp-json\/wp\/v2\/comments?post=1365"}],"version-history":[{"count":28,"href":"https:\/\/vettinggreen.eu\/es\/wp-json\/wp\/v2\/pages\/1365\/revisions"}],"predecessor-version":[{"id":7252,"href":"https:\/\/vettinggreen.eu\/es\/wp-json\/wp\/v2\/pages\/1365\/revisions\/7252"}],"wp:attachment":[{"href":"https:\/\/vettinggreen.eu\/es\/wp-json\/wp\/v2\/media?parent=1365"}],"curies":[{"name":"wp","href":"https:\/\/api.w.org\/{rel}","templated":true}]}}