{"id":149,"date":"2024-04-17T11:09:15","date_gmt":"2024-04-17T09:09:15","guid":{"rendered":"http:\/\/vettinggreen.eu\/?page_id=149"},"modified":"2026-03-27T10:20:33","modified_gmt":"2026-03-27T09:20:33","slug":"eventos","status":"publish","type":"page","link":"https:\/\/vettinggreen.eu\/es\/eventos\/","title":{"rendered":"PUBLICACIONES"},"content":{"rendered":"\n<div class=\"wp-block-group alignfull has-global-padding is-layout-constrained wp-container-core-group-is-layout-b25ccd55 wp-block-group-is-layout-constrained\" style=\"margin-top:0;margin-bottom:0;padding-top:var(--wp--preset--spacing--50);padding-right:var(--wp--preset--spacing--50);padding-bottom:var(--wp--preset--spacing--50);padding-left:var(--wp--preset--spacing--50)\">\n<div class=\"wp-block-columns alignwide is-layout-flex wp-container-core-columns-is-layout-ff4b9c61 wp-block-columns-is-layout-flex\" style=\"margin-top:0;margin-bottom:0\">\n<div class=\"wp-block-column is-vertically-aligned-top is-layout-flow wp-container-core-column-is-layout-8a368f38 wp-block-column-is-layout-flow\">\n<div style=\"height:var(--wp--preset--spacing--50)\" aria-hidden=\"true\" class=\"wp-block-spacer\"><\/div>\n\n\n\n<figure class=\"wp-block-image size-full is-style-rounded is-style-rounded--1\"><img fetchpriority=\"high\" decoding=\"async\" width=\"4032\" height=\"3024\" src=\"http:\/\/vettinggreen.eu\/wp-content\/uploads\/2024\/05\/foto_ctcr_vetting.jpg\" alt=\"\" class=\"wp-image-293\" style=\"aspect-ratio:4\/3;object-fit:cover\"\/><figcaption class=\"wp-element-caption\"><br><strong><a href=\"http:\/\/vettinggreen.eu\/wp-content\/uploads\/2025\/03\/2024-03-26-SP-VETting-Green-kick-off-meeting-press-release.pdf\">Primera reuni\u00f3n en Arnedo y Logro\u00f1o (Espa\u00f1a)<\/a><\/strong><br>La primera reuni\u00f3n presencial del proyecto se celebr\u00f3 los d\u00edas 6 y 7 de febrero de 2024 en las instalaciones del CTCR (coordinador) en Arnedo, y de la FER en Logro\u00f1o. Entidades participantes: CTCP (Portugal), CEC (B\u00e9lgica), Politecnico Calzaturiero (Italia), EKPIZO (Grecia) y Neo Sapiens (Espa\u00f1a). El objetivo de la reuni\u00f3n era revisar los avances del proyecto y debatir las pr\u00f3ximas actividades a realizar. Debido a los pocos meses de duraci\u00f3n de esta acci\u00f3n innovadora y a su car\u00e1cter educativo, sirvi\u00f3 para definir los aspectos administrativos, los contenidos y los grupos destinatarios con los que se llevar\u00e1n a cabo las actividades de formaci\u00f3n durante el proyecto.<\/figcaption><\/figure>\n\n\n\n<figure class=\"wp-block-image size-full is-resized has-custom-border is-style-rounded is-style-rounded--2\"><img decoding=\"async\" width=\"2560\" height=\"1820\" src=\"http:\/\/vettinggreen.eu\/wp-content\/uploads\/2025\/03\/VETGR_2_M3_Pic_grupo-scaled.jpg\" alt=\"\" class=\"wp-image-2999\" style=\"border-style:none;border-width:0px;border-radius:24px;width:383px;height:auto\" srcset=\"https:\/\/vettinggreen.eu\/wp-content\/uploads\/2025\/03\/VETGR_2_M3_Pic_grupo-scaled.jpg 2560w, https:\/\/vettinggreen.eu\/wp-content\/uploads\/2025\/03\/VETGR_2_M3_Pic_grupo-300x213.jpg 300w, https:\/\/vettinggreen.eu\/wp-content\/uploads\/2025\/03\/VETGR_2_M3_Pic_grupo-1024x728.jpg 1024w, https:\/\/vettinggreen.eu\/wp-content\/uploads\/2025\/03\/VETGR_2_M3_Pic_grupo-768x546.jpg 768w, https:\/\/vettinggreen.eu\/wp-content\/uploads\/2025\/03\/VETGR_2_M3_Pic_grupo-1536x1092.jpg 1536w, https:\/\/vettinggreen.eu\/wp-content\/uploads\/2025\/03\/VETGR_2_M3_Pic_grupo-2048x1456.jpg 2048w\" sizes=\"(max-width: 2560px) 100vw, 2560px\" \/><figcaption class=\"wp-element-caption\"><br><a href=\"http:\/\/vettinggreen.eu\/wp-content\/uploads\/2025\/03\/2025-01-28-SP-VETting-Green-training-Padua.pdf\"><strong>3\u00aa Reuni\u00f3n en Padua, V\u00e9neto (Italia)<\/strong><\/a><br>VETting Green: Formaci\u00f3n a tutores para la toma de decisiones sostenibles en calzado y confecci\u00f3n. Del 21 al 23 de enero de 2025, el consorcio del proyecto Erasmus+ VETting Green se reuni\u00f3 en Padua (Italia). Las entidades socias, entre las que se encuentran productores de calzado, proveedores de formaci\u00f3n profesional y representantes de consumidores de B\u00e9lgica, Grecia, Italia, Portugal y Espa\u00f1a, est\u00e1n ultimando un conjunto de materiales y herramientas para que consumidores y empresas en los sectores del calzado y la confecci\u00f3n puedan identificar y evitar declaraciones falsas relacionadas con el greenwashing.<\/figcaption><\/figure>\n\n\n\n<div style=\"height:var(--wp--preset--spacing--50)\" aria-hidden=\"true\" class=\"wp-block-spacer\"><\/div>\n\n\n\n<figure class=\"wp-block-image size-full is-resized has-custom-border is-style-rounded is-style-rounded--3\"><img decoding=\"async\" src=\"http:\/\/vettinggreen.eu\/wp-content\/uploads\/2025\/11\/Group-photo-Brussels.jpeg\" alt=\"\" class=\"wp-image-2999\" style=\"border-style:none;border-width:0px;border-radius:24px;width:383px;height:auto\"\/><figcaption class=\"wp-element-caption\"><br>\n        <a href=\"http:\/\/vettinggreen.eu\/wp-content\/uploads\/2025\/11\/2025-10-21-SP-VETting-Green-Brussels-press-release.pdf\">\n            <strong>El proyecto Erasmus+ VETting Green lanza un informe de pol\u00edticas y un curso de formaci\u00f3n sobre el greenwashing<\/strong>\n        <\/a><br>\n        El greenwashing sigue siendo un gran desaf\u00edo en las industrias de la confecci\u00f3n y el calzado actuales, dejando a los\/las consumidores con dudas y vacilaciones sobre qu\u00e9 creer, y a las empresas del sector TCLF (Textil, confecci\u00f3n, cuero y calzado) frustradas por declaraciones ecol\u00f3gicas poco creibles. El proyecto VETting Green, financiado por la UE, est\u00e1 dando un paso adelante para abordar este problema de frente. Del 22 al 23 de octubre, los socios \u2014entre los que se incluyen productores de calzado, proveedores de formaci\u00f3n profesional y representantes de consumidores de Espa\u00f1a, B\u00e9lgica, Portugal, Italia y Grecia\u2014 se reunieron en Bruselas. Su objetivo com\u00fan: dotar al sector de los conocimientos y herramientas necesarios para reconocer y prevenir el greenwashing, al tiempo que apoyan el impulso m\u00e1s amplio de la UE hacia una transici\u00f3n verde sostenible. Con este fin, el consorcio del proyecto ha desarrollado un Informe de Pol\u00edticas y un Curso de Formaci\u00f3n Online.\n    <\/figcaption><\/figure>\n\n\n<\/div>\n\n\n\n<div class=\"wp-block-column is-layout-flow wp-container-core-column-is-layout-8a368f38 wp-block-column-is-layout-flow\">\n<figure class=\"wp-block-image size-full is-resized has-custom-border is-style-rounded is-style-rounded--5\"><img decoding=\"async\" width=\"2560\" height=\"1707\" src=\"https:\/\/vettinggreen.eu\/wp-content\/uploads\/2024\/09\/reunion_portugal-3-scaled.jpg\" alt=\"\" class=\"wp-image-1191\" style=\"border-style:none;border-width:0px;border-radius:24px;width:383px;height:auto\" srcset=\"https:\/\/vettinggreen.eu\/wp-content\/uploads\/2024\/09\/reunion_portugal-3-scaled.jpg 2560w, https:\/\/vettinggreen.eu\/wp-content\/uploads\/2024\/09\/reunion_portugal-3-300x200.jpg 300w, https:\/\/vettinggreen.eu\/wp-content\/uploads\/2024\/09\/reunion_portugal-3-1024x683.jpg 1024w, https:\/\/vettinggreen.eu\/wp-content\/uploads\/2024\/09\/reunion_portugal-3-768x512.jpg 768w, https:\/\/vettinggreen.eu\/wp-content\/uploads\/2024\/09\/reunion_portugal-3-1536x1024.jpg 1536w, https:\/\/vettinggreen.eu\/wp-content\/uploads\/2024\/09\/reunion_portugal-3-2048x1365.jpg 2048w\" sizes=\"(max-width: 2560px) 100vw, 2560px\" \/><figcaption class=\"wp-element-caption\"><br><strong><a href=\"http:\/\/vettinggreen.eu\/wp-content\/uploads\/2025\/03\/2024-06-21-SP-VETting-Green-TPM-Porto_Final.pdf\">Segunda reuni\u00f3n en S\u00e3o Jo\u00e3o da Madeira y Porto (Portugal)<\/a><\/strong> <br>La segunda reuni\u00f3n presencial del proyecto se celebr\u00f3 los d\u00edas 5 y 6 de junio de 2024 en las instalaciones del CTCP en S\u00e3o Jo\u00e3o da Madeira y de APICCAPS en Oporto. El objetivo de la reuni\u00f3n fue revisar los avances del proyecto y discutir las pr\u00f3ximas actividades a realizar. Se debati\u00f3 la informaci\u00f3n obtenida y los documentos elaborados hasta el momento y se definieron los aspectos m\u00e1s importantes de la plataforma de formaci\u00f3n.<\/figcaption><\/figure>\n\n\n\n<div style=\"height:var(--wp--preset--spacing--50)\" aria-hidden=\"true\" class=\"wp-block-spacer\"><\/div>\n\n\n\n<figure class=\"wp-block-image alignleft size-full is-resized is-style-rounded is-style-rounded--6\"><img loading=\"lazy\" decoding=\"async\" width=\"596\" height=\"395\" src=\"http:\/\/vettinggreen.eu\/wp-content\/uploads\/2025\/04\/newsletter2.png\" alt=\"\" class=\"wp-image-3364\" style=\"object-fit:cover;width:426px;height:200px\" srcset=\"https:\/\/vettinggreen.eu\/wp-content\/uploads\/2025\/04\/newsletter2.png 596w, https:\/\/vettinggreen.eu\/wp-content\/uploads\/2025\/04\/newsletter2-300x199.png 300w\" sizes=\"(max-width: 596px) 100vw, 596px\" \/><figcaption class=\"wp-element-caption\"><br><strong>BOLET\u00cdN INFORMATIVO 2: <a href=\"http:\/\/vettinggreen.eu\/wp-content\/uploads\/2025\/04\/ES-VETting-Green-Newsletter-2-April-2025-.pdf\" data-type=\"attachment\" data-id=\"1711\">DESCUBRE EL CURSO DE FORMACI\u00d3N VETTING GREEN: AUMENTA TUS CONOCIMIENTOS SOBRE SOSTENIBILIDAD<\/a><\/strong><br>El segundo n\u00famero de la newsletter de VETting Green se centra en el curso de formaci\u00f3n VETting Green, que pronto estar\u00e1 disponible gratuitamente en el sitio web del proyecto.<br>Tambi\u00e9n se destacan enfoques sostenibles en los sectores del calzado y el textil, as\u00ed como los or\u00edgenes y el impacto del greenwashing.<\/figcaption><\/figure>\n\n\n\n<div style=\"height:var(--wp--preset--spacing--50)\" aria-hidden=\"true\" class=\"wp-block-spacer\"><\/div>\n\n\n\n<figure class=\"wp-block-image size-full is-resized is-style-rounded is-style-rounded--7\"><img decoding=\"async\" src=\"http:\/\/vettinggreen.eu\/wp-content\/uploads\/2026\/03\/branding-sustentavel-35.jpg\" alt=\"\" class=\"wp-image-9999\" style=\"object-fit:cover;width:426px;height:200px\"\/><figcaption class=\"wp-element-caption\"><br> <strong><strong>BOLET\u00cdN INFORMATIVO<\/strong> 4:\u00a0<a href=\"http:\/\/vettinggreen.eu\/wp-content\/uploads\/2026\/03\/SP-VETting-Green-Newsletter-4-March-2026.pdf\">Difundiendo el impacto: aspectos destacados de los Multiplier Events de VETting Green<\/a><\/strong><br> A medida que el proyecto VETting Green se acerca a su conclusi\u00f3n, este bolet\u00edn final destaca los principales logros y actividades que han configurado su impacto en el sector europeo del calzado. Durante los \u00faltimos meses, los socios han desarrollado herramientas y recursos pr\u00e1cticos para apoyar la transici\u00f3n hacia pr\u00e1cticas m\u00e1s sostenibles y transparentes. Desde abordar el greenwashing hasta reforzar las competencias en sostenibilidad, VETting Green ha contribuido a dotar a las empresas \u2014 especialmente pymes, proveedores de VET, estudiantes y consumidores \u2014 del conocimiento y la orientaci\u00f3n necesarios para identificar y evitar afirmaciones medioambientales enga\u00f1osas.<\/figcaption><\/figure>\n\n\n<\/div>\n\n\n\n<div class=\"wp-block-column is-layout-flow wp-container-core-column-is-layout-8a368f38 wp-block-column-is-layout-flow\">\n<div style=\"height:var(--wp--preset--spacing--50)\" aria-hidden=\"true\" class=\"wp-block-spacer\"><\/div>\n\n\n\n<figure class=\"wp-block-image alignleft size-full is-resized is-style-rounded is-style-rounded--9\"><img loading=\"lazy\" decoding=\"async\" width=\"442\" height=\"187\" src=\"https:\/\/vettinggreen.eu\/wp-content\/uploads\/2024\/10\/publicacion.png\" alt=\"\" class=\"wp-image-1657\" style=\"object-fit:cover;width:426px;height:200px\" srcset=\"https:\/\/vettinggreen.eu\/wp-content\/uploads\/2024\/10\/publicacion.png 442w, https:\/\/vettinggreen.eu\/wp-content\/uploads\/2024\/10\/publicacion-300x127.png 300w\" sizes=\"(max-width: 442px) 100vw, 442px\" \/><figcaption class=\"wp-element-caption\"><br><strong>BOLET\u00cdN INFORMATIVO 1: <a href=\"https:\/\/vettinggreen.eu\/wp-content\/uploads\/2024\/10\/ES-VETting-Green-Newsletter-1-Corregida.pdf\" data-type=\"attachment\" data-id=\"1711\">DESCUBRE EL CURSO DE FORMACI\u00d3N VETTING GREEN: AUMENTA TUS CONOCIMIENTOS SOBRE SOSTENIBILIDAD<\/a><\/strong><br>El primer n\u00famero de la newsletter de VETting Green se centra en las pol\u00edticas de sostenibilidad que afectan a las industrias del calzado y la confecci\u00f3n, los resultados de nuestra encuesta sobre la preparaci\u00f3n de las empresas para la nueva legislaci\u00f3n, el pasaporte digital de producto y la sostenibilidad como cuesti\u00f3n de derechos humanos.<\/figcaption><\/figure>\n\n\n\n<div style=\"height:var(--wp--preset--spacing--50)\" aria-hidden=\"true\" class=\"wp-block-spacer\"><\/div>\n\n\n\n<figure class=\"wp-block-image size-full is-style-rounded is-style-rounded--10\"><img decoding=\"async\" src=\"http:\/\/vettinggreen.eu\/wp-content\/uploads\/2025\/09\/newsletter3.png\" alt=\"\" class=\"wp-image-3365\" style=\"object-fit:cover\"\/><figcaption class=\"wp-element-caption\"><br> <strong>BOLET\u00cdN INFORMATIVO 3: <a href=\"http:\/\/vettinggreen.eu\/wp-content\/uploads\/2025\/09\/ES-VETting-Green-Newsletter-3-September-2025-1.pdf\" data-type=\"attachment\" data-id=\"1712\">Consumidores\/as en confusi\u00f3n: Quieren sostenibilidad pero son v\u00edctimas de la desinformaci\u00f3n \u201cverde\u201d<\/a><\/strong><br> El tercer n\u00famero del bolet\u00edn VETting Green se centra en los\/las consumidores que son v\u00edctimas de la desinformaci\u00f3n \u00abecol\u00f3gica\u00bb; en empoderar a la pr\u00f3xima generaci\u00f3n para promover el consumo \u00e9tico y en la innovaci\u00f3n de componentes en el calzado.<\/figcaption><\/figure>\n\n\n\n<div style=\"height:var(--wp--preset--spacing--50)\" aria-hidden=\"true\" class=\"wp-block-spacer\"><\/div>\n\n\n\n<figure class=\"wp-block-image size-full is-resized is-style-rounded is-style-rounded--11\"><img decoding=\"async\" src=\"http:\/\/vettinggreen.eu\/wp-content\/uploads\/2026\/03\/VETting-Green-multiplier-event-in-Portugal-scaled.jpg\" alt=\"\" class=\"wp-image-9998\" style=\"object-fit:cover;width:426px;height:200px\"\/><figcaption class=\"wp-element-caption\"><br> <strong><a href=\"http:\/\/vettinggreen.eu\/wp-content\/uploads\/2026\/03\/2026-03-SP-Press-Release-5.pdf\">El proyecto VETting Green impulsa a la industria y a consumidores para reconocer afirmaciones ecol\u00f3gicas enga\u00f1osas <\/a><\/strong><br> IEn marzo de 2026, tras m\u00e1s de dos a\u00f1os de trabajo sensibilizando sobre el greenwashing en los sectores del calzado y la confecci\u00f3n, el proyecto Erasmus+ VETting Green pondr\u00e1 fin a su iniciativa. El proyecto reuni\u00f3 a empresas, educadores y formaci\u00f3n profesional (EFP), centros tecnol\u00f3gicos del calzado y representantes de consumidores de Espa\u00f1a, B\u00e9lgica, Portugal, Italia y Grecia.<\/figcaption><\/figure>\n<\/div>\n<\/div>\n<\/div>\n","protected":false},"excerpt":{"rendered":"","protected":false},"author":1,"featured_media":0,"parent":0,"menu_order":0,"comment_status":"closed","ping_status":"closed","template":"","meta":{"_monsterinsights_skip_tracking":false,"_monsterinsights_sitenote_active":false,"_monsterinsights_sitenote_note":"","_monsterinsights_sitenote_category":0,"footnotes":""},"class_list":["post-149","page","type-page","status-publish","hentry"],"jetpack_sharing_enabled":true,"_links":{"self":[{"href":"https:\/\/vettinggreen.eu\/es\/wp-json\/wp\/v2\/pages\/149","targetHints":{"allow":["GET"]}}],"collection":[{"href":"https:\/\/vettinggreen.eu\/es\/wp-json\/wp\/v2\/pages"}],"about":[{"href":"https:\/\/vettinggreen.eu\/es\/wp-json\/wp\/v2\/types\/page"}],"author":[{"embeddable":true,"href":"https:\/\/vettinggreen.eu\/es\/wp-json\/wp\/v2\/users\/1"}],"replies":[{"embeddable":true,"href":"https:\/\/vettinggreen.eu\/es\/wp-json\/wp\/v2\/comments?post=149"}],"version-history":[{"count":46,"href":"https:\/\/vettinggreen.eu\/es\/wp-json\/wp\/v2\/pages\/149\/revisions"}],"predecessor-version":[{"id":7367,"href":"https:\/\/vettinggreen.eu\/es\/wp-json\/wp\/v2\/pages\/149\/revisions\/7367"}],"wp:attachment":[{"href":"https:\/\/vettinggreen.eu\/es\/wp-json\/wp\/v2\/media?parent=149"}],"curies":[{"name":"wp","href":"https:\/\/api.w.org\/{rel}","templated":true}]}}