{"id":159,"date":"2024-04-17T11:35:34","date_gmt":"2024-04-17T09:35:34","guid":{"rendered":"http:\/\/vettinggreen.eu\/?page_id=159"},"modified":"2024-09-11T15:39:20","modified_gmt":"2024-09-11T13:39:20","slug":"sobre-erasmus","status":"publish","type":"page","link":"https:\/\/vettinggreen.eu\/es\/sobre-erasmus\/","title":{"rendered":"Sobre Erasmus +"},"content":{"rendered":"\n<p><\/p>\n\n\n\n<figure class=\"wp-block-image size-full is-style-rounded is-style-rounded--1\"><img fetchpriority=\"high\" decoding=\"async\" width=\"960\" height=\"640\" src=\"http:\/\/vettinggreen.eu\/wp-content\/uploads\/2024\/04\/flag-2608475_960_720.jpg\" alt=\"\" class=\"wp-image-160\"\/><\/figure>\n\n\n\n<div style=\"height:34px\" aria-hidden=\"true\" class=\"wp-block-spacer\"><\/div>\n\n\n\n<pre id=\"tw-target-text\" class=\"wp-block-preformatted has-century-gothic-font-family has-medium-font-size\">Erasmus+ es el programa de la UE de apoyo a la educaci\u00f3n, la formaci\u00f3n, la movilidad y el deporte en Europa en los \u00e1mbitos de la juventud, la educaci\u00f3n escolar, la educaci\u00f3n superior (ES), la educaci\u00f3n y formaci\u00f3n profesionales (FP) y la educaci\u00f3n de adultos. En particular, el actual programa Erasmus+ se centra en la inclusi\u00f3n social, las transiciones ecol\u00f3gicas y digitales, y el fomento de la participaci\u00f3n de la juventud en la vida democr\u00e1tica de la UE.<br><br>Su organizaci\u00f3n se estructura en diferentes acciones:<br><br>-<strong>Acci\u00f3n clave 1: <\/strong>centrada en la movilidad de las personas.<br>-<strong>Acci\u00f3n clave 2: <\/strong>se centra en la cooperaci\u00f3n entre organizaciones e instituciones.<strong><br>-Acci\u00f3n clave 3: <\/strong>apoya la elaboraci\u00f3n de pol\u00edticas y la cooperaci\u00f3n.<strong><br>-Acciones Jean Monnet: <\/strong>ofrecen oportunidades de educaci\u00f3n y contribuyen a la difusi\u00f3n de conocimientos sobre la integraci\u00f3n en la UE.<br><br>Vetting Green es una colaboraci\u00f3n estrat\u00e9gica financiada en el marco de la Acci\u00f3n Clave 2 de este programa, en el \u00e1mbito de la FP.<br><br><br><strong>ACCI\u00d3N CLAVE 2<\/strong><br><br>En concreto, VETting green es una colaboraci\u00f3n estrat\u00e9gica entre entidades financiada en el marco de la Acci\u00f3n Clave 2 del programa Erasmus+. De manera resumida, esta Acci\u00f3n Clave apoya asociaciones para la cooperaci\u00f3n a peque\u00f1a y gran escala; asociaciones para la excelencia, incluidos los Centros para la Excelencia Profesional y la Acci\u00f3n Erasmus Mundus; asociaciones para la innovaci\u00f3n, incluidas las Alianzas y los Proyectos con Visi\u00f3n de Futuro; y proyectos de desarrollo de capacidades en los \u00e1mbitos de la educaci\u00f3n superior, la educaci\u00f3n y formaci\u00f3n profesionales, la juventud y el deporte, y eventos deportivos europeos sin \u00e1nimo de lucro.<br><br>Esta acci\u00f3n clave pretende fomentar la innovaci\u00f3n mediante el desarrollo, la transferencia y la aplicaci\u00f3n de soluciones novedosas desde el \u00e1mbito local al europeo.  <br><br>Como consecuencia, los proyectos apoyados en el marco de esta Acci\u00f3n Clave pretenden producir, entre otros, los siguientes resultados:<br><br>Procesos y soluciones innovadoras que ofrezcan: programas de educaci\u00f3n y formaci\u00f3n m\u00e1s<br>atractivos; un uso de metodolog\u00edas digitales y participativas o nuevas estrategias para impulsar la competitividad y el empleo especialmente a nivel local o regional etc.<br><br>Mejora de las capacidades profesionales para trabajar a nivel de la UE o en el plano internacional mediante el fomento de las competencias y estrategias de gesti\u00f3n. Tambi\u00e9n se apoyar\u00e1 la cooperaci\u00f3n con entidades extranjeras, personas involucradas en la educaci\u00f3n y la formaci\u00f3n, adem\u00e1s de la juventud y otros agentes econ\u00f3micos. Adem\u00e1s, se apoyar\u00e1n proyectos europeos e internacionales mediante la financiaci\u00f3n y la gesti\u00f3n de proyectos que promuevan la EFP o la juventud.<br><\/pre>\n\n\n\n<div style=\"height:23px\" aria-hidden=\"true\" class=\"wp-block-spacer\"><\/div>\n\n\n\n<figure class=\"wp-block-embed is-type-video is-provider-youtube wp-block-embed-youtube wp-embed-aspect-16-9 wp-has-aspect-ratio\"><div class=\"wp-block-embed__wrapper\">\n<iframe title=\"Erasmus+ International Dimension\" width=\"500\" height=\"281\" src=\"https:\/\/www.youtube.com\/embed\/SbPgsC9Ql9w?feature=oembed\" frameborder=\"0\" allow=\"accelerometer; autoplay; clipboard-write; encrypted-media; gyroscope; picture-in-picture; web-share\" referrerpolicy=\"strict-origin-when-cross-origin\" allowfullscreen><\/iframe>\n<\/div><figcaption class=\"wp-element-caption\"><br><br>\u00abExtra\u00eddo de la web corporativa del programa Erasmus+ <a href=\"https:\/\/erasmus-plus.ec.europa.eu\/es\/about-erasmus\/what-is-erasmus\" data-type=\"link\" data-id=\"https:\/\/erasmus-plus.ec.europa.eu\/es\/about-erasmus\/what-is-erasmus\">\u00bfQu\u00e9 es Erasmus+? | Erasmus+ (europa.eu<\/a>) \u00ab<\/figcaption><\/figure>\n","protected":false},"excerpt":{"rendered":"<p>Erasmus+ es el programa de la UE de apoyo a la educaci\u00f3n, la formaci\u00f3n, la movilidad y el deporte en [&hellip;]<\/p>\n","protected":false},"author":1,"featured_media":0,"parent":0,"menu_order":0,"comment_status":"closed","ping_status":"closed","template":"","meta":{"_monsterinsights_skip_tracking":false,"_monsterinsights_sitenote_active":false,"_monsterinsights_sitenote_note":"","_monsterinsights_sitenote_category":0,"footnotes":""},"class_list":["post-159","page","type-page","status-publish","hentry"],"jetpack_sharing_enabled":true,"_links":{"self":[{"href":"https:\/\/vettinggreen.eu\/es\/wp-json\/wp\/v2\/pages\/159","targetHints":{"allow":["GET"]}}],"collection":[{"href":"https:\/\/vettinggreen.eu\/es\/wp-json\/wp\/v2\/pages"}],"about":[{"href":"https:\/\/vettinggreen.eu\/es\/wp-json\/wp\/v2\/types\/page"}],"author":[{"embeddable":true,"href":"https:\/\/vettinggreen.eu\/es\/wp-json\/wp\/v2\/users\/1"}],"replies":[{"embeddable":true,"href":"https:\/\/vettinggreen.eu\/es\/wp-json\/wp\/v2\/comments?post=159"}],"version-history":[{"count":10,"href":"https:\/\/vettinggreen.eu\/es\/wp-json\/wp\/v2\/pages\/159\/revisions"}],"predecessor-version":[{"id":708,"href":"https:\/\/vettinggreen.eu\/es\/wp-json\/wp\/v2\/pages\/159\/revisions\/708"}],"wp:attachment":[{"href":"https:\/\/vettinggreen.eu\/es\/wp-json\/wp\/v2\/media?parent=159"}],"curies":[{"name":"wp","href":"https:\/\/api.w.org\/{rel}","templated":true}]}}