{"id":76,"date":"2024-04-16T10:06:18","date_gmt":"2024-04-16T08:06:18","guid":{"rendered":"http:\/\/vettinggreen.eu\/?page_id=76"},"modified":"2024-09-11T16:18:34","modified_gmt":"2024-09-11T14:18:34","slug":"partners","status":"publish","type":"page","link":"https:\/\/vettinggreen.eu\/es\/partners\/","title":{"rendered":"COORDINADOR"},"content":{"rendered":"\n<div class=\"wp-block-columns alignwide is-layout-flex wp-container-core-columns-is-layout-28f84493 wp-block-columns-is-layout-flex\">\n<div class=\"wp-block-column is-layout-flow wp-container-core-column-is-layout-a77db08e wp-block-column-is-layout-flow\">\n<div class=\"wp-block-columns is-layout-flex wp-container-core-columns-is-layout-28f84493 wp-block-columns-is-layout-flex\">\n<div class=\"wp-block-column is-layout-flow wp-block-column-is-layout-flow\" style=\"flex-basis:33.33%\">\n<figure class=\"wp-block-image size-full is-resized has-custom-border animacion-imagen\"><a href=\"https:\/\/www.ctcr.es\/es\/\"><img fetchpriority=\"high\" decoding=\"async\" width=\"976\" height=\"603\" src=\"http:\/\/vettinggreen.eu\/wp-content\/uploads\/2024\/05\/logo_CTCR_normal-5-3.jpg\" alt=\"\" class=\"has-border-color has-accent-5-border-color wp-image-307\" style=\"border-width:1px;box-shadow:var(--wp--preset--shadow--natural);width:418px;height:auto\"\/><\/a><\/figure>\n<\/div>\n\n\n\n<div class=\"wp-block-column is-layout-flow wp-block-column-is-layout-flow\" style=\"flex-basis:66.66%\">\n<p>El Centro Tecnol\u00f3gico del Calzado de La Rioja (CTCR), situado en el norte de Espa\u00f1a, act\u00faa como centro neur\u00e1lgico del sector del calzado en la zona, aportando soluciones innovadoras de investigaci\u00f3n y desarrollo a sus empresas. El CTCR se constituy\u00f3 como asociaci\u00f3n privada sin \u00e1nimo de lucro con el objetivo de incrementar la competitividad de las empresas, creando valor a\u00f1adido en los productos y procesos productivos.<\/p>\n\n\n\n<p>El CTCR cuenta con m\u00e1s de 120 socios y trabaja en las \u00e1reas de Sostenibilidad y Materiales Avanzados, Transformaci\u00f3n Digital y Smart Manufacturing.<\/p>\n\n\n\n<div style=\"height:110px\" aria-hidden=\"true\" class=\"wp-block-spacer\"><\/div>\n<\/div>\n<\/div>\n<\/div>\n<\/div>\n\n\n\n<h1 class=\"wp-block-heading has-text-align-center\">ENTIDADES SOCIAS<\/h1>\n\n\n\n<div style=\"height:34px\" aria-hidden=\"true\" class=\"wp-block-spacer\"><\/div>\n\n\n\n<div class=\"wp-block-group alignwide has-global-padding is-layout-constrained wp-block-group-is-layout-constrained\">\n<div class=\"wp-block-columns alignwide are-vertically-aligned-center is-layout-flex wp-container-core-columns-is-layout-76136483 wp-block-columns-is-layout-flex\" style=\"margin-top:0;margin-bottom:0;padding-top:0;padding-right:0;padding-bottom:0;padding-left:0\">\n<div class=\"wp-block-column is-vertically-aligned-center is-layout-flow wp-block-column-is-layout-flow\">\n<div class=\"wp-block-columns is-layout-flex wp-container-core-columns-is-layout-28f84493 wp-block-columns-is-layout-flex\">\n<div class=\"wp-block-column is-layout-flow wp-block-column-is-layout-flow\" style=\"flex-basis:33.33%\">\n<figure class=\"wp-block-image size-full has-custom-border animacion-imagen\"><a href=\"http:\/\/cec-footwearindustry.eu\/\"><img decoding=\"async\" width=\"4606\" height=\"1772\" src=\"http:\/\/vettinggreen.eu\/wp-content\/uploads\/2024\/04\/logo_CEC-7.jpg\" alt=\"\" class=\"has-border-color has-accent-5-border-color wp-image-217\" style=\"border-width:1px;box-shadow:var(--wp--preset--shadow--natural)\"\/><\/a><\/figure>\n<\/div>\n\n\n\n<div class=\"wp-block-column is-layout-flow wp-block-column-is-layout-flow\" style=\"flex-basis:66.66%\">\n<p>La Confederaci\u00f3n Europea del Calzado (CEC) es el \u00f3rgano representativo de la industria europea del calzado que re\u00fane a las principales asociaciones del calzado de la Uni\u00f3n Europea. Defiende los intereses del sector, tanto a nivel europeo como internacional, con el objetivo de promover la competitividad y el crecimiento sostenible de las empresas del calzado en colaboraci\u00f3n con representantes de la industria, proveedores de investigaci\u00f3n y educaci\u00f3n, y autoridades p\u00fablicas.<\/p>\n\n\n\n<p>La CEC tambi\u00e9n desempe\u00f1a un papel en los proyectos de la UE y las iniciativas internacionales, actuando como facilitador para reforzar la colaboraci\u00f3n y las sinergias dentro y fuera de Europa.<\/p>\n\n\n\n<div style=\"height:38px\" aria-hidden=\"true\" class=\"wp-block-spacer\"><\/div>\n<\/div>\n<\/div>\n\n\n\n<div class=\"wp-block-columns is-layout-flex wp-container-core-columns-is-layout-28f84493 wp-block-columns-is-layout-flex\">\n<div class=\"wp-block-column is-layout-flow wp-block-column-is-layout-flow\" style=\"flex-basis:33.33%\">\n<figure class=\"wp-block-image size-full is-resized has-custom-border animacion-imagen\"><a href=\"https:\/\/www.neo-sapiens.com\/\"><img decoding=\"async\" width=\"2298\" height=\"940\" src=\"http:\/\/vettinggreen.eu\/wp-content\/uploads\/2024\/04\/logo_alta_verde_estrechoalto.jpg\" alt=\"\" class=\"has-border-color has-accent-5-border-color wp-image-222\" style=\"border-width:1px;box-shadow:var(--wp--preset--shadow--natural);width:406px;height:auto\"\/><\/a><\/figure>\n<\/div>\n\n\n\n<div class=\"wp-block-column is-layout-flow wp-block-column-is-layout-flow\" style=\"flex-basis:66.66%\">\n<p>NEO SAPIENS es una entidad social europea de movilidad y formaci\u00f3n cuyo principal objetivo es el dise\u00f1o, gesti\u00f3n y ejecuci\u00f3n de proyectos educativos, formativos, de entretenimiento, culturales y de movilidad transnacional e iniciativas locales para promover oportunidades de educaci\u00f3n no formal e interculturalidad. Ofrece servicios a ONGs y centros educativos centrados en la implementaci\u00f3n de este tipo de actividades y en el desarrollo de materiales pedag\u00f3gicos y de aprendizaje relacionados con las mismas.<\/p>\n\n\n\n<div style=\"height:64px\" aria-hidden=\"true\" class=\"wp-block-spacer\"><\/div>\n<\/div>\n<\/div>\n\n\n\n<div class=\"wp-block-columns is-layout-flex wp-container-core-columns-is-layout-28f84493 wp-block-columns-is-layout-flex\">\n<div class=\"wp-block-column is-layout-flow wp-block-column-is-layout-flow\" style=\"flex-basis:33.33%\">\n<figure class=\"wp-block-image size-full is-resized has-custom-border animacion-imagen\"><a href=\"https:\/\/www.ekpizo.gr\/en\"><img loading=\"lazy\" decoding=\"async\" width=\"451\" height=\"123\" src=\"http:\/\/vettinggreen.eu\/wp-content\/uploads\/2024\/04\/turco-1.png\" alt=\"\" class=\"has-border-color has-accent-5-border-color wp-image-211\" style=\"border-width:1px;box-shadow:var(--wp--preset--shadow--natural);width:409px;height:auto\"\/><\/a><\/figure>\n<\/div>\n\n\n\n<div class=\"wp-block-column is-layout-flow wp-block-column-is-layout-flow\" style=\"flex-basis:66.66%\">\n<p>\u00abAsociaci\u00f3n de Consumidores la Calidad de Vida\u00bb (EKPIZO) tiene como objetivo proteger los derechos de quienes consumen y mejorar su calidad de vida. EKPIZO asesora, informa a consumidores sobre sus derechos e interviene en su nombre tanto fuera como ante los tribunales. Sus \u00e1mbitos de actuaci\u00f3n incluyen cuestiones jur\u00eddicas, econ\u00f3micas, financieras, de seguros, sanidad, alimentaci\u00f3n, medio ambiente, seguridad y educaci\u00f3n de consumidores. A trav\u00e9s de campa\u00f1as, encuestas y proyectos nacionales y europeos, EKPIZO contribuye a reforzar la voz de consumidores y a promover la responsabilidad social.<\/p>\n\n\n\n<div style=\"height:18px\" aria-hidden=\"true\" class=\"wp-block-spacer\"><\/div>\n<\/div>\n<\/div>\n\n\n\n<div class=\"wp-block-columns is-layout-flex wp-container-core-columns-is-layout-28f84493 wp-block-columns-is-layout-flex\">\n<div class=\"wp-block-column is-layout-flow wp-block-column-is-layout-flow\" style=\"flex-basis:33.33%\">\n<figure class=\"wp-block-image size-full has-custom-border animacion-imagen\"><a href=\"https:\/\/politecnicocalzaturiero.it\/\"><img loading=\"lazy\" decoding=\"async\" width=\"1029\" height=\"249\" src=\"http:\/\/vettinggreen.eu\/wp-content\/uploads\/2024\/04\/logo-laterale-7.png\" alt=\"\" class=\"has-border-color has-accent-5-border-color wp-image-210\" style=\"border-width:1px;box-shadow:var(--wp--preset--shadow--natural)\"\/><\/a><\/figure>\n<\/div>\n\n\n\n<div class=\"wp-block-column is-layout-flow wp-block-column-is-layout-flow\" style=\"flex-basis:66.66%\">\n<p>Politecnico Calzaturiero Scarl es la principal estructura de formaci\u00f3n, servicios y transferencia tecnol\u00f3gica del Distrito del Calzado de la Riviera del Brenta, donde se dise\u00f1a, fabrica y produce calzado de alta gama y calidad.<\/p>\n\n\n\n<p>La relaci\u00f3n embrionaria entre el Polit\u00e9cnico y las empresas de la Riviera del Brenta, la implicaci\u00f3n de expertos y formadores procedentes de las f\u00e1bricas m\u00e1s conocidas, la red internacional de escuelas y centros de investigaci\u00f3n, hace del Polit\u00e9cnico Calzaturiero una fuente fundamental de desarrollo y forja de talentos en el distrito.<\/p>\n\n\n\n<div style=\"height:59px\" aria-hidden=\"true\" class=\"wp-block-spacer\"><\/div>\n<\/div>\n<\/div>\n\n\n\n<div class=\"wp-block-columns is-layout-flex wp-container-core-columns-is-layout-28f84493 wp-block-columns-is-layout-flex\">\n<div class=\"wp-block-column is-layout-flow wp-block-column-is-layout-flow\" style=\"flex-basis:33.33%\">\n<figure class=\"wp-block-image size-full is-resized has-custom-border animacion-imagen\"><a href=\"https:\/\/www.ctcp.pt\/\"><img loading=\"lazy\" decoding=\"async\" width=\"1080\" height=\"295\" src=\"http:\/\/vettinggreen.eu\/wp-content\/uploads\/2024\/04\/logo_CTCP_verde_h.jpg\" alt=\"\" class=\"has-border-color has-accent-5-border-color wp-image-212\" style=\"border-width:1px;box-shadow:var(--wp--preset--shadow--natural);width:408px;height:auto\"\/><\/a><\/figure>\n<\/div>\n\n\n\n<div class=\"wp-block-column is-layout-flow wp-block-column-is-layout-flow\" style=\"flex-basis:66.66%\">\n<p>El CTCP &#8211; Centro Tecnol\u00f3gico Portugu\u00e9s del Calzado &#8211; es una organizaci\u00f3n privada sin \u00e1nimo de lucro, fundada en 1986, con instalaciones en el norte de Portugal, cerca de las principales zonas industriales del calzado. El CTCP tiene como objetivo apoyar a todas las empresas del \u00c1rea Portuguesa del Calzado y la Moda en diversas \u00e1reas relacionadas con su competitividad, incluyendo Control de Calidad, Consultor\u00eda, Formaci\u00f3n, Marketing y Promoci\u00f3n, Investigaci\u00f3n y Desarrollo, Salud y Seguridad, Medio Ambiente, Inteligencia Empresarial, Estudios e Investigaci\u00f3n.<\/p>\n\n\n\n<div style=\"height:38px\" aria-hidden=\"true\" class=\"wp-block-spacer\"><\/div>\n<\/div>\n<\/div>\n<\/div>\n<\/div>\n<\/div>\n\n\n\n<div style=\"height:48px\" aria-hidden=\"true\" class=\"wp-block-spacer\"><\/div>\n\n\n\n<p><\/p>\n","protected":false},"excerpt":{"rendered":"<p>El Centro Tecnol\u00f3gico del Calzado de La Rioja (CTCR), situado en el norte de Espa\u00f1a, act\u00faa como centro neur\u00e1lgico del [&hellip;]<\/p>\n","protected":false},"author":1,"featured_media":0,"parent":0,"menu_order":0,"comment_status":"closed","ping_status":"closed","template":"","meta":{"_monsterinsights_skip_tracking":false,"_monsterinsights_sitenote_active":false,"_monsterinsights_sitenote_note":"","_monsterinsights_sitenote_category":0,"footnotes":""},"class_list":["post-76","page","type-page","status-publish","hentry"],"jetpack_sharing_enabled":true,"_links":{"self":[{"href":"https:\/\/vettinggreen.eu\/es\/wp-json\/wp\/v2\/pages\/76","targetHints":{"allow":["GET"]}}],"collection":[{"href":"https:\/\/vettinggreen.eu\/es\/wp-json\/wp\/v2\/pages"}],"about":[{"href":"https:\/\/vettinggreen.eu\/es\/wp-json\/wp\/v2\/types\/page"}],"author":[{"embeddable":true,"href":"https:\/\/vettinggreen.eu\/es\/wp-json\/wp\/v2\/users\/1"}],"replies":[{"embeddable":true,"href":"https:\/\/vettinggreen.eu\/es\/wp-json\/wp\/v2\/comments?post=76"}],"version-history":[{"count":41,"href":"https:\/\/vettinggreen.eu\/es\/wp-json\/wp\/v2\/pages\/76\/revisions"}],"predecessor-version":[{"id":1368,"href":"https:\/\/vettinggreen.eu\/es\/wp-json\/wp\/v2\/pages\/76\/revisions\/1368"}],"wp:attachment":[{"href":"https:\/\/vettinggreen.eu\/es\/wp-json\/wp\/v2\/media?parent=76"}],"curies":[{"name":"wp","href":"https:\/\/api.w.org\/{rel}","templated":true}]}}