{"id":829,"date":"2024-04-17T11:09:15","date_gmt":"2024-04-17T09:09:15","guid":{"rendered":"http:\/\/vettinggreen.eu\/pubblicazioni\/"},"modified":"2026-03-27T10:27:59","modified_gmt":"2026-03-27T09:27:59","slug":"pubblicazioni","status":"publish","type":"page","link":"https:\/\/vettinggreen.eu\/it\/pubblicazioni\/","title":{"rendered":"PUBBLICAZIONI"},"content":{"rendered":"\n<div class=\"wp-block-group alignfull has-global-padding is-layout-constrained wp-container-core-group-is-layout-b25ccd55 wp-block-group-is-layout-constrained\" style=\"margin-top:0;margin-bottom:0;padding-top:var(--wp--preset--spacing--50);padding-right:var(--wp--preset--spacing--50);padding-bottom:var(--wp--preset--spacing--50);padding-left:var(--wp--preset--spacing--50)\">\n<div class=\"wp-block-columns alignwide is-layout-flex wp-container-core-columns-is-layout-ff4b9c61 wp-block-columns-is-layout-flex\" style=\"margin-top:0;margin-bottom:0\">\n<div class=\"wp-block-column is-vertically-aligned-top is-layout-flow wp-container-core-column-is-layout-8a368f38 wp-block-column-is-layout-flow\">\n<div style=\"height:var(--wp--preset--spacing--50)\" aria-hidden=\"true\" class=\"wp-block-spacer\"><\/div>\n\n\n\n<figure class=\"wp-block-image size-full is-style-rounded is-style-rounded--1\"><img fetchpriority=\"high\" decoding=\"async\" width=\"4032\" height=\"3024\" src=\"http:\/\/vettinggreen.eu\/wp-content\/uploads\/2024\/05\/foto_ctcr_vetting.jpg\" alt=\"\" class=\"wp-image-293\" style=\"aspect-ratio:4\/3;object-fit:cover\"\/><figcaption class=\"wp-element-caption\"><br><strong><a href=\"http:\/\/vettinggreen.eu\/wp-content\/uploads\/2025\/03\/2024-03-26-IT-VETting-Green-kick-off-meeting-press-release.pdf\">1\u00b0 Riunione &#8211; Arnedo Logro\u00f1o (Spain)<\/a><\/strong><br>Il primo incontro diretto del progetto si \u00e8 tenuto il 6 e 7 febbraio 2024 presso le strutture del CTCR (coordinatore) ad Arnedo e della FER a Logro\u00f1o. Partecipanti presenti: CTCP (Portogallo), CEC (Belgio), Politecnico Calzaturiero (Italia), EKPIZO (Grecia) e Neo Sapiens (Spagna). Lo scopo dell&#8217;incontro era quello di fare il punto sullo stato di avanzamento del progetto e di discutere le prossime attivit\u00e0 da svolgere. A causa dei pochi mesi di durata di questa azione innovativa e della sua natura educativa, l&#8217;incontro \u00e8 servito a definire gli aspetti amministrativi, i contenuti e i gruppi target con cui si svolgeranno le attivit\u00e0 di formazione nel corso del progetto.<\/figcaption><\/figure>\n\n\n\n<div style=\"height:var(--wp--preset--spacing--50)\" aria-hidden=\"true\" class=\"wp-block-spacer\"><\/div>\n\n\n\n<figure class=\"wp-block-image size-full is-resized has-custom-border is-style-rounded is-style-rounded--2\"><img decoding=\"async\" width=\"2560\" height=\"1820\" src=\"http:\/\/vettinggreen.eu\/wp-content\/uploads\/2025\/03\/VETGR_2_M3_Pic_grupo-scaled.jpg\" alt=\"\" class=\"wp-image-2999\" style=\"border-style:none;border-width:0px;border-radius:24px;width:383px;height:auto\" srcset=\"https:\/\/vettinggreen.eu\/wp-content\/uploads\/2025\/03\/VETGR_2_M3_Pic_grupo-scaled.jpg 2560w, https:\/\/vettinggreen.eu\/wp-content\/uploads\/2025\/03\/VETGR_2_M3_Pic_grupo-300x213.jpg 300w, https:\/\/vettinggreen.eu\/wp-content\/uploads\/2025\/03\/VETGR_2_M3_Pic_grupo-1024x728.jpg 1024w, https:\/\/vettinggreen.eu\/wp-content\/uploads\/2025\/03\/VETGR_2_M3_Pic_grupo-768x546.jpg 768w, https:\/\/vettinggreen.eu\/wp-content\/uploads\/2025\/03\/VETGR_2_M3_Pic_grupo-1536x1092.jpg 1536w, https:\/\/vettinggreen.eu\/wp-content\/uploads\/2025\/03\/VETGR_2_M3_Pic_grupo-2048x1456.jpg 2048w\" sizes=\"(max-width: 2560px) 100vw, 2560px\" \/><figcaption class=\"wp-element-caption\"><br><a href=\"http:\/\/vettinggreen.eu\/wp-content\/uploads\/2025\/03\/2025-01-28-IT-VETting-Green-training-Padua.pdf\"><strong>3nd Meeting Padua V\u00e9neto (Italy)<\/strong> <\/a><br>VETting Green: Formazione Formatori per Rafforzare Scelte Sostenibili nel Calzaturiero e nell&#8217;Abbigliamento. Dal 21 al 23 gennaio, il consorzio del Progetto Erasmus+ VETting Green si \u00e8 riunito a Padova, Italia. I partner che includono produttori calzaturieri, enti di formazione e rappresentanti dei consumatori da Belgio, Grecia, Italia, Portogallo e Spagna stanno attualmente finalizzando un seti di materiali e strumenti per rafforzare i consumatori e le aziende nei settori della calzatura e dell&#8217;abbigliamento per identificare ed evitare dichiarazioni fuorvianti e greenwashing.<\/figcaption><\/figure>\n\n\n\n<div style=\"height:var(--wp--preset--spacing--50)\" aria-hidden=\"true\" class=\"wp-block-spacer\"><\/div>\n\n\n\n<figure class=\"wp-block-image size-full is-resized has-custom-border is-style-rounded is-style-rounded--3\"><img decoding=\"async\" src=\"http:\/\/vettinggreen.eu\/wp-content\/uploads\/2025\/11\/Group-photo-Brussels.jpeg\" alt=\"\" class=\"wp-image-1191\" style=\"border-style:none;border-width:0px;border-radius:24px;width:383px;height:auto\"\/><figcaption class=\"wp-element-caption\"><br>\n        <strong>\n            <a href=\"http:\/\/vettinggreen.eu\/wp-content\/uploads\/2025\/11\/2025-10-21-IT-VETting-Green-Brussels-press-release.pdf\">\n                Il progetto Erasmus+ VETting Green pubblica un rapporto sulle politiche e un corso di formazione sul greenwashing\n            <\/a>\n        <\/strong>\n        <br>\n        Il greenwashing continua a rappresentare una grande sfida nell&#8217;industria dell&#8217;abbigliamento e delle calzature odierna, lasciando i consumatori con dubbi e esitazioni su cosa credere e le aziende TCLF frustrate da affermazioni ecologiche non autentiche. Il progetto VETting Green, finanziato dall&#8217;UE, sta intensificando gli sforzi per affrontare il problema in modo diretto. Dal 22 al 23 ottobre, i partner, tra cui produttori di calzature, fornitori di formazione professionale e rappresentanti dei consumatori provenienti da Spagna, Belgio, Portogallo, Italia e Grecia, si sono riuniti a Bruxelles. Il loro obiettivo comune: fornire al settore le conoscenze e gli strumenti necessari per riconoscere e prevenire il greenwashing, sostenendo al contempo la pi\u00f9 ampia spinta dell&#8217;UE verso una transizione verde sostenibile. A tal fine, il partenariato del progetto ha elaborato una relazione politica e un corso di formazione online.\n    <\/figcaption><\/figure>\n<\/div>\n\n\n\n<div class=\"wp-block-column is-layout-flow wp-container-core-column-is-layout-8a368f38 wp-block-column-is-layout-flow\">\n<figure class=\"wp-block-image size-full is-resized has-custom-border is-style-rounded is-style-rounded--4\"><img decoding=\"async\" width=\"2560\" height=\"1707\" src=\"https:\/\/vettinggreen.eu\/wp-content\/uploads\/2024\/09\/reunion_portugal-3-scaled.jpg\" alt=\"\" class=\"wp-image-1191\" style=\"border-style:none;border-width:0px;border-radius:24px;width:383px;height:auto\" srcset=\"https:\/\/vettinggreen.eu\/wp-content\/uploads\/2024\/09\/reunion_portugal-3-scaled.jpg 2560w, https:\/\/vettinggreen.eu\/wp-content\/uploads\/2024\/09\/reunion_portugal-3-300x200.jpg 300w, https:\/\/vettinggreen.eu\/wp-content\/uploads\/2024\/09\/reunion_portugal-3-1024x683.jpg 1024w, https:\/\/vettinggreen.eu\/wp-content\/uploads\/2024\/09\/reunion_portugal-3-768x512.jpg 768w, https:\/\/vettinggreen.eu\/wp-content\/uploads\/2024\/09\/reunion_portugal-3-1536x1024.jpg 1536w, https:\/\/vettinggreen.eu\/wp-content\/uploads\/2024\/09\/reunion_portugal-3-2048x1365.jpg 2048w\" sizes=\"(max-width: 2560px) 100vw, 2560px\" \/><figcaption class=\"wp-element-caption\"><br><strong><a href=\"http:\/\/vettinggreen.eu\/wp-content\/uploads\/2025\/03\/2024-06-21-IT-VETting-Green-TPM-Porto_Final.pdf\">2\u00b0 Riunione S\u00e3o Jo\u00e3o da Madeira Porto (Portugal)<\/a><\/strong> <br>Il secondo incontro diretto del progetto si \u00e8 tenuto il 5 e 6 giugno 2024 presso le strutture del CTCP a S\u00e3o Jo\u00e3o da Madeira e dell&#8217;APICCAPS a Porto. Lo scopo dell&#8217;incontro \u00e8 stato quello di esaminare lo stato di avanzamento del progetto e di discutere le prossime attivit\u00e0 da svolgere. Sono state discusse le informazioni ricevute e i documenti preparati finora e sono stati definiti gli aspetti pi\u00f9 importanti della piattaforma di formazione.<\/figcaption><\/figure>\n\n\n\n<div style=\"height:103px\" aria-hidden=\"true\" class=\"wp-block-spacer\"><\/div>\n\n\n\n<figure class=\"wp-block-image alignleft size-full is-resized is-style-rounded is-style-rounded--5\"><img loading=\"lazy\" decoding=\"async\" width=\"596\" height=\"395\" src=\"http:\/\/vettinggreen.eu\/wp-content\/uploads\/2025\/04\/newsletter2.png\" alt=\"\" class=\"wp-image-3364\" style=\"object-fit:cover;width:426px;height:200px\" srcset=\"https:\/\/vettinggreen.eu\/wp-content\/uploads\/2025\/04\/newsletter2.png 596w, https:\/\/vettinggreen.eu\/wp-content\/uploads\/2025\/04\/newsletter2-300x199.png 300w\" sizes=\"(max-width: 596px) 100vw, 596px\" \/><figcaption class=\"wp-element-caption\"><br><strong><strong>NEWSLETTER<\/strong> 2: <a href=\"http:\/\/vettinggreen.eu\/wp-content\/uploads\/2025\/04\/IT-VETting-Green-Newsletter-2-April-2025.pdf\" data-type=\"attachment\" data-id=\"1711\">SCOPRI I CORSI DI FORMAZIONE VETTING GREEN: ELEVA LE TUE CONOSCENZE SULLA SOSTENIBILIT\u00c0!<\/a><\/strong><br>Il secondo numero della Newsletter VETting Green si focalizza sul Corso Formativo, a breve disponibile sul sito di progetto. Verr\u00e0 anche sottolineato l&#8217;approccio verso i settori del tessile e del calzaturiero, le origini e gli impatti del greenwashing.<\/figcaption><\/figure>\n\n\n\n<div style=\"height:var(--wp--preset--spacing--50)\" aria-hidden=\"true\" class=\"wp-block-spacer\"><\/div>\n\n\n\n<figure class=\"wp-block-image size-full is-resized is-style-rounded is-style-rounded--6\"><img decoding=\"async\" src=\"http:\/\/vettinggreen.eu\/wp-content\/uploads\/2026\/03\/branding-sustentavel-35.jpg\" alt=\"\" class=\"wp-image-9999\" style=\"object-fit:cover;width:426px;height:200px\"\/><figcaption class=\"wp-element-caption\"><br> <strong>NEWSLETTER 4:&nbsp;<a href=\"http:\/\/vettinggreen.eu\/wp-content\/uploads\/2026\/03\/IT-VETting-Green-Newsletter-4-March-2026.pdf\">Diffondere l&#8217;impatto: i momenti salienti degli eventi moltiplicatori di VETting Green<\/a><\/strong><br> Mentre il progetto VETting Green volge al termine, questa newsletter conclusiva mette in luce i principali risultati e le attivit\u00e0 che ne hanno determinato l&#8217;impatto nel settore calzaturiero europeo. Negli ultimi mesi, i partner hanno sviluppato strumenti e risorse pratici a sostegno della transizione verso pratiche pi\u00f9 sostenibili e trasparenti. Dall&#8217;affrontare il fenomeno del greenwashing al rafforzamento delle competenze in materia di sostenibilit\u00e0, VETting Green ha contribuito a fornire\nalle aziende \u2013 in particolare alle PMI, agli enti di formazione professionale, agli studenti e ai consumatori \u2013 le conoscenze e gli orientamenti necessari per identificare ed evitare affermazioni ambientali fuorvianti.<\/figcaption><\/figure>\n\n\n\n<div style=\"height:var(--wp--preset--spacing--50)\" aria-hidden=\"true\" class=\"wp-block-spacer\"><\/div>\n<\/div>\n\n\n\n<div class=\"wp-block-column is-layout-flow wp-container-core-column-is-layout-8a368f38 wp-block-column-is-layout-flow\">\n<div style=\"height:var(--wp--preset--spacing--50)\" aria-hidden=\"true\" class=\"wp-block-spacer\"><\/div>\n\n\n\n<figure class=\"wp-block-image alignleft size-full is-resized is-style-rounded is-style-rounded--7\"><img loading=\"lazy\" decoding=\"async\" width=\"442\" height=\"187\" src=\"https:\/\/vettinggreen.eu\/wp-content\/uploads\/2024\/10\/publicacion.png\" alt=\"\" class=\"wp-image-1657\" style=\"object-fit:cover;width:426px;height:200px\" srcset=\"https:\/\/vettinggreen.eu\/wp-content\/uploads\/2024\/10\/publicacion.png 442w, https:\/\/vettinggreen.eu\/wp-content\/uploads\/2024\/10\/publicacion-300x127.png 300w\" sizes=\"(max-width: 442px) 100vw, 442px\" \/><figcaption class=\"wp-element-caption\"><br><strong>NEWSLETTER 1: <a href=\"https:\/\/vettinggreen.eu\/wp-content\/uploads\/2024\/10\/IT-VETting-Green-Newsletter-1-Oct-2024.pdf\" data-type=\"attachment\" data-id=\"1686\">POLITICHE DI SOSTENIBILIT\u00c0 CHE IMPATTANO LE INDUSTRIE DELLA CALZATURA E DELL&#8217;ABBIGLIAMENTO<\/a><br><\/strong>Il primo argomento della newsletter di VETting Green si focalizza sulle pratiche di sostenibilit\u00e0 che colpiscono le industrie del calzaturiero e dell&#8217;abbigliamento e i risultati della nostra ricerca che ha investigato la preparazione delle aziende riguardo alle nuove legislazioni, il passaporto digitale di prodotto e la sostenibilit\u00e0 come un tema di diritti umani.<\/figcaption><\/figure>\n\n\n\n<div style=\"height:var(--wp--preset--spacing--50)\" aria-hidden=\"true\" class=\"wp-block-spacer\"><\/div>\n\n\n\n<figure class=\"wp-block-image size-full is-style-rounded is-style-rounded--8\"><img decoding=\"async\" src=\"http:\/\/vettinggreen.eu\/wp-content\/uploads\/2025\/09\/newsletter3.png\" alt=\"\" class=\"wp-image-3365\" style=\"object-fit:cover\"\/><figcaption class=\"wp-element-caption\"><br>\n        <strong>NEWSLETTER 3: <a href=\"http:\/\/vettinggreen.eu\/wp-content\/uploads\/2025\/09\/IT-VETting-Green-Newsletter-3-September-2025.pdf\" data-type=\"attachment\" data-id=\"1712\">La confusione dei consumatori: alla ricerca della\nsostenibilit\u00e0 ma vittime della disinformazione &#8220;verde&#8221;<\/a><\/strong><br>\nIl terzo numero della newsletter VETting Green si focalizza sui consumatori che cadono vittima della disinformazione &#8220;green&#8221;, rafforzando le future generazioni tramite la promozione del consumo etico e della componente innovativa nelle calzature.\n    <\/figcaption><\/figure>\n\n\n\n<div style=\"height:var(--wp--preset--spacing--50)\" aria-hidden=\"true\" class=\"wp-block-spacer\"><\/div>\n\n\n\n<figure class=\"wp-block-image size-full is-resized is-style-rounded is-style-rounded--9\"><img decoding=\"async\" src=\"http:\/\/vettinggreen.eu\/wp-content\/uploads\/2026\/03\/VETting-Green-multiplier-event-in-Portugal-scaled.jpg\" alt=\"\" class=\"wp-image-9998\" style=\"object-fit:cover;width:426px;height:200px\"\/><figcaption class=\"wp-element-caption\"><br>\n                    <strong><a href=\"http:\/\/vettinggreen.eu\/wp-content\/uploads\/2026\/03\/2026-03-IT-VETting-Green-Press-Release-5.pdf\">Il progetto VETting Green aiuta le aziende e i consumatori a riconoscere le affermazioni ecologiche ingannevoli<\/a><\/strong><br>\n                   Nel marzo 2026, dopo oltre due anni di attivit\u00e0 volte a sensibilizzare l\u2019opinione pubblica sul fenomeno del greenwashing nei settori della calzatura e dell\u2019abbigliamento, il progetto Erasmus+ VETting Green giunger\u00e0 al termine. Il progetto ha riunito aziende, enti di istruzione e formazione professionale (IFP), centri tecnologici del settore calzaturiero e rappresentanti dei consumatori provenienti da Spagna, Belgio, Portogallo, Italia e Grecia.\n                <\/figcaption><\/figure>\n<\/div>\n<\/div>\n<\/div>\n\n\n\n<p><\/p>\n","protected":false},"excerpt":{"rendered":"","protected":false},"author":1,"featured_media":0,"parent":0,"menu_order":0,"comment_status":"closed","ping_status":"closed","template":"","meta":{"_monsterinsights_skip_tracking":false,"_monsterinsights_sitenote_active":false,"_monsterinsights_sitenote_note":"","_monsterinsights_sitenote_category":0,"footnotes":""},"class_list":["post-829","page","type-page","status-publish","hentry"],"jetpack_sharing_enabled":true,"_links":{"self":[{"href":"https:\/\/vettinggreen.eu\/it\/wp-json\/wp\/v2\/pages\/829","targetHints":{"allow":["GET"]}}],"collection":[{"href":"https:\/\/vettinggreen.eu\/it\/wp-json\/wp\/v2\/pages"}],"about":[{"href":"https:\/\/vettinggreen.eu\/it\/wp-json\/wp\/v2\/types\/page"}],"author":[{"embeddable":true,"href":"https:\/\/vettinggreen.eu\/it\/wp-json\/wp\/v2\/users\/1"}],"replies":[{"embeddable":true,"href":"https:\/\/vettinggreen.eu\/it\/wp-json\/wp\/v2\/comments?post=829"}],"version-history":[{"count":17,"href":"https:\/\/vettinggreen.eu\/it\/wp-json\/wp\/v2\/pages\/829\/revisions"}],"predecessor-version":[{"id":7372,"href":"https:\/\/vettinggreen.eu\/it\/wp-json\/wp\/v2\/pages\/829\/revisions\/7372"}],"wp:attachment":[{"href":"https:\/\/vettinggreen.eu\/it\/wp-json\/wp\/v2\/media?parent=829"}],"curies":[{"name":"wp","href":"https:\/\/api.w.org\/{rel}","templated":true}]}}