{"id":917,"date":"2024-04-16T10:06:18","date_gmt":"2024-04-16T08:06:18","guid":{"rendered":"http:\/\/vettinggreen.eu\/coordinatore\/"},"modified":"2024-09-11T16:18:35","modified_gmt":"2024-09-11T14:18:35","slug":"coordinatore","status":"publish","type":"page","link":"https:\/\/vettinggreen.eu\/it\/coordinatore\/","title":{"rendered":"COORDINATORE"},"content":{"rendered":"\n<div class=\"wp-block-columns alignwide is-layout-flex wp-container-core-columns-is-layout-28f84493 wp-block-columns-is-layout-flex\">\n<div class=\"wp-block-column is-layout-flow wp-container-core-column-is-layout-a77db08e wp-block-column-is-layout-flow\">\n<div class=\"wp-block-columns is-layout-flex wp-container-core-columns-is-layout-28f84493 wp-block-columns-is-layout-flex\">\n<div class=\"wp-block-column is-layout-flow wp-block-column-is-layout-flow\" style=\"flex-basis:33.33%\">\n<figure class=\"wp-block-image size-full is-resized has-custom-border animacion-imagen\"><a href=\"https:\/\/www.ctcr.es\/es\/\"><img fetchpriority=\"high\" decoding=\"async\" width=\"976\" height=\"603\" src=\"http:\/\/vettinggreen.eu\/wp-content\/uploads\/2024\/05\/logo_CTCR_normal-5-3.jpg\" alt=\"\" class=\"has-border-color has-accent-5-border-color wp-image-307\" style=\"border-width:1px;box-shadow:var(--wp--preset--shadow--natural);width:418px;height:auto\"\/><\/a><\/figure>\n<\/div>\n\n\n\n<div class=\"wp-block-column is-layout-flow wp-block-column-is-layout-flow\" style=\"flex-basis:66.66%\">\n<p>Il Centro Tecnologico Calzaturiero di La Rioja (CTCR), situato nel nord della Spagna, \u00e8 il fulcro del settore calzaturiero della zona e fornisce soluzioni innovative di ricerca e sviluppo alle sue aziende. Il CTCR \u00e8 stato costituito come associazione privata senza scopo di lucro con l&#8217;obiettivo di aumentare la competitivit\u00e0 delle imprese, creando valore aggiunto nei prodotti e nei processi produttivi. <\/p>\n\n\n\n<p>CTCR ha pi\u00f9 di 120 partner e lavora nell&#8217;area della Sostenibilit\u00e0 del materiali, della Trasformazione digitali e della Manifattura smart.<\/p>\n\n\n\n<div style=\"height:110px\" aria-hidden=\"true\" class=\"wp-block-spacer\"><\/div>\n<\/div>\n<\/div>\n<\/div>\n<\/div>\n\n<h1 class=\"wp-block-heading has-text-align-center\">PARTNER<\/h1>\n\n<div style=\"height:34px\" aria-hidden=\"true\" class=\"wp-block-spacer\"><\/div>\n\n<div class=\"wp-block-group alignwide has-global-padding is-layout-constrained wp-block-group-is-layout-constrained\">\n<div class=\"wp-block-columns alignwide are-vertically-aligned-center is-layout-flex wp-container-core-columns-is-layout-76136483 wp-block-columns-is-layout-flex\" style=\"margin-top:0;margin-bottom:0;padding-top:0;padding-right:0;padding-bottom:0;padding-left:0\">\n<div class=\"wp-block-column is-vertically-aligned-center is-layout-flow wp-block-column-is-layout-flow\">\n<div class=\"wp-block-columns is-layout-flex wp-container-core-columns-is-layout-28f84493 wp-block-columns-is-layout-flex\">\n<div class=\"wp-block-column is-layout-flow wp-block-column-is-layout-flow\" style=\"flex-basis:33.33%\">\n<figure class=\"wp-block-image size-full has-custom-border animacion-imagen\"><a href=\"http:\/\/cec-footwearindustry.eu\/\"><img decoding=\"async\" width=\"4606\" height=\"1772\" src=\"http:\/\/vettinggreen.eu\/wp-content\/uploads\/2024\/04\/logo_CEC-7.jpg\" alt=\"\" class=\"has-border-color has-accent-5-border-color wp-image-217\" style=\"border-width:1px;box-shadow:var(--wp--preset--shadow--natural)\"\/><\/a><\/figure>\n<\/div>\n\n\n\n<div class=\"wp-block-column is-layout-flow wp-block-column-is-layout-flow\" style=\"flex-basis:66.66%\">\n<p>La Confederazione Europea della Calzatura (CEC) \u00e8 il corpo rappresentazione dell&#8217;industria calzaturiera europea che raccoglie le maggiori associazioni calzaturiera nell&#8217;Unione Europea. Si batte per gli interessi del settore sia a livello Europeo sia internazionale, con l&#8217;obiettivo di promuovere la competitivit\u00e0 e la crescita sostenibile delle aziende calzaturiere in collaborazione con i rappresentanti delle industria, fornitura di ricerca e educazione e autorit\u00e0 pubbliche. <\/p>\n\n\n\n<p>Il CEC svolge anche un ruolo nei progetti dell&#8217;UE e nelle iniziative internazionali, agendo da facilitatore per rafforzare la collaborazione e le sinergie all&#8217;interno e all&#8217;esterno dell&#8217;Europa.<\/p>\n\n\n\n<div style=\"height:38px\" aria-hidden=\"true\" class=\"wp-block-spacer\"><\/div>\n<\/div>\n<\/div>\n\n\n\n<div class=\"wp-block-columns is-layout-flex wp-container-core-columns-is-layout-28f84493 wp-block-columns-is-layout-flex\">\n<div class=\"wp-block-column is-layout-flow wp-block-column-is-layout-flow\" style=\"flex-basis:33.33%\">\n<figure class=\"wp-block-image size-full is-resized has-custom-border animacion-imagen\"><a href=\"https:\/\/www.neo-sapiens.com\/\"><img decoding=\"async\" width=\"2298\" height=\"940\" src=\"http:\/\/vettinggreen.eu\/wp-content\/uploads\/2024\/04\/logo_alta_verde_estrechoalto.jpg\" alt=\"\" class=\"has-border-color has-accent-5-border-color wp-image-222\" style=\"border-width:1px;box-shadow:var(--wp--preset--shadow--natural);width:406px;height:auto\"\/><\/a><\/figure>\n<\/div>\n\n\n\n<div class=\"wp-block-column is-layout-flow wp-block-column-is-layout-flow\" style=\"flex-basis:66.66%\">\n<p>NEO SAPIENS \u00e8 un&#8217;entit\u00e0 sociale europea per la mobilit\u00e0 e la formazione il cui obiettivo principale \u00e8 la progettazione, la gestione e l&#8217;implementazione di progetti educativi, formativi, di intrattenimento, culturali e di mobilit\u00e0 transnazionale, nonch\u00e9 di iniziative locali per promuovere opportunit\u00e0 di formazione sull&#8217;educazione non formale e sull&#8217;interculturalit\u00e0. Offre servizi alle ONG e ai centri educativi che si occupano dell&#8217;implementazione di questo tipo di attivit\u00e0 e dello sviluppo di materiali pedagogici e didattici ad esse correlati. <\/p>\n\n\n\n<div style=\"height:64px\" aria-hidden=\"true\" class=\"wp-block-spacer\"><\/div>\n<\/div>\n<\/div>\n\n\n\n<div class=\"wp-block-columns is-layout-flex wp-container-core-columns-is-layout-28f84493 wp-block-columns-is-layout-flex\">\n<div class=\"wp-block-column is-layout-flow wp-block-column-is-layout-flow\" style=\"flex-basis:33.33%\">\n<figure class=\"wp-block-image size-full is-resized has-custom-border animacion-imagen\"><a href=\"https:\/\/www.ekpizo.gr\/en\"><img loading=\"lazy\" decoding=\"async\" width=\"451\" height=\"123\" src=\"http:\/\/vettinggreen.eu\/wp-content\/uploads\/2024\/04\/turco-1.png\" alt=\"\" class=\"has-border-color has-accent-5-border-color wp-image-211\" style=\"border-width:1px;box-shadow:var(--wp--preset--shadow--natural);width:409px;height:auto\"\/><\/a><\/figure>\n<\/div>\n\n\n\n<div class=\"wp-block-column is-layout-flow wp-block-column-is-layout-flow\" style=\"flex-basis:66.66%\">\n<p>L&#8217;Associazione dei consumatori per la qualit\u00e0 della vita (EKPIZO) ha come obiettivo la tutela dei diritti dei consumatori e il miglioramento della loro qualit\u00e0 di vita. L&#8217;EKPIZO fornisce consulenza, informa i consumatori sui loro diritti e interviene a loro favore sia fuori che in tribunale. Le sue aree di intervento comprendono questioni legali, economiche, finanziarie, assicurative, sanitarie, alimentari, ambientali, di sicurezza e di educazione dei consumatori. Attraverso campagne, indagini, progetti nazionali ed europei, EKPIZO contribuisce a rafforzare la voce dei consumatori e a promuovere la responsabilit\u00e0 sociale.   <\/p>\n\n\n\n<div style=\"height:18px\" aria-hidden=\"true\" class=\"wp-block-spacer\"><\/div>\n<\/div>\n<\/div>\n\n\n\n<div class=\"wp-block-columns is-layout-flex wp-container-core-columns-is-layout-28f84493 wp-block-columns-is-layout-flex\">\n<div class=\"wp-block-column is-layout-flow wp-block-column-is-layout-flow\" style=\"flex-basis:33.33%\">\n<figure class=\"wp-block-image size-full has-custom-border animacion-imagen\"><a href=\"https:\/\/politecnicocalzaturiero.it\/\"><img loading=\"lazy\" decoding=\"async\" width=\"1029\" height=\"249\" src=\"http:\/\/vettinggreen.eu\/wp-content\/uploads\/2024\/04\/logo-laterale-7.png\" alt=\"\" class=\"has-border-color has-accent-5-border-color wp-image-210\" style=\"border-width:1px;box-shadow:var(--wp--preset--shadow--natural)\"\/><\/a><\/figure>\n<\/div>\n\n\n\n<div class=\"wp-block-column is-layout-flow wp-block-column-is-layout-flow\" style=\"flex-basis:66.66%\">\n<p>Politecnico Calzaturiero scpa \u00e8 la principale struttura di formazione, servizi e trasferimento tecnologico del Distretto Calzaturiero della Riviera del Brenta, dove vengono progettate, realizzate e prodotte calzature di assoluta eccellenza.<\/p>\n\n\n\n<p>Il rapporto embrionale tra il Politecnico e le aziende della Riviera del Brenta, il coinvolgimento di esperti e formatori provenienti dalle pi\u00f9 note fabbriche, la rete internazionale di scuole e centri di ricerca: ecco cosa rende il Politecnico Calzaturiero una fondamentale fonte di sviluppo e fucina di talenti del distretto.<\/p>\n\n\n\n<div style=\"height:59px\" aria-hidden=\"true\" class=\"wp-block-spacer\"><\/div>\n<\/div>\n<\/div>\n\n\n\n<div class=\"wp-block-columns is-layout-flex wp-container-core-columns-is-layout-28f84493 wp-block-columns-is-layout-flex\">\n<div class=\"wp-block-column is-layout-flow wp-block-column-is-layout-flow\" style=\"flex-basis:33.33%\">\n<figure class=\"wp-block-image size-full is-resized has-custom-border animacion-imagen\"><a href=\"https:\/\/www.ctcp.pt\/\"><img loading=\"lazy\" decoding=\"async\" width=\"1080\" height=\"295\" src=\"http:\/\/vettinggreen.eu\/wp-content\/uploads\/2024\/04\/logo_CTCP_verde_h.jpg\" alt=\"\" class=\"has-border-color has-accent-5-border-color wp-image-212\" style=\"border-width:1px;box-shadow:var(--wp--preset--shadow--natural);width:408px;height:auto\"\/><\/a><\/figure>\n<\/div>\n\n\n\n<div class=\"wp-block-column is-layout-flow wp-block-column-is-layout-flow\" style=\"flex-basis:66.66%\">\n<p>Il CTCP &#8211; Centro Tecnologico Calzaturiero Portoghese &#8211; \u00e8 un&#8217;organizzazione privata senza scopo di lucro, fondata nel 1986, con sede nel nord del Portogallo, vicino alle principali aree industriali della calzatura. Il CTCP mira a supportare tutte le aziende del cluster portoghese della calzatura e della moda in varie aree legate alla loro competitivit\u00e0, tra cui controllo della qualit\u00e0, consulenza, formazione, marketing e promozione, ricerca e sviluppo, salute e sicurezza, ambiente, business intelligence, studi e ricerche. <\/p>\n\n\n\n<div style=\"height:38px\" aria-hidden=\"true\" class=\"wp-block-spacer\"><\/div>\n<\/div>\n<\/div>\n<\/div>\n<\/div>\n<\/div>\n\n<div style=\"height:48px\" aria-hidden=\"true\" class=\"wp-block-spacer\"><\/div>\n\n<p><\/p>\n","protected":false},"excerpt":{"rendered":"<p>Il Centro Tecnologico Calzaturiero di La Rioja (CTCR), situato nel nord della Spagna, \u00e8 il fulcro del settore calzaturiero della [&hellip;]<\/p>\n","protected":false},"author":1,"featured_media":0,"parent":0,"menu_order":0,"comment_status":"closed","ping_status":"closed","template":"","meta":{"_monsterinsights_skip_tracking":false,"_monsterinsights_sitenote_active":false,"_monsterinsights_sitenote_note":"","_monsterinsights_sitenote_category":0,"footnotes":""},"class_list":["post-917","page","type-page","status-publish","hentry"],"jetpack_sharing_enabled":true,"_links":{"self":[{"href":"https:\/\/vettinggreen.eu\/it\/wp-json\/wp\/v2\/pages\/917","targetHints":{"allow":["GET"]}}],"collection":[{"href":"https:\/\/vettinggreen.eu\/it\/wp-json\/wp\/v2\/pages"}],"about":[{"href":"https:\/\/vettinggreen.eu\/it\/wp-json\/wp\/v2\/types\/page"}],"author":[{"embeddable":true,"href":"https:\/\/vettinggreen.eu\/it\/wp-json\/wp\/v2\/users\/1"}],"replies":[{"embeddable":true,"href":"https:\/\/vettinggreen.eu\/it\/wp-json\/wp\/v2\/comments?post=917"}],"version-history":[{"count":4,"href":"https:\/\/vettinggreen.eu\/it\/wp-json\/wp\/v2\/pages\/917\/revisions"}],"predecessor-version":[{"id":1237,"href":"https:\/\/vettinggreen.eu\/it\/wp-json\/wp\/v2\/pages\/917\/revisions\/1237"}],"wp:attachment":[{"href":"https:\/\/vettinggreen.eu\/it\/wp-json\/wp\/v2\/media?parent=917"}],"curies":[{"name":"wp","href":"https:\/\/api.w.org\/{rel}","templated":true}]}}