{"id":1429,"date":"2024-10-16T10:53:19","date_gmt":"2024-10-16T08:53:19","guid":{"rendered":"https:\/\/vettinggreen.eu\/artigos\/"},"modified":"2026-03-25T11:02:32","modified_gmt":"2026-03-25T10:02:32","slug":"artigos","status":"publish","type":"page","link":"https:\/\/vettinggreen.eu\/pt-pt\/artigos\/","title":{"rendered":"Artigos"},"content":{"rendered":"\n<div class=\"wp-block-columns alignwide is-layout-flex wp-container-core-columns-is-layout-28f84493 wp-block-columns-is-layout-flex\">\n<div class=\"wp-block-column is-layout-flow wp-container-core-column-is-layout-a77db08e wp-block-column-is-layout-flow\">\n<div class=\"wp-block-columns is-layout-flex wp-container-core-columns-is-layout-28f84493 wp-block-columns-is-layout-flex\">\n<div class=\"wp-block-column is-layout-flow wp-block-column-is-layout-flow\" style=\"flex-basis:28.33%\">\n\n<figure class=\"wp-block-image size-full is-resized has-custom-border animacion-imagen\"><img fetchpriority=\"high\" decoding=\"async\" width=\"1050\" height=\"600\" src=\"https:\/\/vettinggreen.eu\/wp-content\/uploads\/2024\/10\/1-1.png\" alt=\"\" class=\"has-border-color has-accent-5-border-color wp-image-1374\" style=\"border-width:1px;box-shadow:var(--wp--preset--shadow--natural);width:364px;height:auto\" srcset=\"https:\/\/vettinggreen.eu\/wp-content\/uploads\/2024\/10\/1-1.png 1050w, https:\/\/vettinggreen.eu\/wp-content\/uploads\/2024\/10\/1-1-300x171.png 300w, https:\/\/vettinggreen.eu\/wp-content\/uploads\/2024\/10\/1-1-1024x585.png 1024w, https:\/\/vettinggreen.eu\/wp-content\/uploads\/2024\/10\/1-1-768x439.png 768w\" sizes=\"(max-width: 1050px) 100vw, 1050px\" \/><\/figure>\n\n<\/div>\n\n\n\n\n<div class=\"wp-block-column is-layout-flow wp-block-column-is-layout-flow\" style=\"flex-basis:66.66%\">\n<div style=\"height:73px\" aria-hidden=\"true\" class=\"wp-block-spacer\"><\/div>\n\n\n\n\n<p style=\"font-size:clamp(0.984rem, 0.984rem + ((1vw - 0.2rem) * 0.86), 1.5rem);\"><strong><a href=\"http:\/\/vettinggreen.eu\/a-verdadeira-sustentabilidade-uma-questao-de-direitos-humanos\/?lang=pt-pt\" data-type=\"link\" data-id=\"http:\/\/vettinggreen.eu\/a-verdadeira-sustentabilidade-uma-questao-de-direitos-humanos\/?lang=pt-pt\">A verdadeira sustentabilidade: uma quest\u00e3o de direitos humanos<\/a><\/strong><\/p>\n\n<\/div>\n\n<\/div>\n\n<\/div>\n\n<\/div>\n\n\n\n\n\n\n\n<div class=\"wp-block-columns alignwide is-layout-flex wp-container-core-columns-is-layout-28f84493 wp-block-columns-is-layout-flex\">\n\n<div class=\"wp-block-column is-layout-flow wp-container-core-column-is-layout-a77db08e wp-block-column-is-layout-flow\">\n\n<div class=\"wp-block-columns is-layout-flex wp-container-core-columns-is-layout-28f84493 wp-block-columns-is-layout-flex\">\n\n<div class=\"wp-block-column is-layout-flow wp-block-column-is-layout-flow\" style=\"flex-basis:28.33%\">\n\n<figure class=\"wp-block-image size-full is-resized has-custom-border animacion-imagen\"><img decoding=\"async\" width=\"2560\" height=\"1707\" src=\"https:\/\/vettinggreen.eu\/wp-content\/uploads\/2024\/10\/2-scaled.jpg\" alt=\"\" class=\"has-border-color has-accent-5-border-color wp-image-1379\" style=\"border-width:1px;box-shadow:var(--wp--preset--shadow--natural);width:364px;height:auto\" srcset=\"https:\/\/vettinggreen.eu\/wp-content\/uploads\/2024\/10\/2-scaled.jpg 2560w, https:\/\/vettinggreen.eu\/wp-content\/uploads\/2024\/10\/2-300x200.jpg 300w, https:\/\/vettinggreen.eu\/wp-content\/uploads\/2024\/10\/2-1024x683.jpg 1024w, https:\/\/vettinggreen.eu\/wp-content\/uploads\/2024\/10\/2-768x512.jpg 768w, https:\/\/vettinggreen.eu\/wp-content\/uploads\/2024\/10\/2-1536x1024.jpg 1536w, https:\/\/vettinggreen.eu\/wp-content\/uploads\/2024\/10\/2-2048x1365.jpg 2048w\" sizes=\"(max-width: 2560px) 100vw, 2560px\" \/><\/figure>\n\n<\/div>\n\n\n\n\n\n\n\n<div class=\"wp-block-column is-layout-flow wp-block-column-is-layout-flow\" style=\"flex-basis:66.66%\">\n\n<div style=\"height:55px\" aria-hidden=\"true\" class=\"wp-block-spacer\"><\/div>\n\n\n\n\n\n\n\n<p style=\"font-size:clamp(0.984rem, 0.984rem + ((1vw - 0.2rem) * 0.86), 1.5rem);\"><strong><a href=\"http:\/\/vettinggreen.eu\/passaporte-digital-do-produto-promover-a-transparencia-e-a-rastreabilidade\/?lang=pt-pt\" data-type=\"link\" data-id=\"http:\/\/vettinggreen.eu\/passaporte-digital-do-produto-promover-a-transparencia-e-a-rastreabilidade\/?lang=pt-pt\">Passaporte digital do produto: promover a transpar\u00eancia e a rastreabilidade<\/a><br><\/strong><br><\/p>\n\n<\/div>\n\n<\/div>\n\n<\/div>\n\n<\/div>\n\n\n\n\n\n\n\n<div class=\"wp-block-columns alignwide is-layout-flex wp-container-core-columns-is-layout-28f84493 wp-block-columns-is-layout-flex\">\n\n<div class=\"wp-block-column is-layout-flow wp-container-core-column-is-layout-a77db08e wp-block-column-is-layout-flow\">\n\n<div class=\"wp-block-columns is-layout-flex wp-container-core-columns-is-layout-28f84493 wp-block-columns-is-layout-flex\">\n\n<div class=\"wp-block-column is-layout-flow wp-block-column-is-layout-flow\" style=\"flex-basis:28.33%\">\n\n<figure class=\"wp-block-image size-full is-resized has-custom-border animacion-imagen\"><img decoding=\"async\" width=\"303\" height=\"302\" src=\"https:\/\/vettinggreen.eu\/wp-content\/uploads\/2024\/10\/4-1.jpg\" alt=\"\" class=\"has-border-color has-accent-5-border-color wp-image-1584\" style=\"border-width:1px;box-shadow:var(--wp--preset--shadow--natural);width:364px\" srcset=\"https:\/\/vettinggreen.eu\/wp-content\/uploads\/2024\/10\/4-1.jpg 303w, https:\/\/vettinggreen.eu\/wp-content\/uploads\/2024\/10\/4-1-300x300.jpg 300w, https:\/\/vettinggreen.eu\/wp-content\/uploads\/2024\/10\/4-1-150x150.jpg 150w\" sizes=\"(max-width: 303px) 100vw, 303px\" \/><\/figure>\n\n<\/div>\n\n\n\n\n\n\n\n<div class=\"wp-block-column is-layout-flow wp-block-column-is-layout-flow\" style=\"flex-basis:66.66%\">\n\n<p style=\"font-size:clamp(0.984rem, 0.984rem + ((1vw - 0.2rem) * 0.86), 1.5rem);\"><strong><br><\/strong><\/p>\n\n\n\n\n\n\n\n<p style=\"font-size:clamp(0.984rem, 0.984rem + ((1vw - 0.2rem) * 0.86), 1.5rem);\"><strong><br><a href=\"http:\/\/vettinggreen.eu\/politicas-sustentaveis-com-impacto-nas-industrias-do-calcado-e-do-vestuario\/?lang=pt-pt\" data-type=\"link\" data-id=\"http:\/\/vettinggreen.eu\/politicas-sustentaveis-com-impacto-nas-industrias-do-calcado-e-do-vestuario\/?lang=pt-pt\">Pol\u00edticas sustent\u00e1veis com impacto nas ind\u00fastrias do cal\u00e7ado e do vestu\u00e1rio<\/a><br><\/strong><\/p>\n\n<\/div>\n\n<\/div>\n\n<\/div>\n\n<\/div>\n\n\n\n\n\n\n\n<div class=\"wp-block-columns alignwide is-layout-flex wp-container-core-columns-is-layout-28f84493 wp-block-columns-is-layout-flex\">\n\n<div class=\"wp-block-column is-layout-flow wp-container-core-column-is-layout-a77db08e wp-block-column-is-layout-flow\">\n\n<div class=\"wp-block-columns is-layout-flex wp-container-core-columns-is-layout-28f84493 wp-block-columns-is-layout-flex\">\n\n<div class=\"wp-block-column is-layout-flow wp-block-column-is-layout-flow\" style=\"flex-basis:28.33%\">\n\n<figure class=\"wp-block-image size-full is-resized has-custom-border animacion-imagen\"><img loading=\"lazy\" decoding=\"async\" width=\"290\" height=\"181\" src=\"https:\/\/vettinggreen.eu\/wp-content\/uploads\/2024\/10\/3-1.jpg\" alt=\"\" class=\"has-border-color has-accent-5-border-color wp-image-1589\" style=\"border-width:1px;box-shadow:var(--wp--preset--shadow--natural);width:364px\"\/><\/figure>\n\n<\/div>\n\n\n\n\n\n\n\n<div class=\"wp-block-column is-layout-flow wp-block-column-is-layout-flow\" style=\"flex-basis:66.66%\">\n\n<div style=\"height:26px\" aria-hidden=\"true\" class=\"wp-block-spacer\"><\/div>\n\n\n\n\n\n\n\n<p style=\"font-size:clamp(0.984rem, 0.984rem + ((1vw - 0.2rem) * 0.86), 1.5rem);\"><strong><br><a href=\"http:\/\/vettinggreen.eu\/a-sua-empresa-esta-preparada-para-combater-o-greenwashing\/?lang=pt-pt\" data-type=\"link\" data-id=\"http:\/\/vettinggreen.eu\/a-sua-empresa-esta-preparada-para-combater-o-greenwashing\/?lang=pt-pt\">A sua empresa est\u00e1 preparada para combater o greenwashing?<\/a><br><\/strong><br><\/p>\n\n<\/div>\n\n<\/div>\n\n<\/div>\n\n<\/div>\n\n\n\n\n\n\n\n<div class=\"wp-block-columns alignwide is-layout-flex wp-container-core-columns-is-layout-28f84493 wp-block-columns-is-layout-flex\">\n\n<div class=\"wp-block-column is-layout-flow wp-container-core-column-is-layout-a77db08e wp-block-column-is-layout-flow\">\n\n<div class=\"wp-block-columns is-layout-flex wp-container-core-columns-is-layout-28f84493 wp-block-columns-is-layout-flex\">\n\n<div class=\"wp-block-column is-layout-flow wp-block-column-is-layout-flow\" style=\"flex-basis:28.33%\">\n\n<figure class=\"wp-block-image size-full is-resized has-custom-border animacion-imagen\"><img loading=\"lazy\" decoding=\"async\" width=\"2560\" height=\"1707\" src=\"http:\/\/vettinggreen.eu\/wp-content\/uploads\/2025\/03\/Discover-the-VETting-Green-Training-Course-scaled.jpg\" alt=\"\" class=\"has-border-color has-accent-5-border-color wp-image-2842\" style=\"border-width:1px;box-shadow:var(--wp--preset--shadow--natural);width:364px\" srcset=\"https:\/\/vettinggreen.eu\/wp-content\/uploads\/2025\/03\/Discover-the-VETting-Green-Training-Course-scaled.jpg 2560w, https:\/\/vettinggreen.eu\/wp-content\/uploads\/2025\/03\/Discover-the-VETting-Green-Training-Course-300x200.jpg 300w, https:\/\/vettinggreen.eu\/wp-content\/uploads\/2025\/03\/Discover-the-VETting-Green-Training-Course-1024x683.jpg 1024w, https:\/\/vettinggreen.eu\/wp-content\/uploads\/2025\/03\/Discover-the-VETting-Green-Training-Course-768x512.jpg 768w, https:\/\/vettinggreen.eu\/wp-content\/uploads\/2025\/03\/Discover-the-VETting-Green-Training-Course-1536x1024.jpg 1536w, https:\/\/vettinggreen.eu\/wp-content\/uploads\/2025\/03\/Discover-the-VETting-Green-Training-Course-2048x1365.jpg 2048w\" sizes=\"(max-width: 2560px) 100vw, 2560px\" \/><\/figure>\n\n<\/div>\n\n\n\n\n\n\n\n<div class=\"wp-block-column is-layout-flow wp-block-column-is-layout-flow\" style=\"flex-basis:66.66%\">\n\n<p style=\"font-size:clamp(0.984rem, 0.984rem + ((1vw - 0.2rem) * 0.86), 1.5rem);\"><strong><br><br><strong><a href=\"https:\/\/vettinggreen.eu\/descubra-o-curso-de-formacao-vetting-green-eleve-o-seu-conhecimento-em-sustentabilidade\/?lang=pt-pt\" data-type=\"link\" data-id=\"https:\/\/vettinggreen.eu\/descubra-o-curso-de-formacao-vetting-green-eleve-o-seu-conhecimento-em-sustentabilidade\/?lang=pt-pt\">Descubra o Curso de Forma\u00e7\u00e3o VETting Green: Eleve o Seu Conhecimento em Sustentabilidade!<\/a><\/strong><br><\/strong><br><\/p>\n\n<\/div>\n\n<\/div>\n\n<\/div>\n\n<\/div>\n\n\n\n\n\n\n\n<div class=\"wp-block-columns alignwide is-layout-flex wp-container-core-columns-is-layout-28f84493 wp-block-columns-is-layout-flex\">\n\n<div class=\"wp-block-column is-layout-flow wp-container-core-column-is-layout-a77db08e wp-block-column-is-layout-flow\">\n\n<div class=\"wp-block-columns is-layout-flex wp-container-core-columns-is-layout-28f84493 wp-block-columns-is-layout-flex\">\n\n<div class=\"wp-block-column is-layout-flow wp-block-column-is-layout-flow\" style=\"flex-basis:28.33%\">\n\n<figure class=\"wp-block-image size-full is-resized has-custom-border animacion-imagem\"><img loading=\"lazy\" decoding=\"async\" width=\"2560\" height=\"1707\" src=\"http:\/\/vettinggreen.eu\/wp-content\/uploads\/2025\/03\/Sustainable-approaches-scaled.jpg\" alt=\"\" class=\"has-border-color has-accent-5-border-color wp-image-2832\" style=\"border-width:1px;box-shadow:var(--wp--preset--shadow--natural);width:364px\" srcset=\"https:\/\/vettinggreen.eu\/wp-content\/uploads\/2025\/03\/Sustainable-approaches-scaled.jpg 2560w, https:\/\/vettinggreen.eu\/wp-content\/uploads\/2025\/03\/Sustainable-approaches-300x200.jpg 300w, https:\/\/vettinggreen.eu\/wp-content\/uploads\/2025\/03\/Sustainable-approaches-1024x683.jpg 1024w, https:\/\/vettinggreen.eu\/wp-content\/uploads\/2025\/03\/Sustainable-approaches-768x512.jpg 768w, https:\/\/vettinggreen.eu\/wp-content\/uploads\/2025\/03\/Sustainable-approaches-1536x1024.jpg 1536w, https:\/\/vettinggreen.eu\/wp-content\/uploads\/2025\/03\/Sustainable-approaches-2048x1365.jpg 2048w\" sizes=\"(max-width: 2560px) 100vw, 2560px\" \/><\/figure>\n\n<\/div>\n\n\n\n\n\n\n\n<div class=\"wp-block-column is-layout-flow wp-block-column-is-layout-flow\" style=\"flex-basis:66.66%\">\n\n<p style=\"font-size:clamp(0.984rem, 0.984rem + ((1vw - 0.2rem) * 0.86), 1.5rem);\"><strong><br><br><a href=\"https:\/\/vettinggreen.eu\/abordagens-sustentaveis-nos-setores-do-calcado-e-do-textil\/?lang=pt-pt\" data-type=\"link\" data-id=\"https:\/\/vettinggreen.eu\/abordagens-sustentaveis-nos-setores-do-calcado-e-do-textil\/?lang=pt-pt\">Abordagens Sustent\u00e1veis nos Setores do Cal\u00e7ado e do T\u00eaxtil<\/a><br><\/strong><br><\/p>\n\n<\/div>\n\n<\/div>\n\n<\/div>\n\n<\/div>\n\n\n\n\n\n\n\n<div class=\"wp-block-columns alignwide is-layout-flex wp-container-core-columns-is-layout-28f84493 wp-block-columns-is-layout-flex\">\n\n<div class=\"wp-block-column is-layout-flow wp-container-core-column-is-layout-a77db08e wp-block-column-is-layout-flow\">\n\n<div class=\"wp-block-columns is-layout-flex wp-container-core-columns-is-layout-28f84493 wp-block-columns-is-layout-flex\">\n\n<div class=\"wp-block-column is-layout-flow wp-block-column-is-layout-flow\" style=\"flex-basis:28.33%\">\n\n<figure class=\"wp-block-image size-full is-resized has-custom-border animacion-imagem\"><img loading=\"lazy\" decoding=\"async\" width=\"2560\" height=\"1646\" src=\"http:\/\/vettinggreen.eu\/wp-content\/uploads\/2025\/03\/Greenwashing_-The-origins-scaled.jpg\" alt=\"\" class=\"has-border-color has-accent-5-border-color wp-image-2837\" style=\"border-width:1px;box-shadow:var(--wp--preset--shadow--natural);width:364px\" srcset=\"https:\/\/vettinggreen.eu\/wp-content\/uploads\/2025\/03\/Greenwashing_-The-origins-scaled.jpg 2560w, https:\/\/vettinggreen.eu\/wp-content\/uploads\/2025\/03\/Greenwashing_-The-origins-300x193.jpg 300w, https:\/\/vettinggreen.eu\/wp-content\/uploads\/2025\/03\/Greenwashing_-The-origins-1024x658.jpg 1024w, https:\/\/vettinggreen.eu\/wp-content\/uploads\/2025\/03\/Greenwashing_-The-origins-768x494.jpg 768w, https:\/\/vettinggreen.eu\/wp-content\/uploads\/2025\/03\/Greenwashing_-The-origins-1536x987.jpg 1536w, https:\/\/vettinggreen.eu\/wp-content\/uploads\/2025\/03\/Greenwashing_-The-origins-2048x1317.jpg 2048w\" sizes=\"(max-width: 2560px) 100vw, 2560px\" \/><\/figure>\n\n<\/div>\n\n\n\n\n\n\n\n<div class=\"wp-block-column is-layout-flow wp-block-column-is-layout-flow\" style=\"flex-basis:66.66%\">\n\n<p style=\"font-size:clamp(0.984rem, 0.984rem + ((1vw - 0.2rem) * 0.86), 1.5rem);\"><strong><br><br><a href=\"https:\/\/vettinggreen.eu\/greenwashing-origens-impacto-e-como-identifica-lo\/?lang=pt-pt\" data-type=\"link\" data-id=\"https:\/\/vettinggreen.eu\/greenwashing-origens-impacto-e-como-identifica-lo\/?lang=pt-pt\">Greenwashing: Origens, Impacto e Como Identific\u00e1-lo<\/a><br><\/strong><br><\/p>\n\n<\/div>\n\n<\/div>\n\n<\/div>\n\n<\/div>\n\n\n\n\n\n\n\n<div class=\"wp-block-columns alignwide is-layout-flex wp-container-core-columns-is-layout-28f84493 wp-block-columns-is-layout-flex\">\n\n<div class=\"wp-block-column is-layout-flow wp-container-core-column-is-layout-a77db08e wp-block-column-is-layout-flow\">\n\n<div class=\"wp-block-columns is-layout-flex wp-container-core-columns-is-layout-28f84493 wp-block-columns-is-layout-flex\">\n\n<div class=\"wp-block-column is-layout-flow wp-block-column-is-layout-flow\" style=\"flex-basis:28.33%\">\n\n<figure class=\"wp-block-image size-full is-resized has-custom-border animacion-imagem\"><img loading=\"lazy\" decoding=\"async\" width=\"1748\" height=\"1240\" src=\"http:\/\/vettinggreen.eu\/wp-content\/uploads\/2025\/06\/Empowering-the-Next-Generation.png\" alt=\"\" class=\"has-border-color has-accent-5-border-color wp-image-4194\" style=\"border-width:1px;box-shadow:var(--wp--preset--shadow--natural);width:364px\" srcset=\"https:\/\/vettinggreen.eu\/wp-content\/uploads\/2025\/06\/Empowering-the-Next-Generation.png 1748w, https:\/\/vettinggreen.eu\/wp-content\/uploads\/2025\/06\/Empowering-the-Next-Generation-300x213.png 300w, https:\/\/vettinggreen.eu\/wp-content\/uploads\/2025\/06\/Empowering-the-Next-Generation-1024x726.png 1024w, https:\/\/vettinggreen.eu\/wp-content\/uploads\/2025\/06\/Empowering-the-Next-Generation-768x545.png 768w, https:\/\/vettinggreen.eu\/wp-content\/uploads\/2025\/06\/Empowering-the-Next-Generation-1536x1090.png 1536w\" sizes=\"(max-width: 1748px) 100vw, 1748px\" \/><\/figure>\n\n<\/div>\n\n\n\n\n\n\n\n<div class=\"wp-block-column is-layout-flow wp-block-column-is-layout-flow\" style=\"flex-basis:66.66%\">\n\n<p style=\"font-size:clamp(0.984rem, 0.984rem + ((1vw - 0.2rem) * 0.86), 1.5rem);\"><strong><br><br><a href=\"https:\/\/vettinggreen.eu\/preparar-a-proxima-geracao-como-os-jovens-podem-combater-o-greenwashing-e-promover-o-consumo-etico\/\" data-type=\"link\" data-id=\"https:\/\/vettinggreen.eu\/preparar-a-proxima-geracao-como-os-jovens-podem-combater-o-greenwashing-e-promover-o-consumo-etico\/\">Preparar a pr\u00f3xima gera\u00e7\u00e3o: como os jovens podem combater o \u201cGreenwashing\u201d e promover o consumo \u00e9tico<\/a><br><\/strong><br><\/p>\n\n<\/div>\n\n<\/div>\n\n<\/div>\n\n<\/div>\n\n\n\n\n\n\n\n<div class=\"wp-block-columns alignwide is-layout-flex wp-container-core-columns-is-layout-28f84493 wp-block-columns-is-layout-flex\">\n\n<div class=\"wp-block-column is-layout-flow wp-container-core-column-is-layout-a77db08e wp-block-column-is-layout-flow\">\n\n<div class=\"wp-block-columns is-layout-flex wp-container-core-columns-is-layout-28f84493 wp-block-columns-is-layout-flex\">\n\n<div class=\"wp-block-column is-layout-flow wp-block-column-is-layout-flow\" style=\"flex-basis:28.33%\">\n\n<figure class=\"wp-block-image size-full is-resized has-custom-border animacion-imagem\"><img decoding=\"async\" src=\"http:\/\/vettinggreen.eu\/wp-content\/uploads\/2025\/09\/READ_electro-scaled.jpg\" alt=\"\" class=\"has-border-color has-accent-5-border-color wp-image-1584\" style=\"border-width:1px;box-shadow:var(--wp--preset--shadow--natural);width:364px\"\/><\/figure>\n\n<\/div>\n\n\n\n\n\n\n\n<div class=\"wp-block-column is-layout-flow wp-block-column-is-layout-flow\" style=\"flex-basis:66.66%\">\n\n<p style=\"font-size:clamp(0.984rem, 0.984rem + ((1vw - 0.2rem) * 0.86), 1.5rem);\"><strong><br><\/strong><\/p>\n\n\n\n\n\n\n\n<p style=\"font-size:clamp(0.984rem, 0.984rem + ((1vw - 0.2rem) * 0.86), 1.5rem);\"><strong><br><a href=\"http:\/\/vettinggreen.eu\/wp-content\/uploads\/2025\/09\/2025-08-Como-a-Inovacao-de-Componentes-Esta-Impulsionando-o-Calcado-Sustentavel-1.pdf\" data-type=\"link\" data-id=\"http:\/\/vettinggreen.eu\/wp-content\/uploads\/2025\/09\/2025-08-Como-a-Inovacao-de-Componentes-Esta-Impulsionando-o-Calcado-Sustentavel-1.pdf\">Como a Inova\u00e7\u00e3o de Componentes Est\u00e1 Impulsionando o Cal\u00e7ado Sustent\u00e1vel<\/a><br><\/strong><\/p>\n\n<\/div>\n\n<\/div>\n\n<\/div>\n\n<\/div>\n\n\n\n\n\n\n\n<div class=\"wp-block-columns alignwide is-layout-flex wp-container-core-columns-is-layout-28f84493 wp-block-columns-is-layout-flex\">\n\n<div class=\"wp-block-column is-layout-flow wp-container-core-column-is-layout-a77db08e wp-block-column-is-layout-flow\">\n\n<div class=\"wp-block-columns is-layout-flex wp-container-core-columns-is-layout-28f84493 wp-block-columns-is-layout-flex\">\n\n<div class=\"wp-block-column is-layout-flow wp-block-column-is-layout-flow\" style=\"flex-basis:28.33%\">\n\n<figure class=\"wp-block-image size-full is-resized has-custom-border animacion-imagem\"><img decoding=\"async\" src=\"http:\/\/vettinggreen.eu\/wp-content\/uploads\/2025\/09\/actpac_post_rrss.jpg\" alt=\"\" class=\"has-border-color has-accent-5-border-color wp-image-1584\" style=\"border-width:1px;box-shadow:var(--wp--preset--shadow--natural);width:364px\"\/><\/figure>\n\n<\/div>\n\n\n\n\n\n\n\n<div class=\"wp-block-column is-layout-flow wp-block-column-is-layout-flow\" style=\"flex-basis:66.66%\">\n\n<p style=\"font-size:clamp(0.984rem, 0.984rem + ((1vw - 0.2rem) * 0.86), 1.5rem);\"><strong><br><\/strong><\/p>\n\n\n\n\n\n\n\n<p style=\"font-size:clamp(0.984rem, 0.984rem + ((1vw - 0.2rem) * 0.86), 1.5rem);\"><strong><br><a href=\"http:\/\/vettinggreen.eu\/wp-content\/uploads\/2025\/09\/2025-07-Consumidores-confusos_-Querem-sustentabilidade-mas-sao-vitimas-da-desinformacao-_verde_-1.pdf\" data-type=\"link\" data-id=\"http:\/\/vettinggreen.eu\/wp-content\/uploads\/2025\/09\/2025-07-Consumidores-confusos_-Querem-sustentabilidade-mas-sao-vitimas-da-desinformacao-_verde_-1.pdf\">Consumidores em confus\u00e3o: Querem sustentabilidade mas s\u00e3o v\u00edtimas da desinforma\u00e7\u00e3o verde<\/a><br><\/strong><\/p>\n\n<\/div>\n\n<\/div>\n\n<\/div>\n\n<\/div>\n\n\n\n\n\n\n<div class=\"wp-block-columns alignwide is-layout-flex wp-container-core-columns-is-layout-28f84493 wp-block-columns-is-layout-flex\">\n\n<div class=\"wp-block-column is-layout-flow wp-container-core-column-is-layout-a77db08e wp-block-column-is-layout-flow\">\n\n<div class=\"wp-block-columns is-layout-flex wp-container-core-columns-is-layout-28f84493 wp-block-columns-is-layout-flex\">\n\n<div class=\"wp-block-column is-layout-flow wp-block-column-is-layout-flow\" style=\"flex-basis:28.33%\">\n\n<figure class=\"wp-block-image size-full is-resized has-custom-border animacion-imagem\"><img decoding=\"async\" src=\"http:\/\/vettinggreen.eu\/wp-content\/uploads\/2026\/01\/Imagen-know-how-VETTING.png\" alt=\"\" class=\"has-border-color has-accent-5-border-color wp-image-1584\" style=\"border-width:1px;box-shadow:var(--wp--preset--shadow--natural);width:364px\"\/><\/figure>\n\n<\/div>\n\n\n\n\n\n\n\n<div class=\"wp-block-column is-layout-flow wp-block-column-is-layout-flow\" style=\"flex-basis:66.66%\">\n\n<p style=\"font-size:clamp(0.984rem, 0.984rem + ((1vw - 0.2rem) * 0.86), 1.5rem);\"><strong><br><\/strong><\/p>\n\n\n\n\n\n\n\n<p style=\"font-size:clamp(0.984rem, 0.984rem + ((1vw - 0.2rem) * 0.86), 1.5rem);\"><strong><br><a href=\"http:\/\/vettinggreen.eu\/wp-content\/uploads\/2026\/01\/2026-01-PT.pdf\" data-type=\"link\" data-id=\"http:\/\/vettinggreen.eu\/wp-content\/uploads\/2026\/01\/2026-01-PT.pdf\">Do Saber ao Saber-Fazer: Quando a Sustentabilidade se Torna uma Compet\u00eancia<\/a><br><\/strong><\/p>\n\n<\/div>\n\n<\/div>\n\n<\/div>\n\n<\/div>\n\n\n\n\n\n\n<div class=\"wp-block-columns alignwide is-layout-flex wp-container-core-columns-is-layout-28f84493 wp-block-columns-is-layout-flex\">\n\n<div class=\"wp-block-column is-layout-flow wp-container-core-column-is-layout-a77db08e wp-block-column-is-layout-flow\">\n\n<div class=\"wp-block-columns is-layout-flex wp-container-core-columns-is-layout-28f84493 wp-block-columns-is-layout-flex\">\n\n<div class=\"wp-block-column is-layout-flow wp-block-column-is-layout-flow\" style=\"flex-basis:28.33%\">\n\n<figure class=\"wp-block-image size-full is-resized has-custom-border animacion-imagem\"><img decoding=\"async\" src=\"http:\/\/vettinggreen.eu\/wp-content\/uploads\/2026\/03\/Coaches-guide.jpg\" alt=\"\" class=\"has-border-color has-accent-5-border-color wp-image-1584\" style=\"border-width:1px;box-shadow:var(--wp--preset--shadow--natural);width:364px\"\/><\/figure>\n\n<\/div>\n\n\n\n\n\n\n\n<div class=\"wp-block-column is-layout-flow wp-block-column-is-layout-flow\" style=\"flex-basis:66.66%\">\n\n<p style=\"font-size:clamp(0.984rem, 0.984rem + ((1vw - 0.2rem) * 0.86), 1.5rem);\"><strong><br><\/strong><\/p>\n\n\n\n\n\n\n\n<p style=\"font-size:clamp(0.984rem, 0.984rem + ((1vw - 0.2rem) * 0.86), 1.5rem);\"><strong><br><a href=\"http:\/\/vettinggreen.eu\/wp-content\/uploads\/2026\/03\/2026-03-PT-Coaches-Guide.pdf\" data-type=\"link\" data-id=\"http:\/\/vettinggreen.eu\/wp-content\/uploads\/2026\/03\/2026-03-PT-Coaches-Guide.pdf\">Novo recurso dispon\u00edvel: VETting Green Guia para Formadores<\/a><br><\/strong><\/p>\n\n<\/div>\n\n<\/div>\n\n<\/div>\n\n<\/div>\n\n\n\n\n\n<div class=\"wp-block-columns alignwide is-layout-flex wp-container-core-columns-is-layout-28f84493 wp-block-columns-is-layout-flex\">\n<div class=\"wp-block-column is-layout-flow wp-container-core-column-is-layout-a77db08e wp-block-column-is-layout-flow\">\n<div class=\"wp-block-columns is-layout-flex wp-container-core-columns-is-layout-28f84493 wp-block-columns-is-layout-flex\">\n<div class=\"wp-block-column is-layout-flow wp-block-column-is-layout-flow\" style=\"flex-basis:28.33%\">\n<figure class=\"wp-block-image size-full is-resized has-custom-border animacion-imagen\"><img decoding=\"async\" src=\"http:\/\/vettinggreen.eu\/wp-content\/uploads\/2026\/03\/Metaskills-18.png\" alt=\"\" class=\"has-border-color has-accent-5-border-color wp-image-1584\" style=\"border-width:1px;box-shadow:var(--wp--preset--shadow--natural);width:364px\"\/><\/figure>\n<\/div>\n\n\n\n<div class=\"wp-block-column is-layout-flow wp-block-column-is-layout-flow\" style=\"flex-basis:66.66%\">\n<p style=\"font-size:clamp(0.984rem, 0.984rem + ((1vw - 0.2rem) * 0.86), 1.5rem);\"><strong><br><\/strong><\/p>\n\n\n\n<p style=\"font-size:clamp(0.984rem, 0.984rem + ((1vw - 0.2rem) * 0.86), 1.5rem);\"><strong><br><a href=\"http:\/\/vettinggreen.eu\/wp-content\/uploads\/2026\/03\/2026-03-Emerging-skills-for-Circular.pdf\" data-type=\"link\" data-id=\"http:\/\/vettinggreen.eu\/wp-content\/uploads\/2026\/03\/2026-03-Emerging-skills-for-Circular.pdf\">Emerging skills for Circular Sustainable BioEconomy in the Footwear and Apparel Industry <\/a><br><\/strong><\/p>\n<\/div>\n<\/div>\n<\/div>\n<\/div>\n","protected":false},"excerpt":{"rendered":"<p>A verdadeira sustentabilidade: uma quest\u00e3o de direitos humanos Passaporte digital do produto: promover a transpar\u00eancia e a rastreabilidade Pol\u00edticas sustent\u00e1veis [&hellip;]<\/p>\n","protected":false},"author":1,"featured_media":0,"parent":0,"menu_order":0,"comment_status":"closed","ping_status":"closed","template":"","meta":{"_monsterinsights_skip_tracking":false,"_monsterinsights_sitenote_active":false,"_monsterinsights_sitenote_note":"","_monsterinsights_sitenote_category":0,"footnotes":""},"class_list":["post-1429","page","type-page","status-publish","hentry"],"jetpack_sharing_enabled":true,"_links":{"self":[{"href":"https:\/\/vettinggreen.eu\/pt-pt\/wp-json\/wp\/v2\/pages\/1429","targetHints":{"allow":["GET"]}}],"collection":[{"href":"https:\/\/vettinggreen.eu\/pt-pt\/wp-json\/wp\/v2\/pages"}],"about":[{"href":"https:\/\/vettinggreen.eu\/pt-pt\/wp-json\/wp\/v2\/types\/page"}],"author":[{"embeddable":true,"href":"https:\/\/vettinggreen.eu\/pt-pt\/wp-json\/wp\/v2\/users\/1"}],"replies":[{"embeddable":true,"href":"https:\/\/vettinggreen.eu\/pt-pt\/wp-json\/wp\/v2\/comments?post=1429"}],"version-history":[{"count":29,"href":"https:\/\/vettinggreen.eu\/pt-pt\/wp-json\/wp\/v2\/pages\/1429\/revisions"}],"predecessor-version":[{"id":7254,"href":"https:\/\/vettinggreen.eu\/pt-pt\/wp-json\/wp\/v2\/pages\/1429\/revisions\/7254"}],"wp:attachment":[{"href":"https:\/\/vettinggreen.eu\/pt-pt\/wp-json\/wp\/v2\/media?parent=1429"}],"curies":[{"name":"wp","href":"https:\/\/api.w.org\/{rel}","templated":true}]}}