{"id":716,"date":"2024-04-17T11:35:34","date_gmt":"2024-04-17T09:35:34","guid":{"rendered":"http:\/\/vettinggreen.eu\/sobre-erasmus\/"},"modified":"2024-09-11T15:39:20","modified_gmt":"2024-09-11T13:39:20","slug":"sobre-erasmus","status":"publish","type":"page","link":"https:\/\/vettinggreen.eu\/pt-pt\/sobre-erasmus\/","title":{"rendered":"SOBRE ERASMUS+"},"content":{"rendered":"\n<p><\/p>\n\n<figure class=\"wp-block-image size-full is-style-rounded is-style-rounded--1\"><img fetchpriority=\"high\" decoding=\"async\" width=\"960\" height=\"640\" src=\"http:\/\/vettinggreen.eu\/wp-content\/uploads\/2024\/04\/flag-2608475_960_720.jpg\" alt=\"\" class=\"wp-image-160\"\/><\/figure>\n\n<div style=\"height:34px\" aria-hidden=\"true\" class=\"wp-block-spacer\"><\/div>\n\n<pre id=\"tw-target-text\" class=\"wp-block-preformatted has-century-gothic-font-family has-medium-font-size\">O Erasmus+ \u00e9 o programa da UE que apoia a educa\u00e7\u00e3o, forma\u00e7\u00e3o, mobilidade e desporto na Europa nas \u00e1reas da educa\u00e7\u00e3o juvenil, ensino superior (HS), forma\u00e7\u00e3o profissional (EFP) e educa\u00e7\u00e3o para adultos. Em particular, o atual programa Erasmus+ centra-se na inclus\u00e3o social, nas transi\u00e7\u00f5es verde e digital e na promo\u00e7\u00e3o da participa\u00e7\u00e3o jovem na vida democr\u00e1tica da UE. <br\/><br\/>Esta estrutura \u00e9 organizada nas seguintes a\u00e7\u00f5es:<br\/><br\/>- <strong>A\u00e7\u00e3o-Chave 1<\/strong>, que se foca na Mobilidade de Indiv\u00edduos.<br\/>- <strong>A\u00e7\u00e3o-Chave 2<\/strong>, que se foca na Coopera\u00e7\u00e3o entre Organiza\u00e7\u00f5es e Institui\u00e7\u00f5es.<br\/>- <strong>A\u00e7\u00e3o-Chave 3<\/strong>, que suporta o desenvolvimento e coopera\u00e7\u00e3o de pol\u00edticas.<br\/>- <strong>A\u00e7\u00f5es Jean Monnet<\/strong>, que oferecem oportunidades de educa\u00e7\u00e3o e contribuem para a dissemina\u00e7\u00e3o de conhecimento sobre a integra\u00e7\u00e3o europeia.<br\/><br\/>O VETting Green \u00e9 uma parceria estrat\u00e9gica financiada no \u00e2mbito da A\u00e7\u00e3o-Chave 2 deste programa, na \u00e1rea do EFP.<br\/><br\/><br\/><strong>A\u00e7\u00e3o-Chave 2, que se foca na Coopera\u00e7\u00e3o entre Organiza\u00e7\u00f5es e Institui\u00e7\u00f5es<\/strong><br\/><br\/>Especificamente, o VETting Green \u00e9 uma Parceria Estrat\u00e9gica financiada no \u00e2mbito da A\u00e7\u00e3o-Chave 2 do programa Erasmus+. Em resumo, esta A\u00e7\u00e3o-Chave suporta: Parcerias de Coopera\u00e7\u00e3o, incluindo Parcerias de Coopera\u00e7\u00e3o e Pequenas Parcerias; Parcerias de Excel\u00eancia, incluindo Centros de Excel\u00eancia Profissional e A\u00e7\u00e3o Erasmus Mundus; Parcerias de Inova\u00e7\u00e3o, incluindo Alian\u00e7as e Projetos Prospetivos; Projetos de Desenvolvimento de Capacidades nas \u00e1reas do ensino superior, forma\u00e7\u00e3o profissional, juventude e desporto; e Eventos desportivos europeus sem fins lucrativos. <br\/><br\/>Esta A\u00e7\u00e3o-Chave visa estimular a inova\u00e7\u00e3o atrav\u00e9s do desenvolvimento, transfer\u00eancia e implementa\u00e7\u00e3o de solu\u00e7\u00f5es inovadoras do n\u00edvel local para o europeu. <br\/><br\/>Como resultado, os projetos apoiados no \u00e2mbito desta A\u00e7\u00e3o-Chave t\u00eam como objetivo produzir, entre outros, os seguintes resultados:<br\/><br\/>Processos e solu\u00e7\u00f5es inovadores, proporcionando, por exemplo: programas de educa\u00e7\u00e3o e forma\u00e7\u00e3o mais atrativos; o uso de metodologias digitais e participativas ou novas estrat\u00e9gias para impulsionar a competitividade e o emprego, especialmente a n\u00edvel local ou regional.<br\/><br\/>Melhoria das compet\u00eancias profissionais para trabalhar a n\u00edvel da UE ou internacional atrav\u00e9s do apoio \u00e0 melhoria das compet\u00eancias e estrat\u00e9gias de gest\u00e3o. Ser\u00e1 igualmente apoiada a coopera\u00e7\u00e3o com parceiros estrangeiros, atores da educa\u00e7\u00e3o e forma\u00e7\u00e3o, jovens e outros atores econ\u00f3micos. Ser\u00e3o tamb\u00e9m apoiados projetos europeus ou internacionais atrav\u00e9s de assist\u00eancia na capta\u00e7\u00e3o de fundos e gest\u00e3o de projetos que promovam a EFP ou a juventude.  <br\/><\/pre>\n\n<div style=\"height:23px\" aria-hidden=\"true\" class=\"wp-block-spacer\"><\/div>\n\n<figure class=\"wp-block-embed is-type-video is-provider-youtube wp-block-embed-youtube wp-embed-aspect-16-9 wp-has-aspect-ratio\"><div class=\"wp-block-embed__wrapper\"> \n<iframe title=\"Erasmus+ International Dimension\" width=\"500\" height=\"281\" src=\"https:\/\/www.youtube.com\/embed\/SbPgsC9Ql9w?feature=oembed\" frameborder=\"0\" allow=\"accelerometer; autoplay; clipboard-write; encrypted-media; gyroscope; picture-in-picture; web-share\" referrerpolicy=\"strict-origin-when-cross-origin\" allowfullscreen><\/iframe>\n <\/div><figcaption class=\"wp-element-caption\"><br><br>&#8220;Extra\u00eddo do s\u00edtio Web do Erasmus+ <a href=\"https:\/\/erasmus-plus.ec.europa.eu\/es\/about-erasmus\/what-is-erasmus\" data-type=\"link\" data-id=\"https:\/\/erasmus-plus.ec.europa.eu\/es\/about-erasmus\/what-is-erasmus\"><g id=\"gid_0\">\u00bfQu\u00e9 es Erasmus+? | Erasmus+ (europa.eu<\/g> <\/a>) &#8220;<\/figcaption><\/figure>\n","protected":false},"excerpt":{"rendered":"<p>O Erasmus+ \u00e9 o programa da UE que apoia a educa\u00e7\u00e3o, forma\u00e7\u00e3o, mobilidade e desporto na Europa nas \u00e1reas da [&hellip;]<\/p>\n","protected":false},"author":1,"featured_media":0,"parent":0,"menu_order":0,"comment_status":"closed","ping_status":"closed","template":"","meta":{"_monsterinsights_skip_tracking":false,"_monsterinsights_sitenote_active":false,"_monsterinsights_sitenote_note":"","_monsterinsights_sitenote_category":0,"footnotes":""},"class_list":["post-716","page","type-page","status-publish","hentry"],"jetpack_sharing_enabled":true,"_links":{"self":[{"href":"https:\/\/vettinggreen.eu\/pt-pt\/wp-json\/wp\/v2\/pages\/716","targetHints":{"allow":["GET"]}}],"collection":[{"href":"https:\/\/vettinggreen.eu\/pt-pt\/wp-json\/wp\/v2\/pages"}],"about":[{"href":"https:\/\/vettinggreen.eu\/pt-pt\/wp-json\/wp\/v2\/types\/page"}],"author":[{"embeddable":true,"href":"https:\/\/vettinggreen.eu\/pt-pt\/wp-json\/wp\/v2\/users\/1"}],"replies":[{"embeddable":true,"href":"https:\/\/vettinggreen.eu\/pt-pt\/wp-json\/wp\/v2\/comments?post=716"}],"version-history":[{"count":2,"href":"https:\/\/vettinggreen.eu\/pt-pt\/wp-json\/wp\/v2\/pages\/716\/revisions"}],"predecessor-version":[{"id":1003,"href":"https:\/\/vettinggreen.eu\/pt-pt\/wp-json\/wp\/v2\/pages\/716\/revisions\/1003"}],"wp:attachment":[{"href":"https:\/\/vettinggreen.eu\/pt-pt\/wp-json\/wp\/v2\/media?parent=716"}],"curies":[{"name":"wp","href":"https:\/\/api.w.org\/{rel}","templated":true}]}}