{"id":740,"date":"2024-04-17T08:33:10","date_gmt":"2024-04-17T06:33:10","guid":{"rendered":"http:\/\/vettinggreen.eu\/proposito-do-projeto\/"},"modified":"2025-12-16T15:55:56","modified_gmt":"2025-12-16T14:55:56","slug":"proposito-do-projeto","status":"publish","type":"page","link":"https:\/\/vettinggreen.eu\/pt-pt\/proposito-do-projeto\/","title":{"rendered":"PROP\u00d3SITO DO PROJETO"},"content":{"rendered":"\n<div class=\"wp-block-group alignfull has-base-background-color has-background has-global-padding is-layout-constrained wp-container-core-group-is-layout-669513ed wp-block-group-is-layout-constrained\" style=\"margin-top:0;margin-bottom:0;padding-top:var(--wp--preset--spacing--50);padding-right:var(--wp--preset--spacing--50);padding-bottom:var(--wp--preset--spacing--50);padding-left:var(--wp--preset--spacing--50)\">\n<div class=\"wp-block-columns alignwide is-layout-flex wp-container-core-columns-is-layout-28f84493 wp-block-columns-is-layout-flex\">\n<div class=\"wp-block-column is-layout-flow wp-block-column-is-layout-flow\" style=\"flex-basis:100%\">\n<p>Em 30 de mar\u00e7o de 2022, a Comiss\u00e3o Europeia publicou orienta\u00e7\u00f5es para capacitar os consumidores rumo a uma transi\u00e7\u00e3o verde, atrav\u00e9s de novas alternativas para suportar a tomada de decis\u00f5es informadas, ao mesmo tempo que os protege contra pr\u00e1ticas desleais (de acordo com um Eurobar\u00f3metro especial de 2019, &#8220;o ambiente era pessoalmente importante para 94% dos participantes&#8221;, enquanto o inqu\u00e9rito \u00e0s condi\u00e7\u00f5es do consumidor realizado pela Comiss\u00e3o Europeia em 2021 mostrou que &#8220;56% dos consumidores da UE prestam aten\u00e7\u00e3o ao impacto ambiental dos bens e servi\u00e7os&#8221;). Isto \u00e9 especialmente relevante nos setores do cal\u00e7ado e do vestu\u00e1rio, que s\u00e3o globais e com diversos casos de marketing enganoso sobre sustentabilidade.   <\/p>\n\n\n\n<p>A motiva\u00e7\u00e3o para este projeto adv\u00e9m da falta de consci\u00eancia dos consumidores da UE quanto aos truques que algumas marcas utilizam para faz\u00ea-los acreditar que seus produtos s\u00e3o sustent\u00e1veis. Consequentemente, o objetivo do VETting Green \u00e9 investigar o problema e desenvolver cursos de EFP em toda a UE sobre esses conceitos para ajudar os consumidores a identificar afirma\u00e7\u00f5es verdes enganosas e escolher produtos de marcas que possam comprovar as suas reivindica\u00e7\u00f5es ambientais. Para esse fim, os parceiros do projeto trabalham na sensibiliza\u00e7\u00e3o dos estudantes, profissionais e consumidores de EFP sobre os conceitos de greenwashing nos setores do cal\u00e7ado e do vestu\u00e1rio.  <\/p>\n\n\n\n<p>Assim, o projeto fornecer\u00e1 conte\u00fados de forma\u00e7\u00e3o relevantes para ajudar os trabalhadores, as empresas e os consumidores dos setores do cal\u00e7ado e do vestu\u00e1rio a tornarem-se especialistas nos seguintes t\u00f3picos:<\/p>\n\n\n\n<ul class=\"wp-block-list\">\n<li>Estrat\u00e9gias utilizadas por empresas no setor do cal\u00e7ado e outras entidades relacionadas que podem ser consideradas greenwashing, e r\u00f3tulos existentes. <\/li>\n\n\n\n<li>Ferramentas para abordar a quest\u00e3o do greenwashing atrav\u00e9s de intera\u00e7\u00f5es e sinergias entre diferentes setores.<\/li>\n\n\n\n<li>Compreender o greenwashing e estrat\u00e9gias reais de sustentabilidade para a cria\u00e7\u00e3o e fabrica\u00e7\u00e3o de produtos verdes de alta qualidade.<\/li>\n<\/ul>\n<\/div>\n<\/div>\n<\/div>\n\n\n\n<div class=\"wp-block-cover alignfull has-parallax\" style=\"padding-top:var(--wp--preset--spacing--50);padding-right:var(--wp--preset--spacing--50);padding-bottom:var(--wp--preset--spacing--50);padding-left:var(--wp--preset--spacing--50);min-height:800px;aspect-ratio:unset;\"><div class=\"wp-block-cover__image-background wp-image-285 has-parallax\" style=\"background-position:50% 50%;background-image:url(http:\/\/vettinggreen.eu\/wp-content\/uploads\/2024\/05\/bosque_vetting.jpg)\"><\/div><span aria-hidden=\"true\" class=\"wp-block-cover__background has-base-background-color has-background-dim-0 has-background-dim\"><\/span><div class=\"wp-block-cover__inner-container has-global-padding is-layout-constrained wp-container-core-cover-is-layout-e4fd886c wp-block-cover-is-layout-constrained\">\n<div style=\"height:500px\" aria-hidden=\"true\" class=\"wp-block-spacer\"><\/div>\n<\/div><\/div>\n\n\n\n<div class=\"wp-block-group alignfull has-base-2-background-color has-background has-global-padding is-layout-constrained wp-container-core-group-is-layout-7cd14b77 wp-block-group-is-layout-constrained\" id=\"objetivos\" style=\"margin-top:0;margin-bottom:0;padding-top:var(--wp--preset--spacing--60);padding-right:var(--wp--preset--spacing--60);padding-bottom:var(--wp--preset--spacing--60);padding-left:var(--wp--preset--spacing--60)\">\n<div class=\"wp-block-group is-vertical is-content-justification-center is-layout-flex wp-container-core-group-is-layout-52b864f0 wp-block-group-is-layout-flex\">\n<h2 class=\"wp-block-heading has-text-align-center is-style-asterisk\"><strong>OBJETIVOS<\/strong><\/h2>\n\n\n\n<div style=\"height:0px\" aria-hidden=\"true\" class=\"wp-block-spacer wp-container-content-4f2ccadb\"><\/div>\n\n\n\n<p class=\"has-text-align-center\">A nossa gama completa de servi\u00e7os profissionais destina-se a uma clientela diversificada, desde propriet\u00e1rios de casas a promotores comerciais.<\/p>\n<\/div>\n\n\n\n<div style=\"margin-top:0;margin-bottom:0;height:min(4rem, 5vw)\" aria-hidden=\"true\" class=\"wp-block-spacer\"><\/div>\n\n\n\n<div class=\"wp-block-columns alignwide is-layout-flex wp-container-core-columns-is-layout-d0bbbce0 wp-block-columns-is-layout-flex\">\n<div class=\"wp-block-column is-layout-flow wp-container-core-column-is-layout-e3d1c41b wp-block-column-is-layout-flow\">\n<h3 class=\"wp-block-heading has-text-align-left is-style-asterisk has-body-font-family has-medium-font-size\" style=\"font-style:normal;font-weight:600\">Pol\u00edticas verdes<\/h3>\n\n\n\n<p class=\"has-text-align-left\">Apoiar decisores pol\u00edticos e autoridades p\u00fablicas na transi\u00e7\u00e3o para pol\u00edticas mais verdes nos setores do cal\u00e7ado e relacionados. Combater pr\u00e1ticas desleais que exploram a vontade dos consumidores de proteger o ambiente. <\/p>\n<\/div>\n\n\n\n<div class=\"wp-block-column is-layout-flow wp-container-core-column-is-layout-e3d1c41b wp-block-column-is-layout-flow\">\n<h3 class=\"wp-block-heading has-text-align-left is-style-asterisk has-body-font-family has-medium-font-size\" style=\"font-style:normal;font-weight:600\">Informa\u00e7\u00e3o ambiental<\/h3>\n\n\n\n<p class=\"has-text-align-left\">Disponibilizar conhecimento sobre quest\u00f5es ambientais \u00e0s comunidades EFP e profissionais em processos de aprendizagem ao longo da vida, bem como a outros atores chave. Aproveitar para que as empresas mudem as suas pol\u00edticas atuais para outras cada vez mais sustent\u00e1veis. <\/p>\n<\/div>\n\n\n\n<div class=\"wp-block-column is-layout-flow wp-container-core-column-is-layout-e3d1c41b wp-block-column-is-layout-flow\">\n<h3 class=\"wp-block-heading has-text-align-left is-style-asterisk has-body-font-family has-medium-font-size\" style=\"font-style:normal;font-weight:600\">Sustentabilidade<\/h3>\n\n\n\n<p class=\"has-text-align-left\">Aumentar a consci\u00eancia sobre a rastreabilidade e rotulagem de produtos entre trabalhadores e consumidores do cal\u00e7ado. Promover decis\u00f5es conscientes dos consumidores. Provocar uma mudan\u00e7a na ind\u00fastria do cal\u00e7ado gra\u00e7as \u00e0s melhores pr\u00e1ticas e estrat\u00e9gias para comunicar informa\u00e7\u00e3o transparente sobre sustentabilidade.  <\/p>\n<\/div>\n<\/div>\n<\/div>\n","protected":false},"excerpt":{"rendered":"<p>Em 30 de mar\u00e7o de 2022, a Comiss\u00e3o Europeia publicou orienta\u00e7\u00f5es para capacitar os consumidores rumo a uma transi\u00e7\u00e3o verde, [&hellip;]<\/p>\n","protected":false},"author":1,"featured_media":0,"parent":0,"menu_order":0,"comment_status":"closed","ping_status":"closed","template":"","meta":{"_monsterinsights_skip_tracking":false,"_monsterinsights_sitenote_active":false,"_monsterinsights_sitenote_note":"","_monsterinsights_sitenote_category":0,"footnotes":""},"class_list":["post-740","page","type-page","status-publish","hentry"],"jetpack_sharing_enabled":true,"_links":{"self":[{"href":"https:\/\/vettinggreen.eu\/pt-pt\/wp-json\/wp\/v2\/pages\/740","targetHints":{"allow":["GET"]}}],"collection":[{"href":"https:\/\/vettinggreen.eu\/pt-pt\/wp-json\/wp\/v2\/pages"}],"about":[{"href":"https:\/\/vettinggreen.eu\/pt-pt\/wp-json\/wp\/v2\/types\/page"}],"author":[{"embeddable":true,"href":"https:\/\/vettinggreen.eu\/pt-pt\/wp-json\/wp\/v2\/users\/1"}],"replies":[{"embeddable":true,"href":"https:\/\/vettinggreen.eu\/pt-pt\/wp-json\/wp\/v2\/comments?post=740"}],"version-history":[{"count":4,"href":"https:\/\/vettinggreen.eu\/pt-pt\/wp-json\/wp\/v2\/pages\/740\/revisions"}],"predecessor-version":[{"id":6903,"href":"https:\/\/vettinggreen.eu\/pt-pt\/wp-json\/wp\/v2\/pages\/740\/revisions\/6903"}],"wp:attachment":[{"href":"https:\/\/vettinggreen.eu\/pt-pt\/wp-json\/wp\/v2\/media?parent=740"}],"curies":[{"name":"wp","href":"https:\/\/api.w.org\/{rel}","templated":true}]}}