{"id":797,"date":"2024-04-17T09:00:49","date_gmt":"2024-04-17T07:00:49","guid":{"rendered":"http:\/\/vettinggreen.eu\/resultados\/"},"modified":"2026-03-24T09:53:45","modified_gmt":"2026-03-24T08:53:45","slug":"resultados","status":"publish","type":"page","link":"https:\/\/vettinggreen.eu\/pt-pt\/resultados\/","title":{"rendered":"RESULTADOS"},"content":{"rendered":"\n<div class=\"wp-block-group alignfull has-base-background-color has-background has-global-padding is-layout-constrained wp-container-core-group-is-layout-b673cb31 wp-block-group-is-layout-constrained\" style=\"margin-top:0;margin-bottom:0;padding-top:var(--wp--preset--spacing--30);padding-right:var(--wp--preset--spacing--50);padding-bottom:var(--wp--preset--spacing--30);padding-left:var(--wp--preset--spacing--50)\">\n<div class=\"wp-block-columns alignwide is-layout-flex wp-container-core-columns-is-layout-7ccf6ada wp-block-columns-is-layout-flex\" style=\"padding-top:0px;padding-bottom:0px\">\n<div class=\"wp-block-column has-global-padding is-content-justification-left is-layout-constrained wp-container-core-column-is-layout-4f15e8fe wp-block-column-is-layout-constrained\" style=\"flex-basis:40%\">\n<p>As informa\u00e7\u00f5es abaixo mostram os resultados esperados: <\/p>\n<\/div>\n\n\n\n<div class=\"wp-block-column is-layout-flow wp-container-core-column-is-layout-119bc444 wp-block-column-is-layout-flow\" style=\"flex-basis:60%\">\n<ul class=\"wp-block-list\">\n<li>Gera\u00e7\u00e3o de conhecimento a n\u00edvel da UE nos setores do cal\u00e7ado e t\u00eaxtil para definir, identificar e combater o greenwashing e a desinforma\u00e7\u00e3o.<\/li>\n\n\n\n<li>Maior consci\u00eancia entre trabalhadores e consumidores para tomar melhores decis\u00f5es. <\/li>\n\n\n\n<li>Prepara\u00e7\u00e3o de estudantes EFP, professores, empreendedores e profissionais em processos de aprendizagem ao longo da vida em quest\u00f5es ambientais.<\/li>\n\n\n\n<li>Ferramentas digitais EFP atrativas para o setor do cal\u00e7ado, cujo conte\u00fado pode ser facilmente replicado.<\/li>\n<\/ul>\n<\/div>\n<\/div>\n\n\n\n<div style=\"height:11px\" aria-hidden=\"true\" class=\"wp-block-spacer\"><\/div>\n\n\n\n<figure class=\"wp-block-image aligncenter size-full is-resized is-style-rounded is-style-rounded--1\"><img fetchpriority=\"high\" decoding=\"async\" width=\"837\" height=\"703\" src=\"http:\/\/vettinggreen.eu\/wp-content\/uploads\/2024\/05\/chica_vestido_vetting.png\" alt=\"\" class=\"wp-image-291\" style=\"object-fit:cover;width:648px;height:500px\"\/><\/figure>\n\n\n\n<div style=\"height:40px\" aria-hidden=\"true\" class=\"wp-block-spacer\"><\/div>\n<\/div>\n\n<div class=\"wp-block-group alignfull has-background is-layout-flow wp-container-core-group-is-layout-e0cebd0f wp-block-group-is-layout-flow\" style=\"background-color:#e7e7e4;margin-top:0;margin-bottom:0;padding-top:var(--wp--preset--spacing--50);padding-right:var(--wp--preset--spacing--50);padding-bottom:var(--wp--preset--spacing--50);padding-left:var(--wp--preset--spacing--50)\">\n<div class=\"wp-block-group has-global-padding is-layout-constrained wp-block-group-is-layout-constrained\">\n<div class=\"wp-block-group has-global-padding is-layout-constrained wp-block-group-is-layout-constrained\">\n<h2 class=\"wp-block-heading has-text-align-center\"> PRINCIPAIS RESULTADOS<\/h2>\n<\/div>\n\n\n\n<div style=\"height:28px\" aria-hidden=\"true\" class=\"wp-block-spacer\"><\/div>\n<\/div>\n\n\n\n<div class=\"wp-block-group is-vertical is-content-justification-center is-layout-flex wp-container-core-group-is-layout-ce155fab wp-block-group-is-layout-flex\">\n<div class=\"wp-block-columns is-layout-flex wp-container-core-columns-is-layout-28f84493 wp-block-columns-is-layout-flex\">\n<div class=\"wp-block-column is-layout-flow wp-block-column-is-layout-flow\"><\/div>\n\n\n\n<div class=\"wp-block-column is-layout-flow wp-block-column-is-layout-flow\"><\/div>\n<\/div>\n\n\n\n<div class=\"wp-block-group has-global-padding is-layout-constrained wp-block-group-is-layout-constrained\">\n<div class=\"wp-block-columns alignfull is-layout-flex wp-container-core-columns-is-layout-28f84493 wp-block-columns-is-layout-flex\">\n<div class=\"wp-block-column animacion-imagen-resultados is-layout-flow wp-block-column-is-layout-flow\">\n<div class=\"wp-block-cover\" style=\"border-radius:20px; cursor: pointer;\" onclick=\"abrirPDF()\"><span aria-hidden=\"true\" class=\"wp-block-cover__background has-background-dim-20 has-background-dim\"><\/span><img decoding=\"async\" width=\"7360\" height=\"4912\" class=\"wp-block-cover__image-background wp-image-392\" alt=\"\" src=\"http:\/\/vettinggreen.eu\/wp-content\/uploads\/2024\/05\/scott-graham-OQMZwNd3ThU-unsplash-1.jpg\" data-object-fit=\"cover\"\/><div class=\"wp-block-cover__inner-container is-layout-flow wp-block-cover-is-layout-flow\">\n\n<p class=\"has-text-align-center has-large-font-size\">Relat\u00f3rio pol\u00edtico para lutar contra o branqueamento ecol\u00f3gico <\/p>\n\n\n\n\n<\/div><\/div>\n<\/div>\n\n\n\n<div class=\"wp-block-column animacion-imagen-resultados is-layout-flow wp-block-column-is-layout-flow\">\n<div class=\"wp-block-cover\" style=\"border-radius:20px\"><img decoding=\"async\" width=\"4831\" height=\"3221\" class=\"wp-block-cover__image-background wp-image-396\" alt=\"\" src=\"http:\/\/vettinggreen.eu\/wp-content\/uploads\/2024\/05\/john-schnobrich-2FPjlAyMQTA-unsplash.jpg\" data-object-fit=\"cover\"\/><span aria-hidden=\"true\" class=\"wp-block-cover__background has-background-dim-20 has-background-dim\" style=\"background-color:#767171\"><\/span><div class=\"wp-block-cover__inner-container is-layout-flow wp-block-cover-is-layout-flow\">\n<p class=\"has-text-align-center has-large-font-size\">Plataforma de aprendizagem para combater o greenwashing na ind\u00fastria t\u00eaxtil e do cal\u00e7ado para produtores, trabalhadores e estudantes de EFP<\/p>\n<\/div><\/div>\n<\/div>\n<\/div>\n\n\n\n<div class=\"wp-block-group alignfull has-global-padding is-layout-constrained wp-block-group-is-layout-constrained\">\n<div class=\"wp-block-columns alignfull is-layout-flex wp-container-core-columns-is-layout-28f84493 wp-block-columns-is-layout-flex\">\n<div class=\"wp-block-column animacion-imagen-resultados is-layout-flow wp-block-column-is-layout-flow\">\n<div class=\"wp-block-cover\" style=\"border-radius:20px; cursor: pointer;\" onclick=\"abrirCoachesGuide()\"><img loading=\"lazy\" decoding=\"async\" width=\"3600\" height=\"2400\" class=\"wp-block-cover__image-background wp-image-394\" alt=\"\" src=\"http:\/\/vettinggreen.eu\/wp-content\/uploads\/2024\/05\/jason-goodman-Oalh2MojUuk-unsplash-1.jpg\" data-object-fit=\"cover\"\/><span aria-hidden=\"true\" class=\"wp-block-cover__background has-background-dim-30 has-background-dim\"><\/span><div class=\"wp-block-cover__inner-container is-layout-flow wp-block-cover-is-layout-flow\">\n<p class=\"has-text-align-center has-large-font-size\">Guia para os formadores que utilizam a plataforma de aprendizagem VETting Green<\/p>\n<\/div><\/div>\n<\/div>\n\n\n\n<div class=\"wp-block-column animacion-imagen-resultados is-layout-flow wp-block-column-is-layout-flow\">\n<div class=\"wp-block-cover\" style=\"border-radius:20px; cursor: pointer;\" onclick=\"abrirFormulario()\"><span aria-hidden=\"true\" class=\"wp-block-cover__background has-background-dim-20 has-background-dim\"><\/span><img loading=\"lazy\" decoding=\"async\" width=\"7008\" height=\"4672\" class=\"wp-block-cover__image-background wp-image-395\" alt=\"\" src=\"http:\/\/vettinggreen.eu\/wp-content\/uploads\/2024\/05\/odissei-e1YThDHmTA4-unsplash-1.jpg\" data-object-fit=\"cover\"\/><div class=\"wp-block-cover__inner-container is-layout-flow wp-block-cover-is-layout-flow\">\n\n<p class=\"has-text-align-center has-large-font-size\">Question\u00e1rio de autoavalia\u00e7\u00e3o sobre o consumo de greenwashing<\/p>\n\n<\/div><\/div>\n<\/div>\n<\/div>\n<\/div>\n<\/div>\n<\/div>\n\n\n\n<div class=\"wp-block-columns alignfull is-layout-flex wp-container-core-columns-is-layout-8d88fe0f wp-block-columns-is-layout-flex\" style=\"padding-top:var(--wp--preset--spacing--20);padding-bottom:var(--wp--preset--spacing--20)\">\n<div class=\"wp-block-column animacion-imagen-resultados is-layout-flow wp-block-column-is-layout-flow\">\n<div class=\"wp-block-cover is-light\" style=\"border-radius:20px\"><img loading=\"lazy\" decoding=\"async\" width=\"800\" height=\"533\" class=\"wp-block-cover__image-background wp-image-3750 size-full\" alt=\"\" src=\"http:\/\/vettinggreen.eu\/wp-content\/uploads\/2025\/05\/empresarios-sentados-la-mesa-con-panel-tactil-y-notas-desarrollando-estrategias-comerciales-realizando-cambios-en-el-informe-financiero.jpg\" data-object-fit=\"cover\" srcset=\"https:\/\/vettinggreen.eu\/wp-content\/uploads\/2025\/05\/empresarios-sentados-la-mesa-con-panel-tactil-y-notas-desarrollando-estrategias-comerciales-realizando-cambios-en-el-informe-financiero.jpg 800w, https:\/\/vettinggreen.eu\/wp-content\/uploads\/2025\/05\/empresarios-sentados-la-mesa-con-panel-tactil-y-notas-desarrollando-estrategias-comerciales-realizando-cambios-en-el-informe-financiero-300x200.jpg 300w, https:\/\/vettinggreen.eu\/wp-content\/uploads\/2025\/05\/empresarios-sentados-la-mesa-con-panel-tactil-y-notas-desarrollando-estrategias-comerciales-realizando-cambios-en-el-informe-financiero-768x512.jpg 768w\" sizes=\"(max-width: 800px) 100vw, 800px\" \/><span aria-hidden=\"true\" class=\"wp-block-cover__background has-contrast-background-color has-background-dim-40 has-background-dim\"><\/span><div class=\"wp-block-cover__inner-container is-layout-flow wp-block-cover-is-layout-flow\">\n<p class=\"has-text-align-center has-base-color has-text-color has-link-color has-large-font-size wp-elements-998711f60bbb84caa5cd93f5f034bc14\">Roteiro para os utilizadores da plataforma de aprendizagem VETting Green<\/p>\n<\/div><\/div>\n<\/div>\n\n\n\n<div class=\"wp-block-column animacion-imagen-resultados is-layout-flow wp-block-column-is-layout-flow\"><\/div>\n<\/div>\n<\/div>\n\n\n<script>\nfunction abrirPDF() {\n    let nuevaPestana = window.open(\"http:\/\/vettinggreen.eu\/wp-content\/uploads\/2026\/03\/Policy-Brief_PT_V2.pdf\", \"_blank\");\n    setTimeout(() => {\n        if (nuevaPestana) {\n            nuevaPestana.document.title = \"Policy Report\"; \n        }\n    }, 500);   \n}\n\nfunction abrirFormulario() {\nwindow.open(\"https:\/\/vettinggreen.eu\/questionario-de-consciencializacao-sobre-greenwashing\/?lang=pt-pt\", \"_blank\");\n}\nfunction abrirCoachesGuide() {\n    let nuevaPestana = window.open(\"http:\/\/vettinggreen.eu\/wp-content\/uploads\/2026\/03\/VETGR_2_WP5_Coached_guide_draft_26_FINAL_PT.docx.pdf\", \"_blank\");\n\n    fetch(ajax_object.ajax_url + '?action=registrar_descarga', {\n        method: 'GET'\n    }).then(res => res.json())\n      .then(data => console.log(\"Contador actualizado:\", data.data.total))\n      .catch(err => console.error(\"Error:\", err));\n\n    setTimeout(() => {\n        if (nuevaPestana) {\n            nuevaPestana.document.title = \"Coaches Guide\";\n        }\n    }, 500);\n}\n<\/script>","protected":false},"excerpt":{"rendered":"<p>As informa\u00e7\u00f5es abaixo mostram os resultados esperados: PRINCIPAIS RESULTADOS<\/p>\n","protected":false},"author":1,"featured_media":0,"parent":0,"menu_order":0,"comment_status":"closed","ping_status":"closed","template":"","meta":{"_monsterinsights_skip_tracking":false,"_monsterinsights_sitenote_active":false,"_monsterinsights_sitenote_note":"","_monsterinsights_sitenote_category":0,"footnotes":""},"class_list":["post-797","page","type-page","status-publish","hentry"],"jetpack_sharing_enabled":true,"_links":{"self":[{"href":"https:\/\/vettinggreen.eu\/pt-pt\/wp-json\/wp\/v2\/pages\/797","targetHints":{"allow":["GET"]}}],"collection":[{"href":"https:\/\/vettinggreen.eu\/pt-pt\/wp-json\/wp\/v2\/pages"}],"about":[{"href":"https:\/\/vettinggreen.eu\/pt-pt\/wp-json\/wp\/v2\/types\/page"}],"author":[{"embeddable":true,"href":"https:\/\/vettinggreen.eu\/pt-pt\/wp-json\/wp\/v2\/users\/1"}],"replies":[{"embeddable":true,"href":"https:\/\/vettinggreen.eu\/pt-pt\/wp-json\/wp\/v2\/comments?post=797"}],"version-history":[{"count":13,"href":"https:\/\/vettinggreen.eu\/pt-pt\/wp-json\/wp\/v2\/pages\/797\/revisions"}],"predecessor-version":[{"id":7193,"href":"https:\/\/vettinggreen.eu\/pt-pt\/wp-json\/wp\/v2\/pages\/797\/revisions\/7193"}],"wp:attachment":[{"href":"https:\/\/vettinggreen.eu\/pt-pt\/wp-json\/wp\/v2\/media?parent=797"}],"curies":[{"name":"wp","href":"https:\/\/api.w.org\/{rel}","templated":true}]}}