{"id":837,"date":"2024-04-17T11:09:15","date_gmt":"2024-04-17T09:09:15","guid":{"rendered":"http:\/\/vettinggreen.eu\/publicacoes\/"},"modified":"2026-03-27T10:23:48","modified_gmt":"2026-03-27T09:23:48","slug":"publicacoes","status":"publish","type":"page","link":"https:\/\/vettinggreen.eu\/pt-pt\/publicacoes\/","title":{"rendered":"PUBLICA\u00c7\u00d5ES"},"content":{"rendered":"\n<div class=\"wp-block-group alignfull has-global-padding is-layout-constrained wp-container-core-group-is-layout-b25ccd55 wp-block-group-is-layout-constrained\" style=\"margin-top:0;margin-bottom:0;padding-top:var(--wp--preset--spacing--50);padding-right:var(--wp--preset--spacing--50);padding-bottom:var(--wp--preset--spacing--50);padding-left:var(--wp--preset--spacing--50)\">\n<div class=\"wp-block-columns alignwide is-layout-flex wp-container-core-columns-is-layout-ff4b9c61 wp-block-columns-is-layout-flex\" style=\"margin-top:0;margin-bottom:0\">\n<div class=\"wp-block-column is-vertically-aligned-top is-layout-flow wp-container-core-column-is-layout-8a368f38 wp-block-column-is-layout-flow\">\n<div style=\"height:var(--wp--preset--spacing--50)\" aria-hidden=\"true\" class=\"wp-block-spacer\"><\/div>\n\n\n\n<figure class=\"wp-block-image size-full is-style-rounded is-style-rounded--1\"><img fetchpriority=\"high\" decoding=\"async\" width=\"4032\" height=\"3024\" src=\"http:\/\/vettinggreen.eu\/wp-content\/uploads\/2024\/05\/foto_ctcr_vetting.jpg\" alt=\"\" class=\"wp-image-293\" style=\"aspect-ratio:4\/3;object-fit:cover\"\/><figcaption class=\"wp-element-caption\"><br><strong><a href=\"http:\/\/vettinggreen.eu\/wp-content\/uploads\/2025\/03\/PT-Press-Release-1.pdf\">1.\u00aa Reuni\u00e3o ARNEDO LOGRONHO (ESPANHA)<\/a><\/strong><br>A primeira reuni\u00e3o presencial do projeto realizou-se nos dias 6 e 7 de fevereiro de 2024 nas instala\u00e7\u00f5es do CTCR (coordenador) em Arnedo e nas instala\u00e7\u00f5es da FER em Logronho. Participantes presentes: CTCP (Portugal), CEC (B\u00e9lgica), Politecnico Calzaturiero (It\u00e1lia), EKPIZO (Gr\u00e9cia) e Neo Sapiens (Espanha). O objetivo da reuni\u00e3o foi rever o progresso do projeto e planear as pr\u00f3ximas atividades a realizar. Devido aos poucos meses de execu\u00e7\u00e3o desta a\u00e7\u00e3o inovadora e \u00e0 sua natureza educativa, serviu para definir os aspetos administrativos, os conte\u00fados e os grupos-alvo com os quais ser\u00e3o realizadas as atividades de forma\u00e7\u00e3o durante o projeto.<\/figcaption><\/figure>\n\n\n\n<div style=\"height:var(--wp--preset--spacing--50)\" aria-hidden=\"true\" class=\"wp-block-spacer\"><\/div>\n\n\n\n<figure class=\"wp-block-image size-full is-resized has-custom-border is-style-rounded is-style-rounded--2\"><img decoding=\"async\" width=\"2560\" height=\"1820\" src=\"http:\/\/vettinggreen.eu\/wp-content\/uploads\/2025\/03\/VETGR_2_M3_Pic_grupo-scaled.jpg\" alt=\"\" class=\"wp-image-2999\" style=\"border-style:none;border-width:0px;border-radius:24px;width:383px;height:auto\" srcset=\"https:\/\/vettinggreen.eu\/wp-content\/uploads\/2025\/03\/VETGR_2_M3_Pic_grupo-scaled.jpg 2560w, https:\/\/vettinggreen.eu\/wp-content\/uploads\/2025\/03\/VETGR_2_M3_Pic_grupo-300x213.jpg 300w, https:\/\/vettinggreen.eu\/wp-content\/uploads\/2025\/03\/VETGR_2_M3_Pic_grupo-1024x728.jpg 1024w, https:\/\/vettinggreen.eu\/wp-content\/uploads\/2025\/03\/VETGR_2_M3_Pic_grupo-768x546.jpg 768w, https:\/\/vettinggreen.eu\/wp-content\/uploads\/2025\/03\/VETGR_2_M3_Pic_grupo-1536x1092.jpg 1536w, https:\/\/vettinggreen.eu\/wp-content\/uploads\/2025\/03\/VETGR_2_M3_Pic_grupo-2048x1456.jpg 2048w\" sizes=\"(max-width: 2560px) 100vw, 2560px\" \/><figcaption class=\"wp-element-caption\"><br><a href=\"http:\/\/vettinggreen.eu\/wp-content\/uploads\/2025\/03\/PT-Press-Release-3.pdf\"><strong>3nd Meeting Padua V\u00e9neto (Italy)<\/strong> <\/a><br>VETting Green: Formadores e Coaches Capacitam Escolhas Sustent\u00e1veis em Cal\u00e7ado e Vestu\u00e1rio. De 21 a 23 de janeiro, o cons\u00f3rcio do projeto Erasmus+ VETting Green reuniu-se em P\u00e1dua, It\u00e1lia. Os parceiros que incluem produtores de cal\u00e7ado, entidades de forma\u00e7\u00e3o profissional e representantes dos consumidores da B\u00e9lgica, Gr\u00e9cia, It\u00e1lia, Portugal e Espanha est\u00e3o atualmente a finalizar um conjunto de materiais e ferramentas para capacitar os consumidores e as empresas dos setores do cal\u00e7ado e do vestu\u00e1rio a identificarem e evitarem alega\u00e7\u00f5es enganosas de \u201cgreenwashing\u201d.<\/figcaption><\/figure>\n\n\n\n<div style=\"height:var(--wp--preset--spacing--50)\" aria-hidden=\"true\" class=\"wp-block-spacer\"><\/div>\n\n\n\n<figure class=\"wp-block-image size-full is-resized has-custom-border is-style-rounded is-style-rounded--3\"><img decoding=\"async\" src=\"http:\/\/vettinggreen.eu\/wp-content\/uploads\/2025\/11\/Group-photo-Brussels.jpeg\" alt=\"\" class=\"wp-image-2999\" style=\"border-style:none;border-width:0px;border-radius:24px;width:383px;height:auto\"\/><figcaption class=\"wp-element-caption\"><br>\n        <a href=\"http:\/\/vettinggreen.eu\/wp-content\/uploads\/2025\/11\/PT-Press-Release-4.pdf\">\n            <strong>Erasmus+ VETting Green Project Lan\u00e7a Relat\u00f3rio de Pol\u00edticas e Curso de Forma\u00e7\u00e3o sobre Greenwashing<\/strong>\n        <\/a><br>\n        O greenwashing continua a ser um grande desafio nas atuais ind\u00fastrias de vestu\u00e1rio e cal\u00e7ado, deixando os nossos consumidores com d\u00favidas e hesita\u00e7\u00f5es sobre o que acreditar, e as empresas do setor TCLF (T\u00eaxteis, Vestu\u00e1rio, Couro e Cal\u00e7ado) frustradas com alega\u00e7\u00f5es &#8216;verdes&#8217; n\u00e3o genu\u00ednas. O projeto VETting Green, financiado pela UE, est\u00e1 a avan\u00e7ar para enfrentar este problema de frente. Entre 22 e 23 de outubro, reuniram-se em Bruxelas parceiros que incluem\nprodutores de cal\u00e7ado, fornecedores de forma\u00e7\u00e3o profissional e representantes de consumidores de Espanha, B\u00e9lgica, Portugal, It\u00e1lia e Gr\u00e9cia. O seu objetivo partilhado: dar ao setor o conhecimento e as ferramentas necess\u00e1rias para reconhecer e prevenir o greenwashing, ao mesmo tempo que apoiam o impulso mais vasto da UE para uma transi\u00e7\u00e3o verde sustent\u00e1vel. Para este fim, o cons\u00f3rcio do projeto desenvolveu um Relat\u00f3rio de Pol\u00edticas e um Curso de Forma\u00e7\u00e3o Online.\n    <\/figcaption><\/figure>\n\n\n<\/div>\n\n\n\n<div class=\"wp-block-column is-layout-flow wp-container-core-column-is-layout-8a368f38 wp-block-column-is-layout-flow\">\n<figure class=\"wp-block-image size-full is-resized has-custom-border is-style-rounded is-style-rounded--5\"><img decoding=\"async\" width=\"2560\" height=\"1707\" src=\"https:\/\/vettinggreen.eu\/wp-content\/uploads\/2024\/09\/reunion_portugal-3-scaled.jpg\" alt=\"\" class=\"wp-image-1191\" style=\"border-style:none;border-width:0px;border-radius:24px;width:383px;height:auto\" srcset=\"https:\/\/vettinggreen.eu\/wp-content\/uploads\/2024\/09\/reunion_portugal-3-scaled.jpg 2560w, https:\/\/vettinggreen.eu\/wp-content\/uploads\/2024\/09\/reunion_portugal-3-300x200.jpg 300w, https:\/\/vettinggreen.eu\/wp-content\/uploads\/2024\/09\/reunion_portugal-3-1024x683.jpg 1024w, https:\/\/vettinggreen.eu\/wp-content\/uploads\/2024\/09\/reunion_portugal-3-768x512.jpg 768w, https:\/\/vettinggreen.eu\/wp-content\/uploads\/2024\/09\/reunion_portugal-3-1536x1024.jpg 1536w, https:\/\/vettinggreen.eu\/wp-content\/uploads\/2024\/09\/reunion_portugal-3-2048x1365.jpg 2048w\" sizes=\"(max-width: 2560px) 100vw, 2560px\" \/><figcaption class=\"wp-element-caption\"><br><strong><a href=\"http:\/\/vettinggreen.eu\/wp-content\/uploads\/2025\/03\/PT-Press-Release-2.pdf\">2.\u00aa Reuni\u00e3o S\u00e3o Jo\u00e3o da Madeira Porto (Portugal)<\/a> <\/strong> <br>A segunda reuni\u00e3o presencial do projeto realizou-se nos dias 5 e 6 de junho de 2024 nas instala\u00e7\u00f5es do CTCP em S\u00e3o Jo\u00e3o da Madeira e nas instala\u00e7\u00f5es da APICCAPS no Porto. A reuni\u00e3o teve como objetivo rever o progresso do projeto e planear as pr\u00f3ximas atividades a realizar. Foram analisadas as informa\u00e7\u00f5es recebidas e os documentos preparados at\u00e9 ao momento, tendo sido definidos os aspetos mais importantes da plataforma de forma\u00e7\u00e3o.<\/figcaption><\/figure>\n\n\n\n<div style=\"height:var(--wp--preset--spacing--50)\" aria-hidden=\"true\" class=\"wp-block-spacer\"><\/div>\n\n\n\n<figure class=\"wp-block-image alignleft size-full is-resized is-style-rounded is-style-rounded--6\"><img loading=\"lazy\" decoding=\"async\" width=\"596\" height=\"395\" src=\"http:\/\/vettinggreen.eu\/wp-content\/uploads\/2025\/04\/newsletter2.png\" alt=\"\" class=\"wp-image-3364\" style=\"object-fit:cover;width:426px;height:200px\" srcset=\"https:\/\/vettinggreen.eu\/wp-content\/uploads\/2025\/04\/newsletter2.png 596w, https:\/\/vettinggreen.eu\/wp-content\/uploads\/2025\/04\/newsletter2-300x199.png 300w\" sizes=\"(max-width: 596px) 100vw, 596px\" \/><figcaption class=\"wp-element-caption\"><br><strong><strong><strong>BOLETIM INFORMATIVO<\/strong><\/strong> 2: <a href=\"http:\/\/vettinggreen.eu\/wp-content\/uploads\/2025\/04\/PT-VETting-Green-Newsletter-2-April-2025.pdf\" data-type=\"attachment\" data-id=\"1711\">DESCUBRA O CURSO DE FORMA\u00c7\u00c3O VETTING GREEN: ELEVE O SEU CONHECIMENTO EM SUSTENTABILIDADE!<\/a><\/strong><br>A segunda edi\u00e7\u00e3o da newsletter VETting Green foca-se no curso de forma\u00e7\u00e3o VETting Green, que estar\u00e1 em breve dispon\u00edvel gratuitamente no website do projeto. Destacamos tamb\u00e9m abordagens sustent\u00e1veis nos setores do cal\u00e7ado e t\u00eaxtil e as origens e o impacto do greenwashing.<\/figcaption><\/figure>\n\n\n\n<div style=\"height:var(--wp--preset--spacing--50)\" aria-hidden=\"true\" class=\"wp-block-spacer\"><\/div>\n\n\n\n<figure class=\"wp-block-image size-full is-resized is-style-rounded is-style-rounded--7\"><img decoding=\"async\" src=\"http:\/\/vettinggreen.eu\/wp-content\/uploads\/2026\/03\/branding-sustentavel-35.jpg\" alt=\"\" class=\"wp-image-9999\" style=\"object-fit:cover;width:426px;height:200px\"\/><figcaption class=\"wp-element-caption\"><br> <strong>NEWSLETTER 4:&nbsp;<a href=\"http:\/\/vettinggreen.eu\/wp-content\/uploads\/2026\/03\/PT-VETting-Green-Newsletter-4-March-2026.pdf\">Alargar o Impacto: Destaques dos Eventos de Dissemina\u00e7\u00e3o do Projeto VETting Green<\/a><\/strong><br> \u00c0 medida que o projeto VETting Green se aproxima da sua conclus\u00e3o, esta newsletter final destaca as principais conquistas e atividades que moldaram o seu impacto no setor do cal\u00e7ado europeu. Ao longo dos \u00faltimos meses, os parceiros desenvolveram ferramentas e recursos pr\u00e1ticos que apoiam a transi\u00e7\u00e3o para pr\u00e1ticas mais sustent\u00e1veis e transparentes. Desde o combate ao greenwashing at\u00e9 ao\nrefor\u00e7o das compet\u00eancias em sustentabilidade, o VETting Green contribuiu para dotar as empresas \u2014 particularmente as PME, os prestadores de EFP (Educa\u00e7\u00e3o e Forma\u00e7\u00e3o Profissional), estudantes e consumidores \u2014 com o conhecimento e a orienta\u00e7\u00e3o necess\u00e1rios para identificar e evitar alega\u00e7\u00f5es ambientais enganosas.<\/figcaption><\/figure>\n<\/div>\n\n\n\n<div class=\"wp-block-column is-layout-flow wp-container-core-column-is-layout-8a368f38 wp-block-column-is-layout-flow\">\n<div style=\"height:var(--wp--preset--spacing--50)\" aria-hidden=\"true\" class=\"wp-block-spacer\"><\/div>\n\n\n\n<figure class=\"wp-block-image alignleft size-full is-resized is-style-rounded is-style-rounded--8\"><img loading=\"lazy\" decoding=\"async\" width=\"442\" height=\"187\" src=\"https:\/\/vettinggreen.eu\/wp-content\/uploads\/2024\/10\/publicacion.png\" alt=\"\" class=\"wp-image-1657\" style=\"object-fit:cover;width:426px;height:200px\" srcset=\"https:\/\/vettinggreen.eu\/wp-content\/uploads\/2024\/10\/publicacion.png 442w, https:\/\/vettinggreen.eu\/wp-content\/uploads\/2024\/10\/publicacion-300x127.png 300w\" sizes=\"(max-width: 442px) 100vw, 442px\" \/><figcaption class=\"wp-element-caption\"><br><strong>BOLETIM INFORMATIVO 1: <a href=\"https:\/\/vettinggreen.eu\/wp-content\/uploads\/2024\/10\/PT-VETting-Green-Newsletter-1-Oct-2024.pdf\" data-type=\"attachment\" data-id=\"1697\">POL\u00cdTICAS DE SUSTENTABILIDADE QUE IMPACTAM AS IND\u00daSTRIAS DO CAL\u00c7ADO E DO VESTU\u00c1RIO<\/a><br><\/strong>A primeira edi\u00e7\u00e3o do boletim informativo VETting Green centra-se nas pol\u00edticas de sustentabilidade que afectam as ind\u00fastrias do cal\u00e7ado e do vestu\u00e1rio, resultados do nosso inqu\u00e9rito que investigou o grau de prepara\u00e7\u00e3o das empresas para a nova legisla\u00e7\u00e3o, o passaporte digital dos produtos e a sustentabilidade como uma quest\u00e3o dos direitos humanos.<\/figcaption><\/figure>\n\n\n\n<div style=\"height:var(--wp--preset--spacing--50)\" aria-hidden=\"true\" class=\"wp-block-spacer\"><\/div>\n\n\n\n<figure class=\"wp-block-image size-full is-style-rounded is-style-rounded--9\"><img decoding=\"async\" src=\"http:\/\/vettinggreen.eu\/wp-content\/uploads\/2025\/09\/newsletter3.png\" alt=\"\" class=\"wp-image-3365\" style=\"object-fit:cover\"\/><figcaption class=\"wp-element-caption\"><br> <strong>NEWSLETTER 3: <a href=\"http:\/\/vettinggreen.eu\/wp-content\/uploads\/2025\/09\/PT-VETting-Green-Newsletter-3-September-2025-1.pdf\" data-type=\"attachment\" data-id=\"1712\">Consumidores confusos: Querem sustentabilidade, mas s\u00e3o vitimas da desinforma\u00e7\u00e3o &#8220;verde&#8221;<\/a><\/strong><br> O terceiro n\u00famero da newsletter VETting Green aborda a desinforma\u00e7\u00e3o &#8216;verde&#8217; de que os consumidores s\u00e3o v\u00edtimas, o empoderamento da pr\u00f3xima gera\u00e7\u00e3o para promover o consumo \u00e9tico e a inova\u00e7\u00e3o dos componentes no cal\u00e7ado.<\/figcaption><\/figure>\n\n\n\n<div style=\"height:var(--wp--preset--spacing--50)\" aria-hidden=\"true\" class=\"wp-block-spacer\"><\/div>\n\n\n\n<figure class=\"wp-block-image size-full is-resized is-style-rounded is-style-rounded--10\"><img decoding=\"async\" src=\"http:\/\/vettinggreen.eu\/wp-content\/uploads\/2026\/03\/VETting-Green-multiplier-event-in-Portugal-scaled.jpg\" alt=\"\" class=\"wp-image-9998\" style=\"object-fit:cover;width:426px;height:200px\"\/><figcaption class=\"wp-element-caption\"><br>\n                    <strong><a href=\"http:\/\/vettinggreen.eu\/wp-content\/uploads\/2026\/03\/2026-03-PT-Press-Release-5.pdf\">Projeto VETting Green Capacita Ind\u00fastria e Consumidores para Reconhecer Alega\u00e7\u00f5es Ecol\u00f3gicas Enganosas<\/a><\/strong><br>\n                   Em mar\u00e7o de 2026, ap\u00f3s mais de dois anos de trabalho na sensibiliza\u00e7\u00e3o para o greenwashing \nnos setores do cal\u00e7ado e do vestu\u00e1rio, o projeto Erasmus+ VETting Green concluir\u00e1 a sua iniciativa. O projeto reuniu empresas, prestadores de educa\u00e7\u00e3o e forma\u00e7\u00e3o profissional (EFP), centros tecnol\u00f3gicos do cal\u00e7ado e representantes dos consumidores de Espanha, B\u00e9lgica, Portugal, It\u00e1lia e Gr\u00e9cia. \n                <\/figcaption><\/figure>\n<\/div>\n<\/div>\n<\/div>\n","protected":false},"excerpt":{"rendered":"","protected":false},"author":1,"featured_media":0,"parent":0,"menu_order":0,"comment_status":"closed","ping_status":"closed","template":"","meta":{"_monsterinsights_skip_tracking":false,"_monsterinsights_sitenote_active":false,"_monsterinsights_sitenote_note":"","_monsterinsights_sitenote_category":0,"footnotes":""},"class_list":["post-837","page","type-page","status-publish","hentry"],"jetpack_sharing_enabled":true,"_links":{"self":[{"href":"https:\/\/vettinggreen.eu\/pt-pt\/wp-json\/wp\/v2\/pages\/837","targetHints":{"allow":["GET"]}}],"collection":[{"href":"https:\/\/vettinggreen.eu\/pt-pt\/wp-json\/wp\/v2\/pages"}],"about":[{"href":"https:\/\/vettinggreen.eu\/pt-pt\/wp-json\/wp\/v2\/types\/page"}],"author":[{"embeddable":true,"href":"https:\/\/vettinggreen.eu\/pt-pt\/wp-json\/wp\/v2\/users\/1"}],"replies":[{"embeddable":true,"href":"https:\/\/vettinggreen.eu\/pt-pt\/wp-json\/wp\/v2\/comments?post=837"}],"version-history":[{"count":17,"href":"https:\/\/vettinggreen.eu\/pt-pt\/wp-json\/wp\/v2\/pages\/837\/revisions"}],"predecessor-version":[{"id":7370,"href":"https:\/\/vettinggreen.eu\/pt-pt\/wp-json\/wp\/v2\/pages\/837\/revisions\/7370"}],"wp:attachment":[{"href":"https:\/\/vettinggreen.eu\/pt-pt\/wp-json\/wp\/v2\/media?parent=837"}],"curies":[{"name":"wp","href":"https:\/\/api.w.org\/{rel}","templated":true}]}}