{"id":952,"date":"2024-04-16T10:06:18","date_gmt":"2024-04-16T08:06:18","guid":{"rendered":"http:\/\/vettinggreen.eu\/coordenador\/"},"modified":"2024-09-11T16:18:35","modified_gmt":"2024-09-11T14:18:35","slug":"coordenador","status":"publish","type":"page","link":"https:\/\/vettinggreen.eu\/pt-pt\/coordenador\/","title":{"rendered":"COORDENADOR"},"content":{"rendered":"\n<div class=\"wp-block-columns alignwide is-layout-flex wp-container-core-columns-is-layout-28f84493 wp-block-columns-is-layout-flex\">\n<div class=\"wp-block-column is-layout-flow wp-container-core-column-is-layout-a77db08e wp-block-column-is-layout-flow\">\n<div class=\"wp-block-columns is-layout-flex wp-container-core-columns-is-layout-28f84493 wp-block-columns-is-layout-flex\">\n<div class=\"wp-block-column is-layout-flow wp-block-column-is-layout-flow\" style=\"flex-basis:33.33%\">\n<figure class=\"wp-block-image size-full is-resized has-custom-border animacion-imagen\"><a href=\"https:\/\/www.ctcr.es\/es\/\"><img fetchpriority=\"high\" decoding=\"async\" width=\"976\" height=\"603\" src=\"http:\/\/vettinggreen.eu\/wp-content\/uploads\/2024\/05\/logo_CTCR_normal-5-3.jpg\" alt=\"\" class=\"has-border-color has-accent-5-border-color wp-image-307\" style=\"border-width:1px;box-shadow:var(--wp--preset--shadow--natural);width:418px;height:auto\"\/><\/a><\/figure>\n<\/div>\n\n\n\n<div class=\"wp-block-column is-layout-flow wp-block-column-is-layout-flow\" style=\"flex-basis:66.66%\">\n<p>O Centro Tecnol\u00f3gico do Cal\u00e7ado da Rioja (CTCR), localizado no Norte de Espanha, atua como uma hub para o setor do cal\u00e7ado na regi\u00e3o, proporcionando solu\u00e7\u00f5es inovadoras de investiga\u00e7\u00e3o e desenvolvimento \u00e0s suas empresas. O CTCR foi constitu\u00eddo como uma associa\u00e7\u00e3o privada sem fins lucrativos com o objetivo de aumentar a competitividade das empresas, criando valor acrescentado nos produtos e processos de produ\u00e7\u00e3o. <\/p>\n\n\n\n<p>O CTCR conta com mais de 120 parceiros e trabalha nas \u00e1reas de Sustentabilidade e Materiais Avan\u00e7ados, Transforma\u00e7\u00e3o Digital e Fabrica\u00e7\u00e3o Inteligente.<\/p>\n\n\n\n<div style=\"height:110px\" aria-hidden=\"true\" class=\"wp-block-spacer\"><\/div>\n<\/div>\n<\/div>\n<\/div>\n<\/div>\n\n<h1 class=\"wp-block-heading has-text-align-center\">PARCEIROS<\/h1>\n\n<div style=\"height:34px\" aria-hidden=\"true\" class=\"wp-block-spacer\"><\/div>\n\n<div class=\"wp-block-group alignwide has-global-padding is-layout-constrained wp-block-group-is-layout-constrained\">\n<div class=\"wp-block-columns alignwide are-vertically-aligned-center is-layout-flex wp-container-core-columns-is-layout-76136483 wp-block-columns-is-layout-flex\" style=\"margin-top:0;margin-bottom:0;padding-top:0;padding-right:0;padding-bottom:0;padding-left:0\">\n<div class=\"wp-block-column is-vertically-aligned-center is-layout-flow wp-block-column-is-layout-flow\">\n<div class=\"wp-block-columns is-layout-flex wp-container-core-columns-is-layout-28f84493 wp-block-columns-is-layout-flex\">\n<div class=\"wp-block-column is-layout-flow wp-block-column-is-layout-flow\" style=\"flex-basis:33.33%\">\n<figure class=\"wp-block-image size-full has-custom-border animacion-imagen\"><a href=\"http:\/\/cec-footwearindustry.eu\/\"><img decoding=\"async\" width=\"4606\" height=\"1772\" src=\"http:\/\/vettinggreen.eu\/wp-content\/uploads\/2024\/04\/logo_CEC-7.jpg\" alt=\"\" class=\"has-border-color has-accent-5-border-color wp-image-217\" style=\"border-width:1px;box-shadow:var(--wp--preset--shadow--natural)\"\/><\/a><\/figure>\n<\/div>\n\n\n\n<div class=\"wp-block-column is-layout-flow wp-block-column-is-layout-flow\" style=\"flex-basis:66.66%\">\n<p>A Confedera\u00e7\u00e3o Europeia do Cal\u00e7ado (CEC) \u00e9 o \u00f3rg\u00e3o representativo da ind\u00fastria europeia do cal\u00e7ado, reunindo as principais associa\u00e7\u00f5es do setor na Uni\u00e3o Europeia. Defende os interesses do setor a n\u00edvel europeu e internacional, com o objetivo de promover a competitividade e o crescimento sustent\u00e1vel das empresas de cal\u00e7ado em colabora\u00e7\u00e3o com representantes da ind\u00fastria, entidades de investiga\u00e7\u00e3o e forma\u00e7\u00e3o e autoridades p\u00fablicas. <\/p>\n\n\n\n<p>A CEC desempenha igualmente um papel em projetos da UE e iniciativas internacionais, atuando como facilitadora para refor\u00e7ar a colabora\u00e7\u00e3o e sinergias dentro e fora da Europa.<\/p>\n\n\n\n<div style=\"height:38px\" aria-hidden=\"true\" class=\"wp-block-spacer\"><\/div>\n<\/div>\n<\/div>\n\n\n\n<div class=\"wp-block-columns is-layout-flex wp-container-core-columns-is-layout-28f84493 wp-block-columns-is-layout-flex\">\n<div class=\"wp-block-column is-layout-flow wp-block-column-is-layout-flow\" style=\"flex-basis:33.33%\">\n<figure class=\"wp-block-image size-full is-resized has-custom-border animacion-imagen\"><a href=\"https:\/\/www.neo-sapiens.com\/\"><img decoding=\"async\" width=\"2298\" height=\"940\" src=\"http:\/\/vettinggreen.eu\/wp-content\/uploads\/2024\/04\/logo_alta_verde_estrechoalto.jpg\" alt=\"\" class=\"has-border-color has-accent-5-border-color wp-image-222\" style=\"border-width:1px;box-shadow:var(--wp--preset--shadow--natural);width:406px;height:auto\"\/><\/a><\/figure>\n<\/div>\n\n\n\n<div class=\"wp-block-column is-layout-flow wp-block-column-is-layout-flow\" style=\"flex-basis:66.66%\">\n<p>A NEO SAPIENS \u00e9 uma entidade social europeia de mobilidade e forma\u00e7\u00e3o cujo objetivo principal \u00e9 o desenho, gest\u00e3o e implementa\u00e7\u00e3o de projetos de educa\u00e7\u00e3o, forma\u00e7\u00e3o, entretenimento, cultura e mobilidade transnacional, bem como iniciativas locais para promover oportunidades de forma\u00e7\u00e3o em educa\u00e7\u00e3o n\u00e3o formal e interculturalidade. Oferece servi\u00e7os a ONG e centros de educa\u00e7\u00e3o focados na implementa\u00e7\u00e3o deste tipo de atividades e no desenvolvimento de materiais pedag\u00f3gicos e de aprendizagem relacionados com as mesmas. <\/p>\n\n\n\n<div style=\"height:64px\" aria-hidden=\"true\" class=\"wp-block-spacer\"><\/div>\n<\/div>\n<\/div>\n\n\n\n<div class=\"wp-block-columns is-layout-flex wp-container-core-columns-is-layout-28f84493 wp-block-columns-is-layout-flex\">\n<div class=\"wp-block-column is-layout-flow wp-block-column-is-layout-flow\" style=\"flex-basis:33.33%\">\n<figure class=\"wp-block-image size-full is-resized has-custom-border animacion-imagen\"><a href=\"https:\/\/www.ekpizo.gr\/en\"><img loading=\"lazy\" decoding=\"async\" width=\"451\" height=\"123\" src=\"http:\/\/vettinggreen.eu\/wp-content\/uploads\/2024\/04\/turco-1.png\" alt=\"\" class=\"has-border-color has-accent-5-border-color wp-image-211\" style=\"border-width:1px;box-shadow:var(--wp--preset--shadow--natural);width:409px;height:auto\"\/><\/a><\/figure>\n<\/div>\n\n\n\n<div class=\"wp-block-column is-layout-flow wp-block-column-is-layout-flow\" style=\"flex-basis:66.66%\">\n<p>A \u201cAssocia\u00e7\u00e3o de Consumidores A Qualidade de Vida\u201d (EKPIZO) tem como objetivo proteger os direitos dos consumidores e melhorar a sua qualidade de vida. A EKPIZO aconselha e informa os consumidores sobre os seus direitos e interv\u00e9m em seu nome tanto dentro como fora do tribunal. As suas \u00e1reas de atua\u00e7\u00e3o incluem quest\u00f5es jur\u00eddicas, econ\u00f3micas, financeiras, de seguros, sa\u00fade, alimenta\u00e7\u00e3o, ambiente, seguran\u00e7a e educa\u00e7\u00e3o do consumidor. Atrav\u00e9s de campanhas, inqu\u00e9ritos e projetos nacionais e europeus, a EKPIZO contribui para fortalecer a voz dos consumidores e promover a responsabilidade social.   <\/p>\n\n\n\n<div style=\"height:18px\" aria-hidden=\"true\" class=\"wp-block-spacer\"><\/div>\n<\/div>\n<\/div>\n\n\n\n<div class=\"wp-block-columns is-layout-flex wp-container-core-columns-is-layout-28f84493 wp-block-columns-is-layout-flex\">\n<div class=\"wp-block-column is-layout-flow wp-block-column-is-layout-flow\" style=\"flex-basis:33.33%\">\n<figure class=\"wp-block-image size-full has-custom-border animacion-imagen\"><a href=\"https:\/\/politecnicocalzaturiero.it\/\"><img loading=\"lazy\" decoding=\"async\" width=\"1029\" height=\"249\" src=\"http:\/\/vettinggreen.eu\/wp-content\/uploads\/2024\/04\/logo-laterale-7.png\" alt=\"\" class=\"has-border-color has-accent-5-border-color wp-image-210\" style=\"border-width:1px;box-shadow:var(--wp--preset--shadow--natural)\"\/><\/a><\/figure>\n<\/div>\n\n\n\n<div class=\"wp-block-column is-layout-flow wp-block-column-is-layout-flow\" style=\"flex-basis:66.66%\">\n<p>O Politecnico Calzaturiero Scarl \u00e9 a principal estrutura de forma\u00e7\u00e3o, servi\u00e7os e transfer\u00eancia tecnol\u00f3gica do Distrito do Cal\u00e7ado da Riviera del Brenta, onde s\u00e3o projetados, fabricados \u00e9 produzido cal\u00e7ado de excel\u00eancia.<\/p>\n\n\n\n<p>A rela\u00e7\u00e3o embrion\u00e1ria entre o Politecnico e as empresas da Riviera del Brenta, o envolvimento de especialistas e formadores provenientes das f\u00e1bricas mais conhecidas, a rede internacional de escolas e centros de investiga\u00e7\u00e3o: isto \u00e9 o que faz do Politecnico Calzaturiero uma fonte fundamental de desenvolvimento de talento no distrito.<\/p>\n\n\n\n<div style=\"height:59px\" aria-hidden=\"true\" class=\"wp-block-spacer\"><\/div>\n<\/div>\n<\/div>\n\n\n\n<div class=\"wp-block-columns is-layout-flex wp-container-core-columns-is-layout-28f84493 wp-block-columns-is-layout-flex\">\n<div class=\"wp-block-column is-layout-flow wp-block-column-is-layout-flow\" style=\"flex-basis:33.33%\">\n<figure class=\"wp-block-image size-full is-resized has-custom-border animacion-imagen\"><a href=\"https:\/\/www.ctcp.pt\/\"><img loading=\"lazy\" decoding=\"async\" width=\"1080\" height=\"295\" src=\"http:\/\/vettinggreen.eu\/wp-content\/uploads\/2024\/04\/logo_CTCP_verde_h.jpg\" alt=\"\" class=\"has-border-color has-accent-5-border-color wp-image-212\" style=\"border-width:1px;box-shadow:var(--wp--preset--shadow--natural);width:408px;height:auto\"\/><\/a><\/figure>\n<\/div>\n\n\n\n<div class=\"wp-block-column is-layout-flow wp-block-column-is-layout-flow\" style=\"flex-basis:66.66%\">\n<p>O CTCP &#8211; Centro Tecnol\u00f3gico do Cal\u00e7ado de Portugal &#8211; \u00e9 uma organiza\u00e7\u00e3o privada sem fins lucrativos, fundada em 1986, com instala\u00e7\u00f5es no Norte de Portugal, pr\u00f3ximo das principais zonas industriais do cal\u00e7ado. O CTCP tem como objetivo apoiar todas as empresas do Cluster Portugu\u00eas do Cal\u00e7ado e Moda em diversas \u00e1reas relacionadas com a sua competitividade, incluindo Controlo de Qualidade, Consultoria, Forma\u00e7\u00e3o, Marketing e Promo\u00e7\u00e3o, Investiga\u00e7\u00e3o e Desenvolvimento, Sa\u00fade e Seguran\u00e7a, Ambiente, Intelig\u00eancia de Mercado, Estudos e Investiga\u00e7\u00e3o. <\/p>\n\n\n\n<div style=\"height:38px\" aria-hidden=\"true\" class=\"wp-block-spacer\"><\/div>\n<\/div>\n<\/div>\n<\/div>\n<\/div>\n<\/div>\n\n<div style=\"height:48px\" aria-hidden=\"true\" class=\"wp-block-spacer\"><\/div>\n\n<p><\/p>\n","protected":false},"excerpt":{"rendered":"<p>O Centro Tecnol\u00f3gico do Cal\u00e7ado da Rioja (CTCR), localizado no Norte de Espanha, atua como uma hub para o setor [&hellip;]<\/p>\n","protected":false},"author":1,"featured_media":0,"parent":0,"menu_order":0,"comment_status":"closed","ping_status":"closed","template":"","meta":{"_monsterinsights_skip_tracking":false,"_monsterinsights_sitenote_active":false,"_monsterinsights_sitenote_note":"","_monsterinsights_sitenote_category":0,"footnotes":""},"class_list":["post-952","page","type-page","status-publish","hentry"],"jetpack_sharing_enabled":true,"_links":{"self":[{"href":"https:\/\/vettinggreen.eu\/pt-pt\/wp-json\/wp\/v2\/pages\/952","targetHints":{"allow":["GET"]}}],"collection":[{"href":"https:\/\/vettinggreen.eu\/pt-pt\/wp-json\/wp\/v2\/pages"}],"about":[{"href":"https:\/\/vettinggreen.eu\/pt-pt\/wp-json\/wp\/v2\/types\/page"}],"author":[{"embeddable":true,"href":"https:\/\/vettinggreen.eu\/pt-pt\/wp-json\/wp\/v2\/users\/1"}],"replies":[{"embeddable":true,"href":"https:\/\/vettinggreen.eu\/pt-pt\/wp-json\/wp\/v2\/comments?post=952"}],"version-history":[{"count":2,"href":"https:\/\/vettinggreen.eu\/pt-pt\/wp-json\/wp\/v2\/pages\/952\/revisions"}],"predecessor-version":[{"id":1158,"href":"https:\/\/vettinggreen.eu\/pt-pt\/wp-json\/wp\/v2\/pages\/952\/revisions\/1158"}],"wp:attachment":[{"href":"https:\/\/vettinggreen.eu\/pt-pt\/wp-json\/wp\/v2\/media?parent=952"}],"curies":[{"name":"wp","href":"https:\/\/api.w.org\/{rel}","templated":true}]}}